{"id":97830,"date":"2025-05-28T12:08:27","date_gmt":"2025-05-28T11:08:27","guid":{"rendered":"https:\/\/scramblestuff.com\/eu\/p\/sukajan-shorts\/"},"modified":"2026-02-24T00:10:49","modified_gmt":"2026-02-24T00:10:49","slug":"sukajan-shorts","status":"publish","type":"product","link":"https:\/\/scramblestuff.com\/eu\/de\/p\/sukajan-shorts\/","title":{"rendered":"Sukajan Shorts"},"content":{"rendered":"<p>Dieses leuchtende, k\u00fchne und farbenfrohe Nogi-Grappling-Set wurde von dem talentierten Kieran Hoohar, einem T\u00e4towierer und Jiujitsu-Enthusiasten aus London, entworfen. Die Illustrationen bestehen aus beliebten Tattoo-Illustrationen von Tigern und Schlangen, Jaguaren und Adlern, die alle in Kierans unverkennbarem Stil gestaltet sind. Die Rashguards gibt es in einer lang- und einer kurz\u00e4rmeligen Version (die lang\u00e4rmelige Version ist zeitlich exklusiv f\u00fcr die USA) und wir haben auch Grappling Shorts und lange Spats (die Grappling Spats sind zeitlich exklusiv f\u00fcr die USA).  <\/p>\n<p>Hergestellt aus hochwertigen Stoffmischungen, mit der gr\u00f6\u00dftm\u00f6glichen Aufmerksamkeit f\u00fcr Details und Qualit\u00e4tskontrolle, und mit unserer charakteristischen Passform und Haptik.<\/p>\n","protected":false},"excerpt":{"rendered":"<p>Exklusive Zusammenarbeit mit Kieran Hoohar (Tattoo)<\/p>\n<p>Mutiger und farbenfroher Sublimationsdruck<\/p>\n<p>Limited Edition Collaboration<\/p>\n","protected":false},"featured_media":95689,"comment_status":"open","ping_status":"closed","template":"","meta":{"_editorskit_title_hidden":false,"_editorskit_reading_time":0,"_editorskit_is_block_options_detached":false,"_editorskit_block_options_position":"{}"},"product_brand":[600],"product_cat":[185,410,213,231],"product_tag":[1126],"giftcard-category":[],"class_list":{"0":"post-97830","1":"product","2":"type-product","3":"status-publish","4":"has-post-thumbnail","6":"product_brand-scramble","7":"product_cat-alle-produkte","8":"product_cat-grappling-shorts-de","9":"product_cat-kampfwear","10":"product_cat-verkauf","11":"product_tag-sukajan-de","13":"first","14":"instock","15":"sale","16":"taxable","17":"shipping-taxable","18":"purchasable","19":"product-type-variable"},"_links":{"self":[{"href":"https:\/\/scramblestuff.com\/eu\/de\/wp-json\/wp\/v2\/product\/97830","targetHints":{"allow":["GET"]}}],"collection":[{"href":"https:\/\/scramblestuff.com\/eu\/de\/wp-json\/wp\/v2\/product"}],"about":[{"href":"https:\/\/scramblestuff.com\/eu\/de\/wp-json\/wp\/v2\/types\/product"}],"replies":[{"embeddable":true,"href":"https:\/\/scramblestuff.com\/eu\/de\/wp-json\/wp\/v2\/comments?post=97830"}],"wp:featuredmedia":[{"embeddable":true,"href":"https:\/\/scramblestuff.com\/eu\/de\/wp-json\/wp\/v2\/media\/95689"}],"wp:attachment":[{"href":"https:\/\/scramblestuff.com\/eu\/de\/wp-json\/wp\/v2\/media?parent=97830"}],"wp:term":[{"taxonomy":"product_brand","embeddable":true,"href":"https:\/\/scramblestuff.com\/eu\/de\/wp-json\/wp\/v2\/product_brand?post=97830"},{"taxonomy":"product_cat","embeddable":true,"href":"https:\/\/scramblestuff.com\/eu\/de\/wp-json\/wp\/v2\/product_cat?post=97830"},{"taxonomy":"product_tag","embeddable":true,"href":"https:\/\/scramblestuff.com\/eu\/de\/wp-json\/wp\/v2\/product_tag?post=97830"},{"taxonomy":"giftcard-category","embeddable":true,"href":"https:\/\/scramblestuff.com\/eu\/de\/wp-json\/wp\/v2\/giftcard-category?post=97830"}],"curies":[{"name":"wp","href":"https:\/\/api.w.org\/{rel}","templated":true}]}}