{"id":97844,"date":"2025-07-23T16:02:58","date_gmt":"2025-07-23T15:02:58","guid":{"rendered":"https:\/\/scramblestuff.com\/eu\/p\/vale-tudo-t-shirt-langarm-schwarz\/"},"modified":"2025-10-08T09:24:33","modified_gmt":"2025-10-08T08:24:33","slug":"vale-tudo-t-shirt-langarm-schwarz","status":"publish","type":"product","link":"https:\/\/scramblestuff.com\/eu\/de\/p\/vale-tudo-t-shirt-langarm-schwarz\/","title":{"rendered":"Vale Tudo T-Shirt Langarm &#8211; Schwarz"},"content":{"rendered":"<p>Die Sommerkollektion 2025 von Scramble ist eine grafische T-Shirt-Kollektion mit k\u00fchnen, einfachen Designs und Drucken.<\/p>\n<p>Die Scramble Never Die T-Shirts sind von der gr\u00f6\u00dften MMA-Organisation inspiriert, die es je gegeben hat, Pride Fighting Championships. &#8222;Pride Never Die&#8220; war ein Refrain, der von der Organisation gepr\u00e4gt wurde, ironischerweise nicht lange bevor sie sich aufl\u00f6ste.  &#8222;Pride Never Die&#8220; wurde jedoch zu einem Begriff, der mit dem Kampfgeist aus den glorreichen Tagen des MMA assoziiert wird und heute mit warmen, wohligen Erinnerungen an einige der gr\u00f6\u00dften Kampfspektakel aller Zeiten verbunden ist. Daher: Scramble Never Die. <\/p>\n<p>Die Vale Tudo-Sets sind von der Streetwear-Typografie inspirierte T-Shirts mit langen und kurzen \u00c4rmeln, ebenfalls in einer schwereren, \u00fcbergro\u00dfen Passform.<\/p>\n","protected":false},"excerpt":{"rendered":"<p>Lang\u00e4rmeliges Grafik-T-Shirt<\/p>\n<p>Hochwertige, \u00fcbergro\u00dfe Passform<\/p>\n<p>Feinste Materialien &amp; Drucke<\/p>\n","protected":false},"featured_media":96966,"comment_status":"open","ping_status":"closed","template":"","meta":{"_editorskit_title_hidden":false,"_editorskit_reading_time":0,"_editorskit_is_block_options_detached":false,"_editorskit_block_options_position":"{}"},"product_brand":[],"product_cat":[185,189,209,231],"product_tag":[],"giftcard-category":[],"class_list":{"0":"post-97844","1":"product","2":"type-product","3":"status-publish","4":"has-post-thumbnail","6":"product_cat-alle-produkte","7":"product_cat-freizeitkleidung","8":"product_cat-t-shirts-de","9":"product_cat-verkauf","11":"first","12":"instock","13":"sale","14":"taxable","15":"shipping-taxable","16":"purchasable","17":"product-type-variable"},"_links":{"self":[{"href":"https:\/\/scramblestuff.com\/eu\/de\/wp-json\/wp\/v2\/product\/97844","targetHints":{"allow":["GET"]}}],"collection":[{"href":"https:\/\/scramblestuff.com\/eu\/de\/wp-json\/wp\/v2\/product"}],"about":[{"href":"https:\/\/scramblestuff.com\/eu\/de\/wp-json\/wp\/v2\/types\/product"}],"replies":[{"embeddable":true,"href":"https:\/\/scramblestuff.com\/eu\/de\/wp-json\/wp\/v2\/comments?post=97844"}],"wp:featuredmedia":[{"embeddable":true,"href":"https:\/\/scramblestuff.com\/eu\/de\/wp-json\/wp\/v2\/media\/96966"}],"wp:attachment":[{"href":"https:\/\/scramblestuff.com\/eu\/de\/wp-json\/wp\/v2\/media?parent=97844"}],"wp:term":[{"taxonomy":"product_brand","embeddable":true,"href":"https:\/\/scramblestuff.com\/eu\/de\/wp-json\/wp\/v2\/product_brand?post=97844"},{"taxonomy":"product_cat","embeddable":true,"href":"https:\/\/scramblestuff.com\/eu\/de\/wp-json\/wp\/v2\/product_cat?post=97844"},{"taxonomy":"product_tag","embeddable":true,"href":"https:\/\/scramblestuff.com\/eu\/de\/wp-json\/wp\/v2\/product_tag?post=97844"},{"taxonomy":"giftcard-category","embeddable":true,"href":"https:\/\/scramblestuff.com\/eu\/de\/wp-json\/wp\/v2\/giftcard-category?post=97844"}],"curies":[{"name":"wp","href":"https:\/\/api.w.org\/{rel}","templated":true}]}}