{"id":78944,"date":"2021-03-05T10:52:13","date_gmt":"2021-03-05T10:52:13","guid":{"rendered":"https:\/\/scramblestuff.com\/eu\/eu-shipping-information\/"},"modified":"2023-11-09T11:04:47","modified_gmt":"2023-11-09T11:04:47","slug":"eu-shipping-information","status":"publish","type":"page","link":"https:\/\/scramblestuff.com\/eu\/es\/eu-shipping-information\/","title":{"rendered":"INFORMACI\u00d3N DE ENV\u00cdO EN LA UE"},"content":{"rendered":"\n<h4 class=\"wp-block-heading\">ENV\u00cdO<\/h4>\n\n<p>Los pedidos realizados antes de las 12 p. m. (hora del Reino Unido) se enviar\u00e1n el mismo d\u00eda.<\/p>\n\n<p>Los pedidos realizados despu\u00e9s de las 12 p. m. del viernes (hora del Reino Unido) se enviar\u00e1n el siguiente lunes.<\/p>\n\n<p>Ten en cuenta que estamos experimentando retrasos en todos los servicios de env\u00edo debido a la pandemia de Coronavirus en curso.<\/p>\n\n<p><em>Env\u00edo de FedEx<\/em><\/p>\n\n<p>Los pedidos enviados a trav\u00e9s de FedEx suelen entregarse en 1 a 4 d\u00edas, seg\u00fan tu ubicaci\u00f3n.<\/p>\n\n<p>Recibir\u00e1s un correo electr\u00f3nico de confirmaci\u00f3n con tu n\u00famero de seguimiento y un enlace al sitio web de FedEx. Desde all\u00ed, tendr\u00e1s la opci\u00f3n de suscribirte a actualizaciones de estado directas.<\/p>\n\n<p><em>Correo Internacional<\/em><\/p>\n\n<p>Los pedidos enviados a trav\u00e9s del Correo Internacional aprovechan los servicios postales nacionales. Royal Mail gestionar\u00e1 tu env\u00edo inicialmente antes de entreg\u00e1rselo a tu servicio postal local (por ejemplo, Deutche Post, La Poste, Correos), donde podr\u00e1s continuar siguiendo tu paquete hasta la entrega. Los tiempos de entrega t\u00edpicos var\u00edan de 3 a 5 d\u00edas h\u00e1biles seg\u00fan tu ubicaci\u00f3n, pero pueden tardar hasta 3 semanas completas en recibirse desde la fecha de env\u00edo.<\/p>\n\n<h4 class=\"wp-block-heading\">IMPUESTOS<\/h4>\n\n<p>Los pedidos se env\u00edan desde nuestro almac\u00e9n en el Reino Unido. Scramble Sports LTD tiene domicilio en el Reino Unido pero est\u00e1 registrado para el IVA en la UE. Todos los precios de la tienda incluyen el IVA, que recogemos en tu nombre y pagamos a las autoridades relevantes. No tendr\u00e1s que pagar ning\u00fan IVA o arancel de importaci\u00f3n adicional para recibir tus productos. Si se te piden impuestos o tasas adicionales, por favor, cont\u00e1ctanos en <strong>help@scramblestuff.com<\/strong> con los detalles y te ayudaremos a resolver esto.<\/p>\n\n<h4 class=\"wp-block-heading\">DEVOLUCIONES<\/h4>\n\n<p>Si no est\u00e1s completamente satisfecho con tu compra, simplemente devuelve los art\u00edculos en su estado original en un plazo de 28 d\u00edas desde la recepci\u00f3n. Puedes ponerte en contacto con nosotros en <strong>help@scramblestuff.com<\/strong> y te enviaremos un formulario de devoluci\u00f3n y detalles sobre c\u00f3mo enviar tu art\u00edculo.<\/p>\n\n<p>Ten en cuenta que, por razones de higiene, no podemos ofrecer reembolsos por nuestros productos si han sido usados o utilizados para el entrenamiento. Esto no afecta a tus derechos legales. Los art\u00edculos deben ser devueltos, siempre que sea posible, en su embalaje original con cualquier documentaci\u00f3n adjunta y un formulario de devoluci\u00f3n completo. Es muy importante que cuando devuelvas un art\u00edculo, tengamos el n\u00famero de pedido al que se refiere, tus datos y si deseas un reembolso o un reemplazo. Sin estos detalles, no podremos tomar la acci\u00f3n que requieres, as\u00ed que completa el formulario de devoluci\u00f3n en la medida de lo posible.<\/p>\n\n<p>Te pedimos que cuides razonablemente de los productos que compres mientras est\u00e9n en tu posesi\u00f3n. Esto significa que puedes inspeccionar y probar los productos en cuanto a talla y ajuste, pero no debes quitar las etiquetas de ning\u00fan art\u00edculo y debes conservar el embalaje original. Los productos no deben estar sucios, rotos o da\u00f1ados.<\/p>\n\n<p>Cumplimos con todas las leyes nacionales e internacionales en relaci\u00f3n con las devoluciones.<\/p>\n\n<p>Por favor, env\u00edanos un correo electr\u00f3nico a <strong>help@scramblestuff.com<\/strong> con cualquier consulta sobre devoluciones.<\/p>\n","protected":false},"excerpt":{"rendered":"<p>ENV\u00cdO Los pedidos realizados antes de las 12 p. m. (hora del Reino Unido) se enviar\u00e1n el mismo d\u00eda. Los pedidos realizados despu\u00e9s de las 12 p. m. del viernes (hora del Reino Unido) se enviar\u00e1n el siguiente lunes. Ten en cuenta que estamos experimentando retrasos en todos los servicios de env\u00edo debido a la<\/p>\n<div><a class=\"btn-filled btn\" href=\"https:\/\/scramblestuff.com\/eu\/es\/eu-shipping-information\/\" title=\"INFORMACI\u00d3N DE ENV\u00cdO EN LA UE\">Leer m\u00e1s<\/a><\/div>\n","protected":false},"author":1,"featured_media":0,"parent":0,"menu_order":0,"comment_status":"closed","ping_status":"closed","template":"page-templates\/no-sidebar.php","meta":{"_editorskit_title_hidden":false,"_editorskit_reading_time":0,"_editorskit_is_block_options_detached":false,"_editorskit_block_options_position":"{}","footnotes":""},"class_list":["post-78944","page","type-page","status-publish","hentry"],"_links":{"self":[{"href":"https:\/\/scramblestuff.com\/eu\/es\/wp-json\/wp\/v2\/pages\/78944","targetHints":{"allow":["GET"]}}],"collection":[{"href":"https:\/\/scramblestuff.com\/eu\/es\/wp-json\/wp\/v2\/pages"}],"about":[{"href":"https:\/\/scramblestuff.com\/eu\/es\/wp-json\/wp\/v2\/types\/page"}],"author":[{"embeddable":true,"href":"https:\/\/scramblestuff.com\/eu\/es\/wp-json\/wp\/v2\/users\/1"}],"replies":[{"embeddable":true,"href":"https:\/\/scramblestuff.com\/eu\/es\/wp-json\/wp\/v2\/comments?post=78944"}],"version-history":[{"count":3,"href":"https:\/\/scramblestuff.com\/eu\/es\/wp-json\/wp\/v2\/pages\/78944\/revisions"}],"predecessor-version":[{"id":79333,"href":"https:\/\/scramblestuff.com\/eu\/es\/wp-json\/wp\/v2\/pages\/78944\/revisions\/79333"}],"wp:attachment":[{"href":"https:\/\/scramblestuff.com\/eu\/es\/wp-json\/wp\/v2\/media?parent=78944"}],"curies":[{"name":"wp","href":"https:\/\/api.w.org\/{rel}","templated":true}]}}