{"id":71012,"date":"2022-07-07T14:27:31","date_gmt":"2022-07-07T13:27:31","guid":{"rendered":"https:\/\/scramblestuff.com\/eu\/p\/scramble-base-k-female-gi-black\/"},"modified":"2022-10-07T16:44:23","modified_gmt":"2022-10-07T15:44:23","slug":"scramble-base-k-female-gi-black","status":"publish","type":"product","link":"https:\/\/scramblestuff.com\/eu\/es\/p\/scramble-base-k-female-gi-black\/","title":{"rendered":"Scramble Base-K Female Gi Black"},"content":{"rendered":"<p>Nuestro Base-K es la culminaci\u00f3n de casi 12 a\u00f1os en la industria del jiujitsu. Un estilo limpio y refinado, por decir poco, que te permite personalizar tu gi a tu gusto. Nuestro logo Scramble, despu\u00e9s de m\u00e1s de una d\u00e9cada en el deporte, ha adquirido un importante significado, por lo cual hemos limitado el n\u00famero de decoraciones a unas pocas inscripciones del logo en s\u00ed.<\/p>\n<p>Dejando las decoraciones innecesarias a un lado podemos ofrecer precios m\u00e1s bajos que los gis de nuestro buque insignia y as\u00ed mantenemos toda nuestra concentraci\u00f3n en la calidad. Los materiales, el ajuste y el acabado hablan por s\u00ed solos.<\/p>\n<p>Los pantalones tienen nuestro logo SK (Scramble Kimono) bordado directamente.<\/p>\n","protected":false},"excerpt":{"rendered":"<p>Limpio, simple y de gran calidad<br \/>\nParte superior de 450 g\/m\u00b2, pantalones antidesgarros de peso medio<br \/>\nPerfecto para entrenamiento y competiciones<\/p>\n","protected":false},"featured_media":90052,"comment_status":"open","ping_status":"closed","template":"","meta":{"_editorskit_title_hidden":false,"_editorskit_reading_time":0,"_editorskit_is_block_options_detached":false,"_editorskit_block_options_position":"{}"},"product_brand":[],"product_cat":[243,186,232],"product_tag":[],"giftcard-category":[],"class_list":{"0":"post-71012","1":"product","2":"type-product","3":"status-publish","4":"has-post-thumbnail","6":"product_cat-de-las-mujeres-bjj-gi","7":"product_cat-todos-los-productos","8":"product_cat-venta","10":"first","11":"outofstock","12":"taxable","13":"shipping-taxable","14":"product-type-variable"},"_links":{"self":[{"href":"https:\/\/scramblestuff.com\/eu\/es\/wp-json\/wp\/v2\/product\/71012","targetHints":{"allow":["GET"]}}],"collection":[{"href":"https:\/\/scramblestuff.com\/eu\/es\/wp-json\/wp\/v2\/product"}],"about":[{"href":"https:\/\/scramblestuff.com\/eu\/es\/wp-json\/wp\/v2\/types\/product"}],"replies":[{"embeddable":true,"href":"https:\/\/scramblestuff.com\/eu\/es\/wp-json\/wp\/v2\/comments?post=71012"}],"wp:featuredmedia":[{"embeddable":true,"href":"https:\/\/scramblestuff.com\/eu\/es\/wp-json\/wp\/v2\/media\/90052"}],"wp:attachment":[{"href":"https:\/\/scramblestuff.com\/eu\/es\/wp-json\/wp\/v2\/media?parent=71012"}],"wp:term":[{"taxonomy":"product_brand","embeddable":true,"href":"https:\/\/scramblestuff.com\/eu\/es\/wp-json\/wp\/v2\/product_brand?post=71012"},{"taxonomy":"product_cat","embeddable":true,"href":"https:\/\/scramblestuff.com\/eu\/es\/wp-json\/wp\/v2\/product_cat?post=71012"},{"taxonomy":"product_tag","embeddable":true,"href":"https:\/\/scramblestuff.com\/eu\/es\/wp-json\/wp\/v2\/product_tag?post=71012"},{"taxonomy":"giftcard-category","embeddable":true,"href":"https:\/\/scramblestuff.com\/eu\/es\/wp-json\/wp\/v2\/giftcard-category?post=71012"}],"curies":[{"name":"wp","href":"https:\/\/api.w.org\/{rel}","templated":true}]}}