{"id":71118,"date":"2022-02-02T10:28:33","date_gmt":"2022-10-04T15:12:23","guid":{"rendered":"https:\/\/scramblestuff.com\/eu\/p\/scramble-base-tee-green\/"},"modified":"2023-01-31T11:38:49","modified_gmt":"2023-01-31T11:38:49","slug":"scramble-base-tee-green","status":"publish","type":"product","link":"https:\/\/scramblestuff.com\/eu\/es\/p\/scramble-base-tee-green\/","title":{"rendered":"Scramble Base Tee &#8211; Green"},"content":{"rendered":"<p>Nuestras camisetas est\u00e1n hechas de algod\u00f3n suave y org\u00e1nico, de la m\u00e1s alta calidad, y tienen un ajuste regular. Si requiere un ajuste m\u00e1s relajado o suelto, solicite una talla m\u00e1s grande. Las camisetas presentan simplemente un logotipo de Scramble y el a\u00f1o en que apareci\u00f3 la marca por primera vez, all\u00e1 por 2009.<\/p>\n","protected":false},"excerpt":{"rendered":"<p>Algod\u00f3n org\u00e1nico de m\u00e1xima calidad<br \/>\nTama\u00f1o regular \u2013 solicite una talla m\u00e1s grande para un ajuste m\u00e1s relajado<br \/>\nSimple es mejor<\/p>\n","protected":false},"featured_media":68985,"comment_status":"open","ping_status":"closed","template":"","meta":{"_editorskit_title_hidden":false,"_editorskit_reading_time":0,"_editorskit_is_block_options_detached":false,"_editorskit_block_options_position":"{}"},"product_brand":[],"product_cat":[210,190,27,186,232],"product_tag":[],"giftcard-category":[],"class_list":{"0":"post-71118","1":"product","2":"type-product","3":"status-publish","4":"has-post-thumbnail","6":"product_cat-camisetas","7":"product_cat-ropa-casual","8":"product_cat-sale","9":"product_cat-todos-los-productos","10":"product_cat-venta","12":"first","13":"outofstock","14":"taxable","15":"shipping-taxable","16":"purchasable","17":"product-type-variable"},"_links":{"self":[{"href":"https:\/\/scramblestuff.com\/eu\/es\/wp-json\/wp\/v2\/product\/71118","targetHints":{"allow":["GET"]}}],"collection":[{"href":"https:\/\/scramblestuff.com\/eu\/es\/wp-json\/wp\/v2\/product"}],"about":[{"href":"https:\/\/scramblestuff.com\/eu\/es\/wp-json\/wp\/v2\/types\/product"}],"replies":[{"embeddable":true,"href":"https:\/\/scramblestuff.com\/eu\/es\/wp-json\/wp\/v2\/comments?post=71118"}],"wp:featuredmedia":[{"embeddable":true,"href":"https:\/\/scramblestuff.com\/eu\/es\/wp-json\/wp\/v2\/media\/68985"}],"wp:attachment":[{"href":"https:\/\/scramblestuff.com\/eu\/es\/wp-json\/wp\/v2\/media?parent=71118"}],"wp:term":[{"taxonomy":"product_brand","embeddable":true,"href":"https:\/\/scramblestuff.com\/eu\/es\/wp-json\/wp\/v2\/product_brand?post=71118"},{"taxonomy":"product_cat","embeddable":true,"href":"https:\/\/scramblestuff.com\/eu\/es\/wp-json\/wp\/v2\/product_cat?post=71118"},{"taxonomy":"product_tag","embeddable":true,"href":"https:\/\/scramblestuff.com\/eu\/es\/wp-json\/wp\/v2\/product_tag?post=71118"},{"taxonomy":"giftcard-category","embeddable":true,"href":"https:\/\/scramblestuff.com\/eu\/es\/wp-json\/wp\/v2\/giftcard-category?post=71118"}],"curies":[{"name":"wp","href":"https:\/\/api.w.org\/{rel}","templated":true}]}}