{"id":71150,"date":"2022-02-15T16:17:14","date_gmt":"2022-10-06T13:48:22","guid":{"rendered":"https:\/\/scramblestuff.com\/eu\/p\/scramble-imanari-zen-master-tee\/"},"modified":"2023-07-14T10:46:22","modified_gmt":"2023-07-14T09:46:22","slug":"scramble-imanari-zen-master-tee","status":"publish","type":"product","link":"https:\/\/scramblestuff.com\/eu\/es\/p\/scramble-imanari-zen-master-tee\/","title":{"rendered":"Scramble Imanari Zen Master Tee"},"content":{"rendered":"<p>Esta camiseta presenta ilustraciones personalizadas de Masakazu Imanari hechas por el talentoso Nemanja Bogdanov. Las poderosas llaves de pierna de Masakazu Imanari son material de leyenda, y esta camiseta fue bendecida en un secreto rito de iniciaci\u00f3n ubicado en el m\u00e1s oscuro y recluido dojo del centro de Tokyo. El material en s\u00ed est\u00e1 finamente entretejido con tendones y ligamentos de las muchas v\u00edctimas de Imanari y est\u00e1 garantizado en a\u00f1adir un 69% de aumento a tu habilidad para causar da\u00f1o permanente en la regi\u00f3n de las piernas. De nada!<\/p>\n<p>En realidad no, obviamente.<\/p>\n","protected":false},"excerpt":{"rendered":"<p>Edici\u00f3n limitada<br \/>\nIlustraciones de Nemanja Bogdanov<br \/>\nAumenta la potencia de tu heel hook en un 69%<br \/>\nTama\u00f1o est\u00e1ndar<\/p>\n","protected":false},"featured_media":70010,"comment_status":"open","ping_status":"closed","template":"","meta":{"_editorskit_title_hidden":false,"_editorskit_reading_time":0,"_editorskit_is_block_options_detached":false,"_editorskit_block_options_position":"{}"},"product_brand":[],"product_cat":[210,190,27,186],"product_tag":[],"giftcard-category":[],"class_list":{"0":"post-71150","1":"product","2":"type-product","3":"status-publish","4":"has-post-thumbnail","6":"product_cat-camisetas","7":"product_cat-ropa-casual","8":"product_cat-sale","9":"product_cat-todos-los-productos","11":"first","12":"outofstock","13":"taxable","14":"shipping-taxable","15":"purchasable","16":"product-type-variable"},"_links":{"self":[{"href":"https:\/\/scramblestuff.com\/eu\/es\/wp-json\/wp\/v2\/product\/71150","targetHints":{"allow":["GET"]}}],"collection":[{"href":"https:\/\/scramblestuff.com\/eu\/es\/wp-json\/wp\/v2\/product"}],"about":[{"href":"https:\/\/scramblestuff.com\/eu\/es\/wp-json\/wp\/v2\/types\/product"}],"replies":[{"embeddable":true,"href":"https:\/\/scramblestuff.com\/eu\/es\/wp-json\/wp\/v2\/comments?post=71150"}],"wp:featuredmedia":[{"embeddable":true,"href":"https:\/\/scramblestuff.com\/eu\/es\/wp-json\/wp\/v2\/media\/70010"}],"wp:attachment":[{"href":"https:\/\/scramblestuff.com\/eu\/es\/wp-json\/wp\/v2\/media?parent=71150"}],"wp:term":[{"taxonomy":"product_brand","embeddable":true,"href":"https:\/\/scramblestuff.com\/eu\/es\/wp-json\/wp\/v2\/product_brand?post=71150"},{"taxonomy":"product_cat","embeddable":true,"href":"https:\/\/scramblestuff.com\/eu\/es\/wp-json\/wp\/v2\/product_cat?post=71150"},{"taxonomy":"product_tag","embeddable":true,"href":"https:\/\/scramblestuff.com\/eu\/es\/wp-json\/wp\/v2\/product_tag?post=71150"},{"taxonomy":"giftcard-category","embeddable":true,"href":"https:\/\/scramblestuff.com\/eu\/es\/wp-json\/wp\/v2\/giftcard-category?post=71150"}],"curies":[{"name":"wp","href":"https:\/\/api.w.org\/{rel}","templated":true}]}}