{"id":71178,"date":"2022-02-17T10:52:59","date_gmt":"2022-10-07T15:34:06","guid":{"rendered":"https:\/\/scramblestuff.com\/eu\/p\/scramble-arnold-is-numero-uno-tee\/"},"modified":"2022-10-07T16:34:06","modified_gmt":"2022-10-07T15:34:06","slug":"scramble-arnold-is-numero-uno-tee-2","status":"publish","type":"product","link":"https:\/\/scramblestuff.com\/eu\/es\/p\/scramble-arnold-is-numero-uno-tee-2\/","title":{"rendered":"Scramble Arnold Is Numero Uno Tee"},"content":{"rendered":"<p>\u00bfSab\u00edas que Arnold Allen recibi\u00f3 su nombre en honor a EL Arnold Schwarzenegger por su varonil padre?<\/p>\n<p>En homenaje a la leyenda misma, y \u200b\u200bpara avivar tu entusiasmo por la pelea de Arnold en UFC Londres, estamos lanzando estas incre\u00edbles camisetas de Arnold is Numero Uno. Impreso en el Reino Unido y en una camiseta de tama\u00f1o est\u00e1ndar. Si est\u00e1s muy musculoso ordena una talla m\u00e1s grande.<\/p>\n","protected":false},"excerpt":{"rendered":"<p>Camiseta conmemorativa especial para UFC Londres<br \/>\nCon el atleta de UFC Arnold Allen<br \/>\nCamiseta estilo ringer, tama\u00f1o regular<br \/>\nPide una talla m\u00e1s grande si tus enormes m\u00fasculos lo requieren<\/p>\n","protected":false},"featured_media":68645,"comment_status":"open","ping_status":"closed","template":"","meta":{"_editorskit_title_hidden":false,"_editorskit_reading_time":0,"_editorskit_is_block_options_detached":false,"_editorskit_block_options_position":"{}"},"product_brand":[],"product_cat":[210,190,27,186,232],"product_tag":[],"giftcard-category":[],"class_list":{"0":"post-71178","1":"product","2":"type-product","3":"status-publish","4":"has-post-thumbnail","6":"product_cat-camisetas","7":"product_cat-ropa-casual","8":"product_cat-sale","9":"product_cat-todos-los-productos","10":"product_cat-venta","12":"first","13":"outofstock","14":"taxable","15":"shipping-taxable","16":"purchasable","17":"product-type-variable"},"_links":{"self":[{"href":"https:\/\/scramblestuff.com\/eu\/es\/wp-json\/wp\/v2\/product\/71178","targetHints":{"allow":["GET"]}}],"collection":[{"href":"https:\/\/scramblestuff.com\/eu\/es\/wp-json\/wp\/v2\/product"}],"about":[{"href":"https:\/\/scramblestuff.com\/eu\/es\/wp-json\/wp\/v2\/types\/product"}],"replies":[{"embeddable":true,"href":"https:\/\/scramblestuff.com\/eu\/es\/wp-json\/wp\/v2\/comments?post=71178"}],"wp:featuredmedia":[{"embeddable":true,"href":"https:\/\/scramblestuff.com\/eu\/es\/wp-json\/wp\/v2\/media\/68645"}],"wp:attachment":[{"href":"https:\/\/scramblestuff.com\/eu\/es\/wp-json\/wp\/v2\/media?parent=71178"}],"wp:term":[{"taxonomy":"product_brand","embeddable":true,"href":"https:\/\/scramblestuff.com\/eu\/es\/wp-json\/wp\/v2\/product_brand?post=71178"},{"taxonomy":"product_cat","embeddable":true,"href":"https:\/\/scramblestuff.com\/eu\/es\/wp-json\/wp\/v2\/product_cat?post=71178"},{"taxonomy":"product_tag","embeddable":true,"href":"https:\/\/scramblestuff.com\/eu\/es\/wp-json\/wp\/v2\/product_tag?post=71178"},{"taxonomy":"giftcard-category","embeddable":true,"href":"https:\/\/scramblestuff.com\/eu\/es\/wp-json\/wp\/v2\/giftcard-category?post=71178"}],"curies":[{"name":"wp","href":"https:\/\/api.w.org\/{rel}","templated":true}]}}