{"id":71184,"date":"2022-03-03T11:08:08","date_gmt":"2022-10-07T15:42:56","guid":{"rendered":"https:\/\/scramblestuff.com\/eu\/p\/scramble-saku-athletics-tee\/"},"modified":"2023-01-31T12:30:54","modified_gmt":"2023-01-31T12:30:54","slug":"scramble-saku-athletics-tee","status":"publish","type":"product","link":"https:\/\/scramblestuff.com\/eu\/es\/p\/scramble-saku-athletics-tee\/","title":{"rendered":"Scramble Saku Athletics Tee"},"content":{"rendered":"<p>Nuestra colaboraci\u00f3n con la leyenda viviente que es Kazushi Sakuraba, posiblemente el mejor luchador de MMA de todos los tiempos. Este dise\u00f1o presenta un logotipo cl\u00e1sico de estilo deportivo en la parte delantera, combinado con un dise\u00f1o tradicional al estilo de escudo de armas en la parte posterior como un gui\u00f1o a la atemporalidad de Saku como \u00edcono del MMA.<\/p>\n<p>Suaves y c\u00f3modos materiales con acabados de alta calidad por todo alrededor.<\/p>\n","protected":false},"excerpt":{"rendered":"<p>Tama\u00f1o Regular<br \/>\nColaboraci\u00f3n oficial con La Leyenda<br \/>\nCalidad Premium<\/p>\n","protected":false},"featured_media":88716,"comment_status":"open","ping_status":"closed","template":"","meta":{"_editorskit_title_hidden":false,"_editorskit_reading_time":0,"_editorskit_is_block_options_detached":false,"_editorskit_block_options_position":"{}"},"product_brand":[],"product_cat":[210,190,27,186,232],"product_tag":[],"giftcard-category":[],"class_list":{"0":"post-71184","1":"product","2":"type-product","3":"status-publish","4":"has-post-thumbnail","6":"product_cat-camisetas","7":"product_cat-ropa-casual","8":"product_cat-sale","9":"product_cat-todos-los-productos","10":"product_cat-venta","12":"first","13":"outofstock","14":"taxable","15":"shipping-taxable","16":"purchasable","17":"product-type-variable"},"_links":{"self":[{"href":"https:\/\/scramblestuff.com\/eu\/es\/wp-json\/wp\/v2\/product\/71184","targetHints":{"allow":["GET"]}}],"collection":[{"href":"https:\/\/scramblestuff.com\/eu\/es\/wp-json\/wp\/v2\/product"}],"about":[{"href":"https:\/\/scramblestuff.com\/eu\/es\/wp-json\/wp\/v2\/types\/product"}],"replies":[{"embeddable":true,"href":"https:\/\/scramblestuff.com\/eu\/es\/wp-json\/wp\/v2\/comments?post=71184"}],"wp:featuredmedia":[{"embeddable":true,"href":"https:\/\/scramblestuff.com\/eu\/es\/wp-json\/wp\/v2\/media\/88716"}],"wp:attachment":[{"href":"https:\/\/scramblestuff.com\/eu\/es\/wp-json\/wp\/v2\/media?parent=71184"}],"wp:term":[{"taxonomy":"product_brand","embeddable":true,"href":"https:\/\/scramblestuff.com\/eu\/es\/wp-json\/wp\/v2\/product_brand?post=71184"},{"taxonomy":"product_cat","embeddable":true,"href":"https:\/\/scramblestuff.com\/eu\/es\/wp-json\/wp\/v2\/product_cat?post=71184"},{"taxonomy":"product_tag","embeddable":true,"href":"https:\/\/scramblestuff.com\/eu\/es\/wp-json\/wp\/v2\/product_tag?post=71184"},{"taxonomy":"giftcard-category","embeddable":true,"href":"https:\/\/scramblestuff.com\/eu\/es\/wp-json\/wp\/v2\/giftcard-category?post=71184"}],"curies":[{"name":"wp","href":"https:\/\/api.w.org\/{rel}","templated":true}]}}