{"id":71310,"date":"2022-03-03T11:48:48","date_gmt":"2022-10-11T12:29:43","guid":{"rendered":"https:\/\/scramblestuff.com\/eu\/p\/scramble-saku-world-tour-hoody\/"},"modified":"2022-10-31T15:16:05","modified_gmt":"2022-10-31T15:16:05","slug":"scramble-saku-world-tour-hoody","status":"publish","type":"product","link":"https:\/\/scramblestuff.com\/eu\/es\/p\/scramble-saku-world-tour-hoody\/","title":{"rendered":"Scramble Saku World Tour Hoody"},"content":{"rendered":"<p>Nuestra colaboraci\u00f3n con la leyenda viviente que es Kazushi Sakuraba, posiblemente el mejor luchador de MMA de todos los tiempos. Este dise\u00f1o presenta una combinaci\u00f3n de las cl\u00e1sicas tomas de acci\u00f3n de Saku por el fot\u00f3grafo GOAT de MMA Susumu Nagao, que recuerdan a una camiseta de gira de heavy metal de los a\u00f1os 90, completa con una lista de \u201cparadas de gira\u201d en Jap\u00f3n con inscripciones de partidos y ubicaciones importantes durante la carrera de Sakuraba. El frente presenta el dise\u00f1o cl\u00e1sico del logotipo KS de Saku.<\/p>\n<p>Suaves y c\u00f3modos materiales con acabados de alta calidad por todo alrededor.<\/p>\n","protected":false},"excerpt":{"rendered":"<p>Materiales y ajuste relajado<br \/>\nColaboraci\u00f3n oficial con La Leyenda<br \/>\nPremium Quality<\/p>\n","protected":false},"featured_media":88756,"comment_status":"open","ping_status":"closed","template":"","meta":{"_editorskit_title_hidden":false,"_editorskit_reading_time":0,"_editorskit_is_block_options_detached":false,"_editorskit_block_options_position":"{}"},"product_brand":[],"product_cat":[194,190,27,186,232],"product_tag":[],"giftcard-category":[],"class_list":{"0":"post-71310","1":"product","2":"type-product","3":"status-publish","4":"has-post-thumbnail","6":"product_cat-campanas-sudaderas","7":"product_cat-ropa-casual","8":"product_cat-sale","9":"product_cat-todos-los-productos","10":"product_cat-venta","12":"first","13":"outofstock","14":"taxable","15":"shipping-taxable","16":"purchasable","17":"product-type-variable"},"_links":{"self":[{"href":"https:\/\/scramblestuff.com\/eu\/es\/wp-json\/wp\/v2\/product\/71310","targetHints":{"allow":["GET"]}}],"collection":[{"href":"https:\/\/scramblestuff.com\/eu\/es\/wp-json\/wp\/v2\/product"}],"about":[{"href":"https:\/\/scramblestuff.com\/eu\/es\/wp-json\/wp\/v2\/types\/product"}],"replies":[{"embeddable":true,"href":"https:\/\/scramblestuff.com\/eu\/es\/wp-json\/wp\/v2\/comments?post=71310"}],"wp:featuredmedia":[{"embeddable":true,"href":"https:\/\/scramblestuff.com\/eu\/es\/wp-json\/wp\/v2\/media\/88756"}],"wp:attachment":[{"href":"https:\/\/scramblestuff.com\/eu\/es\/wp-json\/wp\/v2\/media?parent=71310"}],"wp:term":[{"taxonomy":"product_brand","embeddable":true,"href":"https:\/\/scramblestuff.com\/eu\/es\/wp-json\/wp\/v2\/product_brand?post=71310"},{"taxonomy":"product_cat","embeddable":true,"href":"https:\/\/scramblestuff.com\/eu\/es\/wp-json\/wp\/v2\/product_cat?post=71310"},{"taxonomy":"product_tag","embeddable":true,"href":"https:\/\/scramblestuff.com\/eu\/es\/wp-json\/wp\/v2\/product_tag?post=71310"},{"taxonomy":"giftcard-category","embeddable":true,"href":"https:\/\/scramblestuff.com\/eu\/es\/wp-json\/wp\/v2\/giftcard-category?post=71310"}],"curies":[{"name":"wp","href":"https:\/\/api.w.org\/{rel}","templated":true}]}}