{"id":71326,"date":"2022-03-03T12:24:22","date_gmt":"2022-10-11T17:16:50","guid":{"rendered":"https:\/\/scramblestuff.com\/eu\/p\/scramble-saku-soccer-rashguard\/"},"modified":"2023-04-12T16:05:24","modified_gmt":"2023-04-12T15:05:24","slug":"scramble-saku-soccer-rashguard-2","status":"publish","type":"product","link":"https:\/\/scramblestuff.com\/eu\/es\/p\/scramble-saku-soccer-rashguard-2\/","title":{"rendered":"Scramble Saku Soccer Rashguard"},"content":{"rendered":"<p>Mis sinceras disculpas a nuestros fans ingleses por utilizar la palabra \u00absoccer\u00bb, pero combina mejor con Saku que F\u00fatbol, as\u00ed que A LLORAR AL VALLE.<\/p>\n<p>En colaboraci\u00f3n con la leyenda en vida que es Kazushi Sakuraba, posiblemente el luchador de MMA m\u00e1s grande de todos lo tiempos. Esta camiseta antidesgarro es perfecta para el entrenamiento sin gi o MMA, y el dise\u00f1o cuenta con un gui\u00f1o al uniforme del equipo de f\u00fatbol internacional japon\u00e9s.<\/p>\n","protected":false},"excerpt":{"rendered":"<p>Sublimaci\u00f3n de calidad premium<br \/>\nColaboraci\u00f3n oficial con La Leyenda<br \/>\nInspirada por el Equipo de F\u00fatbol Japon\u00e9s<\/p>\n","protected":false},"featured_media":69870,"comment_status":"open","ping_status":"closed","template":"","meta":{"_editorskit_title_hidden":false,"_editorskit_reading_time":0,"_editorskit_is_block_options_detached":false,"_editorskit_block_options_position":"{}"},"product_brand":[],"product_cat":[214,337,186],"product_tag":[],"giftcard-category":[],"class_list":{"0":"post-71326","1":"product","2":"type-product","3":"status-publish","4":"has-post-thumbnail","6":"product_cat-desgaste-de-lucha","7":"product_cat-rashguards-es","8":"product_cat-todos-los-productos","10":"first","11":"outofstock","12":"taxable","13":"shipping-taxable","14":"purchasable","15":"product-type-variable"},"_links":{"self":[{"href":"https:\/\/scramblestuff.com\/eu\/es\/wp-json\/wp\/v2\/product\/71326","targetHints":{"allow":["GET"]}}],"collection":[{"href":"https:\/\/scramblestuff.com\/eu\/es\/wp-json\/wp\/v2\/product"}],"about":[{"href":"https:\/\/scramblestuff.com\/eu\/es\/wp-json\/wp\/v2\/types\/product"}],"replies":[{"embeddable":true,"href":"https:\/\/scramblestuff.com\/eu\/es\/wp-json\/wp\/v2\/comments?post=71326"}],"wp:featuredmedia":[{"embeddable":true,"href":"https:\/\/scramblestuff.com\/eu\/es\/wp-json\/wp\/v2\/media\/69870"}],"wp:attachment":[{"href":"https:\/\/scramblestuff.com\/eu\/es\/wp-json\/wp\/v2\/media?parent=71326"}],"wp:term":[{"taxonomy":"product_brand","embeddable":true,"href":"https:\/\/scramblestuff.com\/eu\/es\/wp-json\/wp\/v2\/product_brand?post=71326"},{"taxonomy":"product_cat","embeddable":true,"href":"https:\/\/scramblestuff.com\/eu\/es\/wp-json\/wp\/v2\/product_cat?post=71326"},{"taxonomy":"product_tag","embeddable":true,"href":"https:\/\/scramblestuff.com\/eu\/es\/wp-json\/wp\/v2\/product_tag?post=71326"},{"taxonomy":"giftcard-category","embeddable":true,"href":"https:\/\/scramblestuff.com\/eu\/es\/wp-json\/wp\/v2\/giftcard-category?post=71326"}],"curies":[{"name":"wp","href":"https:\/\/api.w.org\/{rel}","templated":true}]}}