{"id":71344,"date":"2022-03-03T12:58:27","date_gmt":"2022-10-13T13:51:08","guid":{"rendered":"https:\/\/scramblestuff.com\/eu\/p\/scramble-saku-hybrid-grappling-shorts\/"},"modified":"2022-10-13T14:51:08","modified_gmt":"2022-10-13T13:51:08","slug":"scramble-saku-hybrid-grappling-shorts-2","status":"publish","type":"product","link":"https:\/\/scramblestuff.com\/eu\/es\/p\/scramble-saku-hybrid-grappling-shorts-2\/","title":{"rendered":"Scramble Saku Hybrid Grappling Shorts"},"content":{"rendered":"<p>Desde que empezamos a trabajar con Sakuraba, \u00e9l siempre nos preguntaba si pod\u00edamos recrear sus pantalones cortos de entrenamiento favoritos, los cuales presentan tejido de gi cosido en la parte delantera. La idea era que el gi agregue un poco de agarre extra, \u00a1ideal para barras de brazo y tri\u00e1ngulos, seg\u00fan la leyenda misma! Este dise\u00f1o est\u00e1 rebosante, inspirado tambi\u00e9n por los pantalones cortos de lucha que Saku ha usado a lo largo de su carrera, con peque\u00f1os detalles y mensajes alrededor.<\/p>\n","protected":false},"excerpt":{"rendered":"<p>Pantalones cortos de lucha MMA<br \/>\nBasado en los shorts MMA favoritos de Saku<br \/>\nColaboraci\u00f3n oficial con La Leyenda<\/p>\n","protected":false},"featured_media":69860,"comment_status":"open","ping_status":"closed","template":"","meta":{"_editorskit_title_hidden":false,"_editorskit_reading_time":0,"_editorskit_is_block_options_detached":false,"_editorskit_block_options_position":"{}"},"product_brand":[],"product_cat":[214,345,336,235,186],"product_tag":[],"giftcard-category":[],"class_list":{"0":"post-71344","1":"product","2":"type-product","3":"status-publish","4":"has-post-thumbnail","6":"product_cat-desgaste-de-lucha","7":"product_cat-grappling-shorts-es","8":"product_cat-mma-es","9":"product_cat-mma-bermudas","10":"product_cat-todos-los-productos","12":"first","13":"outofstock","14":"taxable","15":"shipping-taxable","16":"purchasable","17":"product-type-variable"},"_links":{"self":[{"href":"https:\/\/scramblestuff.com\/eu\/es\/wp-json\/wp\/v2\/product\/71344","targetHints":{"allow":["GET"]}}],"collection":[{"href":"https:\/\/scramblestuff.com\/eu\/es\/wp-json\/wp\/v2\/product"}],"about":[{"href":"https:\/\/scramblestuff.com\/eu\/es\/wp-json\/wp\/v2\/types\/product"}],"replies":[{"embeddable":true,"href":"https:\/\/scramblestuff.com\/eu\/es\/wp-json\/wp\/v2\/comments?post=71344"}],"wp:featuredmedia":[{"embeddable":true,"href":"https:\/\/scramblestuff.com\/eu\/es\/wp-json\/wp\/v2\/media\/69860"}],"wp:attachment":[{"href":"https:\/\/scramblestuff.com\/eu\/es\/wp-json\/wp\/v2\/media?parent=71344"}],"wp:term":[{"taxonomy":"product_brand","embeddable":true,"href":"https:\/\/scramblestuff.com\/eu\/es\/wp-json\/wp\/v2\/product_brand?post=71344"},{"taxonomy":"product_cat","embeddable":true,"href":"https:\/\/scramblestuff.com\/eu\/es\/wp-json\/wp\/v2\/product_cat?post=71344"},{"taxonomy":"product_tag","embeddable":true,"href":"https:\/\/scramblestuff.com\/eu\/es\/wp-json\/wp\/v2\/product_tag?post=71344"},{"taxonomy":"giftcard-category","embeddable":true,"href":"https:\/\/scramblestuff.com\/eu\/es\/wp-json\/wp\/v2\/giftcard-category?post=71344"}],"curies":[{"name":"wp","href":"https:\/\/api.w.org\/{rel}","templated":true}]}}