{"id":71519,"date":"2022-03-28T11:05:23","date_gmt":"2022-10-18T15:52:46","guid":{"rendered":"https:\/\/scramblestuff.com\/eu\/p\/athlete-female-cut-ecru-edition\/"},"modified":"2022-10-18T16:56:21","modified_gmt":"2022-10-18T15:56:21","slug":"athlete-female-cut-ecru-edition","status":"publish","type":"product","link":"https:\/\/scramblestuff.com\/eu\/es\/p\/athlete-female-cut-ecru-edition\/","title":{"rendered":"Athlete Female Cut &#8211; Ecru Edition"},"content":{"rendered":"<p>El Athlete es uno de nuestros gis m\u00e1s populares, y por una buena raz\u00f3n. Un perfecto equilibrio entre forma y funci\u00f3n, el Athlete es nuestro todoterreno. Resistente para el entrenamiento diario pero tambi\u00e9n elegante como para derretir literalmente los globos oculares de tus compa\u00f1eros de entrenamiento, este kimono de edici\u00f3n especial utiliza tela Ecru. Ecru es una forma elegante de decir \u201csin blanquear\u201d y es popular entre los puristas, ya que se remonta a los viejos tiempos en que las cosas no se blanqueaban. Hoy en d\u00eda todo es blanqueado. Pero no en los viejos tiempos. \u00a1Y no este gi!<\/p>\n<p>Esta es una edici\u00f3n especial para el 2022.<\/p>\n","protected":false},"excerpt":{"rendered":"<p>Ecru significa sin blanquear, a que s\u00ed<br \/>\nParte superior vers\u00e1til de 450 g\/m\u00b2, pantalones antidesgarro<br \/>\nEdici\u00f3n limitada para el 2022<\/p>\n","protected":false},"featured_media":68680,"comment_status":"open","ping_status":"closed","template":"","meta":{"_editorskit_title_hidden":false,"_editorskit_reading_time":0,"_editorskit_is_block_options_detached":false,"_editorskit_block_options_position":"{}"},"product_brand":[],"product_cat":[322,243,186],"product_tag":[],"giftcard-category":[],"class_list":{"0":"post-71519","1":"product","2":"type-product","3":"status-publish","4":"has-post-thumbnail","6":"product_cat-bjj-gi-es","7":"product_cat-de-las-mujeres-bjj-gi","8":"product_cat-todos-los-productos","10":"first","11":"outofstock","12":"taxable","13":"shipping-taxable","14":"purchasable","15":"product-type-variable"},"_links":{"self":[{"href":"https:\/\/scramblestuff.com\/eu\/es\/wp-json\/wp\/v2\/product\/71519","targetHints":{"allow":["GET"]}}],"collection":[{"href":"https:\/\/scramblestuff.com\/eu\/es\/wp-json\/wp\/v2\/product"}],"about":[{"href":"https:\/\/scramblestuff.com\/eu\/es\/wp-json\/wp\/v2\/types\/product"}],"replies":[{"embeddable":true,"href":"https:\/\/scramblestuff.com\/eu\/es\/wp-json\/wp\/v2\/comments?post=71519"}],"wp:featuredmedia":[{"embeddable":true,"href":"https:\/\/scramblestuff.com\/eu\/es\/wp-json\/wp\/v2\/media\/68680"}],"wp:attachment":[{"href":"https:\/\/scramblestuff.com\/eu\/es\/wp-json\/wp\/v2\/media?parent=71519"}],"wp:term":[{"taxonomy":"product_brand","embeddable":true,"href":"https:\/\/scramblestuff.com\/eu\/es\/wp-json\/wp\/v2\/product_brand?post=71519"},{"taxonomy":"product_cat","embeddable":true,"href":"https:\/\/scramblestuff.com\/eu\/es\/wp-json\/wp\/v2\/product_cat?post=71519"},{"taxonomy":"product_tag","embeddable":true,"href":"https:\/\/scramblestuff.com\/eu\/es\/wp-json\/wp\/v2\/product_tag?post=71519"},{"taxonomy":"giftcard-category","embeddable":true,"href":"https:\/\/scramblestuff.com\/eu\/es\/wp-json\/wp\/v2\/giftcard-category?post=71519"}],"curies":[{"name":"wp","href":"https:\/\/api.w.org\/{rel}","templated":true}]}}