{"id":71525,"date":"2022-03-28T11:26:49","date_gmt":"2022-10-18T15:59:00","guid":{"rendered":"https:\/\/scramblestuff.com\/eu\/p\/scramble-athlete-pro-female-cut-green-canvas\/"},"modified":"2022-10-31T15:32:25","modified_gmt":"2022-10-31T15:32:25","slug":"scramble-athlete-pro-female-cut-green-canvas","status":"publish","type":"product","link":"https:\/\/scramblestuff.com\/eu\/es\/p\/scramble-athlete-pro-female-cut-green-canvas\/","title":{"rendered":"Scramble Athlete Pro Female Cut &#8211; Green Canvas"},"content":{"rendered":"<p>Este gi de BJJ podr\u00eda hacer que te arresten si tratas de competir en IBJJF con \u00e9l (lo sentimos). Hecho de lienzo verde llamativo, con bordado en la espalda y todo, esta es la \u00faltima edici\u00f3n turbo de nuestra gama Athlete (de ah\u00ed el pro en el t\u00edtulo, que es la abreviatura de COLECTOR GI PROFESIONAL).<\/p>\n<p>Es lienzo, por lo que se comporta de forma ligeramente distinta al algod\u00f3n que acostumbras usar en tus gis, as\u00ed que sigue las instrucciones de lavado cuidadosamente, que, si has prestado atenci\u00f3n durante los \u00faltimos 12 a\u00f1os, son \u201clavar en fr\u00edo y colgar para secar\u201d.<\/p>\n","protected":false},"excerpt":{"rendered":"<p>Lienzo ligero<br \/>\nBordado en la espalda<br \/>\nS\u00faper ilegal en los torneos IBJJF<\/p>\n","protected":false},"featured_media":65058,"comment_status":"open","ping_status":"closed","template":"","meta":{"_editorskit_title_hidden":false,"_editorskit_reading_time":0,"_editorskit_is_block_options_detached":false,"_editorskit_block_options_position":"{}"},"product_brand":[],"product_cat":[322,243,186],"product_tag":[],"giftcard-category":[],"class_list":{"0":"post-71525","1":"product","2":"type-product","3":"status-publish","4":"has-post-thumbnail","6":"product_cat-bjj-gi-es","7":"product_cat-de-las-mujeres-bjj-gi","8":"product_cat-todos-los-productos","10":"first","11":"outofstock","12":"taxable","13":"shipping-taxable","14":"purchasable","15":"product-type-variable"},"_links":{"self":[{"href":"https:\/\/scramblestuff.com\/eu\/es\/wp-json\/wp\/v2\/product\/71525","targetHints":{"allow":["GET"]}}],"collection":[{"href":"https:\/\/scramblestuff.com\/eu\/es\/wp-json\/wp\/v2\/product"}],"about":[{"href":"https:\/\/scramblestuff.com\/eu\/es\/wp-json\/wp\/v2\/types\/product"}],"replies":[{"embeddable":true,"href":"https:\/\/scramblestuff.com\/eu\/es\/wp-json\/wp\/v2\/comments?post=71525"}],"wp:featuredmedia":[{"embeddable":true,"href":"https:\/\/scramblestuff.com\/eu\/es\/wp-json\/wp\/v2\/media\/65058"}],"wp:attachment":[{"href":"https:\/\/scramblestuff.com\/eu\/es\/wp-json\/wp\/v2\/media?parent=71525"}],"wp:term":[{"taxonomy":"product_brand","embeddable":true,"href":"https:\/\/scramblestuff.com\/eu\/es\/wp-json\/wp\/v2\/product_brand?post=71525"},{"taxonomy":"product_cat","embeddable":true,"href":"https:\/\/scramblestuff.com\/eu\/es\/wp-json\/wp\/v2\/product_cat?post=71525"},{"taxonomy":"product_tag","embeddable":true,"href":"https:\/\/scramblestuff.com\/eu\/es\/wp-json\/wp\/v2\/product_tag?post=71525"},{"taxonomy":"giftcard-category","embeddable":true,"href":"https:\/\/scramblestuff.com\/eu\/es\/wp-json\/wp\/v2\/giftcard-category?post=71525"}],"curies":[{"name":"wp","href":"https:\/\/api.w.org\/{rel}","templated":true}]}}