{"id":71580,"date":"2022-05-20T15:48:42","date_gmt":"2022-10-19T14:07:37","guid":{"rendered":"https:\/\/scramblestuff.com\/eu\/p\/scramble-ranked-rashguard-v5-black\/"},"modified":"2022-10-31T15:48:51","modified_gmt":"2022-10-31T15:48:51","slug":"scramble-ranked-rashguard-v5-black","status":"publish","type":"product","link":"https:\/\/scramblestuff.com\/eu\/es\/p\/scramble-ranked-rashguard-v5-black\/","title":{"rendered":"Scramble Ranked Rashguard V5 &#8211; Black"},"content":{"rendered":"<p>Estas camisetas antidesgarro se han desarrollado de acuerdo a las pautas de la IBJJF para la competencia de grappling no-gi. Disponibles en blanco, azul, morado, marr\u00f3n y negro, ideales para competir y entrenar todos los d\u00edas.<\/p>\n<p>Est\u00e1n as\u00ed como que basadas en uniformes de f\u00fatbol, lo cual est\u00e1 fino, en mi opini\u00f3n. Y lo digo porque as\u00ed fue como la dise\u00f1amos. Ah\u00ed lo tienes.<\/p>\n<p>Fabricado con materiales turbo de alta calidad, e incluso una peque\u00f1a cinta de goma a la altura de la cintura para evitar que tu barriga se descomponga cuando est\u00e1s haciendo un berimbolo o algo por el estilo.<\/p>\n","protected":false},"excerpt":{"rendered":"<p>Black Ranked Rashguard para competiciones IBJJF<br \/>\nUn estilo realmente exquisito la verdad<br \/>\nAjuste de compresi\u00f3n, cinturilla de agarre para evitar una exposici\u00f3n estomacal imprevista.<\/p>\n","protected":false},"featured_media":69630,"comment_status":"open","ping_status":"closed","template":"","meta":{"_editorskit_title_hidden":false,"_editorskit_reading_time":0,"_editorskit_is_block_options_detached":false,"_editorskit_block_options_position":"{}"},"product_brand":[],"product_cat":[214,337,186,232],"product_tag":[],"giftcard-category":[],"class_list":{"0":"post-71580","1":"product","2":"type-product","3":"status-publish","4":"has-post-thumbnail","6":"product_cat-desgaste-de-lucha","7":"product_cat-rashguards-es","8":"product_cat-todos-los-productos","9":"product_cat-venta","11":"first","12":"outofstock","13":"taxable","14":"shipping-taxable","15":"purchasable","16":"product-type-variable"},"_links":{"self":[{"href":"https:\/\/scramblestuff.com\/eu\/es\/wp-json\/wp\/v2\/product\/71580","targetHints":{"allow":["GET"]}}],"collection":[{"href":"https:\/\/scramblestuff.com\/eu\/es\/wp-json\/wp\/v2\/product"}],"about":[{"href":"https:\/\/scramblestuff.com\/eu\/es\/wp-json\/wp\/v2\/types\/product"}],"replies":[{"embeddable":true,"href":"https:\/\/scramblestuff.com\/eu\/es\/wp-json\/wp\/v2\/comments?post=71580"}],"wp:featuredmedia":[{"embeddable":true,"href":"https:\/\/scramblestuff.com\/eu\/es\/wp-json\/wp\/v2\/media\/69630"}],"wp:attachment":[{"href":"https:\/\/scramblestuff.com\/eu\/es\/wp-json\/wp\/v2\/media?parent=71580"}],"wp:term":[{"taxonomy":"product_brand","embeddable":true,"href":"https:\/\/scramblestuff.com\/eu\/es\/wp-json\/wp\/v2\/product_brand?post=71580"},{"taxonomy":"product_cat","embeddable":true,"href":"https:\/\/scramblestuff.com\/eu\/es\/wp-json\/wp\/v2\/product_cat?post=71580"},{"taxonomy":"product_tag","embeddable":true,"href":"https:\/\/scramblestuff.com\/eu\/es\/wp-json\/wp\/v2\/product_tag?post=71580"},{"taxonomy":"giftcard-category","embeddable":true,"href":"https:\/\/scramblestuff.com\/eu\/es\/wp-json\/wp\/v2\/giftcard-category?post=71580"}],"curies":[{"name":"wp","href":"https:\/\/api.w.org\/{rel}","templated":true}]}}