{"id":71593,"date":"2022-05-23T15:23:02","date_gmt":"2022-10-19T15:33:10","guid":{"rendered":"https:\/\/scramblestuff.com\/eu\/p\/legion-x-scramble-eagle-rashguard\/"},"modified":"2022-10-31T15:47:00","modified_gmt":"2022-10-31T15:47:00","slug":"legion-x-scramble-eagle-rashguard","status":"publish","type":"product","link":"https:\/\/scramblestuff.com\/eu\/es\/p\/legion-x-scramble-eagle-rashguard\/","title":{"rendered":"Legion x Scramble &#8216;Eagle&#8217; Rashguard"},"content":{"rendered":"<p>Colaboramos con Legion, el enorme gimnasio de \u201cAmerican Jiujitsu\u201d de Keenan Cornelius en San Diego, para este muy especial gi de jiujitsu. Tambi\u00e9n recibimos unas obras geniales de arte del talentoso artista Feroze Mcleod, tambi\u00e9n conocido como Stoic Sage, quien nos proporcion\u00f3 las incre\u00edbles ilustraciones de Eagle que adornan los productos.<\/p>\n<p>Esta rashguard presenta una ilustraci\u00f3n de un \u00e1guila de Feroze Mcleod tan impresionante, tan llena de cultura estadounidense, tan incre\u00edblemente radical y libre, que probablemente querr\u00e1s empacar y mudarte a Tennessee o algo as\u00ed y simplemente luchar contra un bisonte mientras bebes cerveza Y conduces un camioneta.<\/p>\n","protected":false},"excerpt":{"rendered":"<p>Antidesgarro de tama\u00f1o regular<br \/>\nColaboraci\u00f3n exclusiva con Legion AJJ<br \/>\nContiene un 99% de concentraci\u00f3n pura de Am\u00e9rica<\/p>\n","protected":false},"featured_media":69395,"comment_status":"open","ping_status":"closed","template":"","meta":{"_editorskit_title_hidden":false,"_editorskit_reading_time":0,"_editorskit_is_block_options_detached":false,"_editorskit_block_options_position":"{}"},"product_brand":[],"product_cat":[214,337,186],"product_tag":[],"giftcard-category":[],"class_list":{"0":"post-71593","1":"product","2":"type-product","3":"status-publish","4":"has-post-thumbnail","6":"product_cat-desgaste-de-lucha","7":"product_cat-rashguards-es","8":"product_cat-todos-los-productos","10":"first","11":"outofstock","12":"taxable","13":"shipping-taxable","14":"purchasable","15":"product-type-variable"},"_links":{"self":[{"href":"https:\/\/scramblestuff.com\/eu\/es\/wp-json\/wp\/v2\/product\/71593","targetHints":{"allow":["GET"]}}],"collection":[{"href":"https:\/\/scramblestuff.com\/eu\/es\/wp-json\/wp\/v2\/product"}],"about":[{"href":"https:\/\/scramblestuff.com\/eu\/es\/wp-json\/wp\/v2\/types\/product"}],"replies":[{"embeddable":true,"href":"https:\/\/scramblestuff.com\/eu\/es\/wp-json\/wp\/v2\/comments?post=71593"}],"wp:featuredmedia":[{"embeddable":true,"href":"https:\/\/scramblestuff.com\/eu\/es\/wp-json\/wp\/v2\/media\/69395"}],"wp:attachment":[{"href":"https:\/\/scramblestuff.com\/eu\/es\/wp-json\/wp\/v2\/media?parent=71593"}],"wp:term":[{"taxonomy":"product_brand","embeddable":true,"href":"https:\/\/scramblestuff.com\/eu\/es\/wp-json\/wp\/v2\/product_brand?post=71593"},{"taxonomy":"product_cat","embeddable":true,"href":"https:\/\/scramblestuff.com\/eu\/es\/wp-json\/wp\/v2\/product_cat?post=71593"},{"taxonomy":"product_tag","embeddable":true,"href":"https:\/\/scramblestuff.com\/eu\/es\/wp-json\/wp\/v2\/product_tag?post=71593"},{"taxonomy":"giftcard-category","embeddable":true,"href":"https:\/\/scramblestuff.com\/eu\/es\/wp-json\/wp\/v2\/giftcard-category?post=71593"}],"curies":[{"name":"wp","href":"https:\/\/api.w.org\/{rel}","templated":true}]}}