{"id":71599,"date":"2022-05-23T15:36:28","date_gmt":"2022-10-19T15:40:21","guid":{"rendered":"https:\/\/scramblestuff.com\/eu\/p\/legion-x-scramble-eagle-gi\/"},"modified":"2022-11-03T16:45:37","modified_gmt":"2022-11-03T16:45:37","slug":"legion-x-scramble-eagle-gi","status":"publish","type":"product","link":"https:\/\/scramblestuff.com\/eu\/es\/p\/legion-x-scramble-eagle-gi\/","title":{"rendered":"Legion x Scramble Eagle Gi"},"content":{"rendered":"<p>Colaboramos con Legion, el enorme gimnasio de \u201cAmerican Jiujitsu\u201d de Keenan Cornelius en San Diego, para este muy especial gi de jiujitsu. Tambi\u00e9n recibimos unas obras de arte geniales del talentoso artista Feroze Mcleod, tambi\u00e9n conocido como Stoic Sage, quien nos proporcion\u00f3 las incre\u00edbles ilustraciones de \u00e1guila que adornan los productos.<\/p>\n<p>Este es un BJJ Gi de peso medio con parte superior de tejido perlado y pantalones ripstop, presenta muchos detalles y colores al estilo estadounidense, as\u00ed como logotipos complementarios de Scramble y Legion.<\/p>\n","protected":false},"excerpt":{"rendered":"<p>Colaboraci\u00f3n exclusiva con Legion AJJ<br \/>\nContiene un 99% de concentraci\u00f3n pura de Am\u00e9rica<br \/>\nTop de peso medio con tejido de perlas \/ pantalones ripstop<\/p>\n","protected":false},"featured_media":69440,"comment_status":"open","ping_status":"closed","template":"","meta":{"_editorskit_title_hidden":false,"_editorskit_reading_time":0,"_editorskit_is_block_options_detached":false,"_editorskit_block_options_position":"{}"},"product_brand":[],"product_cat":[322,186],"product_tag":[],"giftcard-category":[],"class_list":{"0":"post-71599","1":"product","2":"type-product","3":"status-publish","4":"has-post-thumbnail","6":"product_cat-bjj-gi-es","7":"product_cat-todos-los-productos","9":"first","10":"outofstock","11":"taxable","12":"shipping-taxable","13":"purchasable","14":"product-type-variable"},"_links":{"self":[{"href":"https:\/\/scramblestuff.com\/eu\/es\/wp-json\/wp\/v2\/product\/71599","targetHints":{"allow":["GET"]}}],"collection":[{"href":"https:\/\/scramblestuff.com\/eu\/es\/wp-json\/wp\/v2\/product"}],"about":[{"href":"https:\/\/scramblestuff.com\/eu\/es\/wp-json\/wp\/v2\/types\/product"}],"replies":[{"embeddable":true,"href":"https:\/\/scramblestuff.com\/eu\/es\/wp-json\/wp\/v2\/comments?post=71599"}],"wp:featuredmedia":[{"embeddable":true,"href":"https:\/\/scramblestuff.com\/eu\/es\/wp-json\/wp\/v2\/media\/69440"}],"wp:attachment":[{"href":"https:\/\/scramblestuff.com\/eu\/es\/wp-json\/wp\/v2\/media?parent=71599"}],"wp:term":[{"taxonomy":"product_brand","embeddable":true,"href":"https:\/\/scramblestuff.com\/eu\/es\/wp-json\/wp\/v2\/product_brand?post=71599"},{"taxonomy":"product_cat","embeddable":true,"href":"https:\/\/scramblestuff.com\/eu\/es\/wp-json\/wp\/v2\/product_cat?post=71599"},{"taxonomy":"product_tag","embeddable":true,"href":"https:\/\/scramblestuff.com\/eu\/es\/wp-json\/wp\/v2\/product_tag?post=71599"},{"taxonomy":"giftcard-category","embeddable":true,"href":"https:\/\/scramblestuff.com\/eu\/es\/wp-json\/wp\/v2\/giftcard-category?post=71599"}],"curies":[{"name":"wp","href":"https:\/\/api.w.org\/{rel}","templated":true}]}}