{"id":71614,"date":"2022-06-16T11:20:26","date_gmt":"2022-10-21T17:32:17","guid":{"rendered":"https:\/\/scramblestuff.com\/eu\/p\/dry-goods-rashguard\/"},"modified":"2022-10-21T18:32:17","modified_gmt":"2022-10-21T17:32:17","slug":"scramble-dry-goods-rashguard-2","status":"publish","type":"product","link":"https:\/\/scramblestuff.com\/eu\/es\/p\/scramble-dry-goods-rashguard-2\/","title":{"rendered":"Dry Goods Rashguard"},"content":{"rendered":"<p>Nuestra camiseta antidesgarro Dry Goods. Es una rashguard, con un dise\u00f1o que decidimos nombrar Dry Goods. Eso es m\u00e1s o menos todo. El dise\u00f1o es dedicadamente vintage y los colores son agradables e inusuales para una rashguard. Realmente no hay mucho que decir, esta es una genial rashguard manga corta para jiu jitsu y grappling que te gustar\u00eda tener. La calidad es de excelencia evidente.<\/p>\n","protected":false},"excerpt":{"rendered":"<p>Manga corta, s\u00faper lisa<br \/>\nMejor Rashguard del Mundo seg\u00fan nosotros.<br \/>\nProtege de erupciones<\/p>\n","protected":false},"featured_media":69360,"comment_status":"open","ping_status":"closed","template":"","meta":{"_editorskit_title_hidden":false,"_editorskit_reading_time":0,"_editorskit_is_block_options_detached":false,"_editorskit_block_options_position":"{}"},"product_brand":[],"product_cat":[214,337,186,232],"product_tag":[],"giftcard-category":[],"class_list":{"0":"post-71614","1":"product","2":"type-product","3":"status-publish","4":"has-post-thumbnail","6":"product_cat-desgaste-de-lucha","7":"product_cat-rashguards-es","8":"product_cat-todos-los-productos","9":"product_cat-venta","11":"first","12":"outofstock","13":"taxable","14":"shipping-taxable","15":"purchasable","16":"product-type-variable"},"_links":{"self":[{"href":"https:\/\/scramblestuff.com\/eu\/es\/wp-json\/wp\/v2\/product\/71614","targetHints":{"allow":["GET"]}}],"collection":[{"href":"https:\/\/scramblestuff.com\/eu\/es\/wp-json\/wp\/v2\/product"}],"about":[{"href":"https:\/\/scramblestuff.com\/eu\/es\/wp-json\/wp\/v2\/types\/product"}],"replies":[{"embeddable":true,"href":"https:\/\/scramblestuff.com\/eu\/es\/wp-json\/wp\/v2\/comments?post=71614"}],"wp:featuredmedia":[{"embeddable":true,"href":"https:\/\/scramblestuff.com\/eu\/es\/wp-json\/wp\/v2\/media\/69360"}],"wp:attachment":[{"href":"https:\/\/scramblestuff.com\/eu\/es\/wp-json\/wp\/v2\/media?parent=71614"}],"wp:term":[{"taxonomy":"product_brand","embeddable":true,"href":"https:\/\/scramblestuff.com\/eu\/es\/wp-json\/wp\/v2\/product_brand?post=71614"},{"taxonomy":"product_cat","embeddable":true,"href":"https:\/\/scramblestuff.com\/eu\/es\/wp-json\/wp\/v2\/product_cat?post=71614"},{"taxonomy":"product_tag","embeddable":true,"href":"https:\/\/scramblestuff.com\/eu\/es\/wp-json\/wp\/v2\/product_tag?post=71614"},{"taxonomy":"giftcard-category","embeddable":true,"href":"https:\/\/scramblestuff.com\/eu\/es\/wp-json\/wp\/v2\/giftcard-category?post=71614"}],"curies":[{"name":"wp","href":"https:\/\/api.w.org\/{rel}","templated":true}]}}