{"id":71669,"date":"2022-06-16T12:24:54","date_gmt":"2022-10-25T13:16:45","guid":{"rendered":"https:\/\/scramblestuff.com\/eu\/p\/drip-logo-rashguard\/"},"modified":"2022-10-25T14:16:45","modified_gmt":"2022-10-25T13:16:45","slug":"scramble-drip-logo-rashguard-2","status":"publish","type":"product","link":"https:\/\/scramblestuff.com\/eu\/es\/p\/scramble-drip-logo-rashguard-2\/","title":{"rendered":"Drip Logo Rashguard"},"content":{"rendered":"<p>Nuestro Drip Logo Rashguard. Hice un poco de kanji, luego lo import\u00e9 a Procreate, le apliqu\u00e9 un efecto de goteras y pens\u00e9, diablos, esto se ve absolutamente genial, entonces lo imprim\u00ed en una camiseta rashguard, y unos meses despu\u00e9s, aqu\u00ed estamos, nosotros vendi\u00e9ndola, y t\u00fa leyendo esta descripci\u00f3n y decidiendo comprarla, pero tambi\u00e9n pensando que esto es un poco raro, aunque est\u00e1 bien, seguiremos adelante. Rashguard! Para jiujitsu y grappling. By Scramble. Efecto goteando.<\/p>\n","protected":false},"excerpt":{"rendered":"<p>Perfecta para lucir tres cuartas partes de tu brazo<br \/>\nLa madre de las rashguard<br \/>\nSe est\u00e1 poniendo caliente<\/p>\n","protected":false},"featured_media":69325,"comment_status":"open","ping_status":"closed","template":"","meta":{"_editorskit_title_hidden":false,"_editorskit_reading_time":0,"_editorskit_is_block_options_detached":false,"_editorskit_block_options_position":"{}"},"product_brand":[],"product_cat":[214,337,186],"product_tag":[],"giftcard-category":[],"class_list":{"0":"post-71669","1":"product","2":"type-product","3":"status-publish","4":"has-post-thumbnail","6":"product_cat-desgaste-de-lucha","7":"product_cat-rashguards-es","8":"product_cat-todos-los-productos","10":"first","11":"outofstock","12":"taxable","13":"shipping-taxable","14":"purchasable","15":"product-type-variable"},"_links":{"self":[{"href":"https:\/\/scramblestuff.com\/eu\/es\/wp-json\/wp\/v2\/product\/71669","targetHints":{"allow":["GET"]}}],"collection":[{"href":"https:\/\/scramblestuff.com\/eu\/es\/wp-json\/wp\/v2\/product"}],"about":[{"href":"https:\/\/scramblestuff.com\/eu\/es\/wp-json\/wp\/v2\/types\/product"}],"replies":[{"embeddable":true,"href":"https:\/\/scramblestuff.com\/eu\/es\/wp-json\/wp\/v2\/comments?post=71669"}],"wp:featuredmedia":[{"embeddable":true,"href":"https:\/\/scramblestuff.com\/eu\/es\/wp-json\/wp\/v2\/media\/69325"}],"wp:attachment":[{"href":"https:\/\/scramblestuff.com\/eu\/es\/wp-json\/wp\/v2\/media?parent=71669"}],"wp:term":[{"taxonomy":"product_brand","embeddable":true,"href":"https:\/\/scramblestuff.com\/eu\/es\/wp-json\/wp\/v2\/product_brand?post=71669"},{"taxonomy":"product_cat","embeddable":true,"href":"https:\/\/scramblestuff.com\/eu\/es\/wp-json\/wp\/v2\/product_cat?post=71669"},{"taxonomy":"product_tag","embeddable":true,"href":"https:\/\/scramblestuff.com\/eu\/es\/wp-json\/wp\/v2\/product_tag?post=71669"},{"taxonomy":"giftcard-category","embeddable":true,"href":"https:\/\/scramblestuff.com\/eu\/es\/wp-json\/wp\/v2\/giftcard-category?post=71669"}],"curies":[{"name":"wp","href":"https:\/\/api.w.org\/{rel}","templated":true}]}}