{"id":71677,"date":"2022-06-16T12:52:53","date_gmt":"2022-06-16T11:52:53","guid":{"rendered":"https:\/\/scramblestuff.com\/eu\/p\/base-vt-shorts-black\/"},"modified":"2022-10-25T15:07:23","modified_gmt":"2022-10-25T14:07:23","slug":"scramble-base-vt-shorts-black-2","status":"publish","type":"product","link":"https:\/\/scramblestuff.com\/eu\/es\/p\/scramble-base-vt-shorts-black-2\/","title":{"rendered":"Base VT Shorts &#8211; Black"},"content":{"rendered":"<p>Nuestros shorts de doble capa Base-VT son un poco m\u00e1s largos en las piernas, lo cual es genial. En serio. Lo de la doble capa significa que literalmente nadie podr\u00e1 verte el paquete, ni siquiera cuando est\u00e9s en cuclillas o tea-bagging el cuerpo inconsciente de tu oponente. Adem\u00e1s, obtienes gratis el estilismo s\u00faper de Scramble, colega. En serio. Logotipos gratis impresos con cada par de shorts vale tudo. Ideal para MMA, jiujitsu, grappling y la colecci\u00f3n de estampillas.<\/p>\n","protected":false},"excerpt":{"rendered":"<p>Shorts ligeramente m\u00e1s largos que antes<br \/>\nDise\u00f1o limpio y simple<br \/>\nPerfecto para hacer pedazos a la gente en MMA<br \/>\nO \u00fasalo debajo de tu gi \/ shorts de grappling<\/p>\n","protected":false},"featured_media":87030,"comment_status":"open","ping_status":"closed","template":"","meta":{"_editorskit_title_hidden":false,"_editorskit_reading_time":0,"_editorskit_is_block_options_detached":false,"_editorskit_block_options_position":"{}"},"product_brand":[],"product_cat":[214,345,186,232],"product_tag":[],"giftcard-category":[],"class_list":{"0":"post-71677","1":"product","2":"type-product","3":"status-publish","4":"has-post-thumbnail","6":"product_cat-desgaste-de-lucha","7":"product_cat-grappling-shorts-es","8":"product_cat-todos-los-productos","9":"product_cat-venta","11":"first","12":"outofstock","13":"taxable","14":"shipping-taxable","15":"purchasable","16":"product-type-variable"},"_links":{"self":[{"href":"https:\/\/scramblestuff.com\/eu\/es\/wp-json\/wp\/v2\/product\/71677","targetHints":{"allow":["GET"]}}],"collection":[{"href":"https:\/\/scramblestuff.com\/eu\/es\/wp-json\/wp\/v2\/product"}],"about":[{"href":"https:\/\/scramblestuff.com\/eu\/es\/wp-json\/wp\/v2\/types\/product"}],"replies":[{"embeddable":true,"href":"https:\/\/scramblestuff.com\/eu\/es\/wp-json\/wp\/v2\/comments?post=71677"}],"wp:featuredmedia":[{"embeddable":true,"href":"https:\/\/scramblestuff.com\/eu\/es\/wp-json\/wp\/v2\/media\/87030"}],"wp:attachment":[{"href":"https:\/\/scramblestuff.com\/eu\/es\/wp-json\/wp\/v2\/media?parent=71677"}],"wp:term":[{"taxonomy":"product_brand","embeddable":true,"href":"https:\/\/scramblestuff.com\/eu\/es\/wp-json\/wp\/v2\/product_brand?post=71677"},{"taxonomy":"product_cat","embeddable":true,"href":"https:\/\/scramblestuff.com\/eu\/es\/wp-json\/wp\/v2\/product_cat?post=71677"},{"taxonomy":"product_tag","embeddable":true,"href":"https:\/\/scramblestuff.com\/eu\/es\/wp-json\/wp\/v2\/product_tag?post=71677"},{"taxonomy":"giftcard-category","embeddable":true,"href":"https:\/\/scramblestuff.com\/eu\/es\/wp-json\/wp\/v2\/giftcard-category?post=71677"}],"curies":[{"name":"wp","href":"https:\/\/api.w.org\/{rel}","templated":true}]}}