{"id":71685,"date":"2022-09-01T13:19:06","date_gmt":"2022-09-01T12:19:06","guid":{"rendered":"https:\/\/scramblestuff.com\/eu\/p\/americana-patch-pack\/"},"modified":"2026-03-17T11:26:40","modified_gmt":"2026-03-17T11:26:40","slug":"americana-patch-pack-2","status":"publish","type":"product","link":"https:\/\/scramblestuff.com\/eu\/es\/p\/americana-patch-pack-2\/","title":{"rendered":"Americana Patch Pack"},"content":{"rendered":"<p>Una selecci\u00f3n de parches con algunos de nuestros dise\u00f1os m\u00e1s queridos de estilo americano, de Angker Art.<\/p>\n<p>Si te encantan los parches de estilo tatuaje americano para tu gi de jiujitsu, con un toque de Scramble, \u00bfa qu\u00e9 diablos est\u00e1s esperando? Ll\u00e9vatelos<\/p>\n","protected":false},"excerpt":{"rendered":"<p>Una selecci\u00f3n de parches con algunos de nuestros dise\u00f1os m\u00e1s queridos de estilo americano, de Angker Art.<\/p>\n","protected":false},"featured_media":70180,"comment_status":"open","ping_status":"closed","template":"","meta":{"_editorskit_title_hidden":false,"_editorskit_reading_time":0,"_editorskit_is_block_options_detached":false,"_editorskit_block_options_position":"{}"},"product_brand":[],"product_cat":[224,186],"product_tag":[1239],"giftcard-category":[],"class_list":{"0":"post-71685","1":"product","2":"type-product","3":"status-publish","4":"has-post-thumbnail","6":"product_cat-parches","7":"product_cat-todos-los-productos","8":"product_tag-patch-pack","10":"first","11":"outofstock","12":"taxable","13":"shipping-taxable","14":"purchasable","15":"product-type-simple"},"_links":{"self":[{"href":"https:\/\/scramblestuff.com\/eu\/es\/wp-json\/wp\/v2\/product\/71685","targetHints":{"allow":["GET"]}}],"collection":[{"href":"https:\/\/scramblestuff.com\/eu\/es\/wp-json\/wp\/v2\/product"}],"about":[{"href":"https:\/\/scramblestuff.com\/eu\/es\/wp-json\/wp\/v2\/types\/product"}],"replies":[{"embeddable":true,"href":"https:\/\/scramblestuff.com\/eu\/es\/wp-json\/wp\/v2\/comments?post=71685"}],"wp:featuredmedia":[{"embeddable":true,"href":"https:\/\/scramblestuff.com\/eu\/es\/wp-json\/wp\/v2\/media\/70180"}],"wp:attachment":[{"href":"https:\/\/scramblestuff.com\/eu\/es\/wp-json\/wp\/v2\/media?parent=71685"}],"wp:term":[{"taxonomy":"product_brand","embeddable":true,"href":"https:\/\/scramblestuff.com\/eu\/es\/wp-json\/wp\/v2\/product_brand?post=71685"},{"taxonomy":"product_cat","embeddable":true,"href":"https:\/\/scramblestuff.com\/eu\/es\/wp-json\/wp\/v2\/product_cat?post=71685"},{"taxonomy":"product_tag","embeddable":true,"href":"https:\/\/scramblestuff.com\/eu\/es\/wp-json\/wp\/v2\/product_tag?post=71685"},{"taxonomy":"giftcard-category","embeddable":true,"href":"https:\/\/scramblestuff.com\/eu\/es\/wp-json\/wp\/v2\/giftcard-category?post=71685"}],"curies":[{"name":"wp","href":"https:\/\/api.w.org\/{rel}","templated":true}]}}