{"id":71696,"date":"2022-09-01T13:41:47","date_gmt":"2022-09-01T12:41:47","guid":{"rendered":"https:\/\/scramblestuff.com\/eu\/p\/scramblogos-v-1-patch-pack\/"},"modified":"2026-01-12T10:29:13","modified_gmt":"2026-01-12T10:29:13","slug":"scramblogos-v-1-patch-pack","status":"publish","type":"product","link":"https:\/\/scramblestuff.com\/eu\/es\/p\/scramblogos-v-1-patch-pack\/","title":{"rendered":"Scramblogos v.1 Patch Pack"},"content":{"rendered":"<p>Seis parches Scramble de m\u00e1xima calidad<br \/>\nProbablemente lo mejor que puedes ponerle a tu Gi de edici\u00f3n est\u00e1ndar<br \/>\nMaestr\u00eda pura de dise\u00f1o<\/p>\n","protected":false},"excerpt":{"rendered":"<p>Dise\u00f1os simples de logotipos Scramble, en parches tejidos de alta calidad. Perfecto para el Gi edici\u00f3n Est\u00e1ndar.<\/p>\n<p>Cada parche es de aproximadamente 8-10 cm de ancho.<\/p>\n","protected":false},"featured_media":70211,"comment_status":"open","ping_status":"closed","template":"","meta":{"_editorskit_title_hidden":false,"_editorskit_reading_time":0,"_editorskit_is_block_options_detached":false,"_editorskit_block_options_position":"{}"},"product_brand":[],"product_cat":[224,186],"product_tag":[1239],"giftcard-category":[],"class_list":{"0":"post-71696","1":"product","2":"type-product","3":"status-publish","4":"has-post-thumbnail","6":"product_cat-parches","7":"product_cat-todos-los-productos","8":"product_tag-patch-pack","10":"first","11":"instock","12":"taxable","13":"shipping-taxable","14":"purchasable","15":"product-type-simple"},"_links":{"self":[{"href":"https:\/\/scramblestuff.com\/eu\/es\/wp-json\/wp\/v2\/product\/71696","targetHints":{"allow":["GET"]}}],"collection":[{"href":"https:\/\/scramblestuff.com\/eu\/es\/wp-json\/wp\/v2\/product"}],"about":[{"href":"https:\/\/scramblestuff.com\/eu\/es\/wp-json\/wp\/v2\/types\/product"}],"replies":[{"embeddable":true,"href":"https:\/\/scramblestuff.com\/eu\/es\/wp-json\/wp\/v2\/comments?post=71696"}],"wp:featuredmedia":[{"embeddable":true,"href":"https:\/\/scramblestuff.com\/eu\/es\/wp-json\/wp\/v2\/media\/70211"}],"wp:attachment":[{"href":"https:\/\/scramblestuff.com\/eu\/es\/wp-json\/wp\/v2\/media?parent=71696"}],"wp:term":[{"taxonomy":"product_brand","embeddable":true,"href":"https:\/\/scramblestuff.com\/eu\/es\/wp-json\/wp\/v2\/product_brand?post=71696"},{"taxonomy":"product_cat","embeddable":true,"href":"https:\/\/scramblestuff.com\/eu\/es\/wp-json\/wp\/v2\/product_cat?post=71696"},{"taxonomy":"product_tag","embeddable":true,"href":"https:\/\/scramblestuff.com\/eu\/es\/wp-json\/wp\/v2\/product_tag?post=71696"},{"taxonomy":"giftcard-category","embeddable":true,"href":"https:\/\/scramblestuff.com\/eu\/es\/wp-json\/wp\/v2\/giftcard-category?post=71696"}],"curies":[{"name":"wp","href":"https:\/\/api.w.org\/{rel}","templated":true}]}}