{"id":71777,"date":"2022-09-02T12:05:07","date_gmt":"2022-10-31T14:03:56","guid":{"rendered":"https:\/\/scramblestuff.com\/eu\/p\/n-bogdanov-patch-pack\/"},"modified":"2024-08-21T00:03:23","modified_gmt":"2024-08-20T23:03:23","slug":"n-bogdanov-patch-pack-2","status":"publish","type":"product","link":"https:\/\/scramblestuff.com\/eu\/es\/p\/n-bogdanov-patch-pack-2\/","title":{"rendered":"N. Bogdanov Patch Pack"},"content":{"rendered":"<p>Reuniendo algunas de nuestras ilustraciones favoritas de nuestro amigo Nemanja Bogdanov, este paquete de parches para tu gi incluye Wrist Locking White Belts is Not a Crime (Hacer Llaves de Mu\u00f1eca a Cinturones Blancos No es un Crimen), lo cual es realmente exacto. Tambi\u00e9n incluye Coffin Boy (Ni\u00f1o Ata\u00fad) y un mont\u00f3n de otras bromas nerd en jiujitsu que amamos, ejecutadas al fr\u00edo estilo de Bogdanov.<\/p>\n","protected":false},"excerpt":{"rendered":"<p>Cada parche es de aproximadamente 8-10 cm de ancho.<\/p>\n","protected":false},"featured_media":70276,"comment_status":"open","ping_status":"closed","template":"","meta":{"_editorskit_title_hidden":false,"_editorskit_reading_time":0,"_editorskit_is_block_options_detached":false,"_editorskit_block_options_position":"{}"},"product_brand":[],"product_cat":[224,186],"product_tag":[],"giftcard-category":[],"class_list":{"0":"post-71777","1":"product","2":"type-product","3":"status-publish","4":"has-post-thumbnail","6":"product_cat-parches","7":"product_cat-todos-los-productos","9":"first","10":"outofstock","11":"taxable","12":"shipping-taxable","13":"purchasable","14":"product-type-simple"},"_links":{"self":[{"href":"https:\/\/scramblestuff.com\/eu\/es\/wp-json\/wp\/v2\/product\/71777","targetHints":{"allow":["GET"]}}],"collection":[{"href":"https:\/\/scramblestuff.com\/eu\/es\/wp-json\/wp\/v2\/product"}],"about":[{"href":"https:\/\/scramblestuff.com\/eu\/es\/wp-json\/wp\/v2\/types\/product"}],"replies":[{"embeddable":true,"href":"https:\/\/scramblestuff.com\/eu\/es\/wp-json\/wp\/v2\/comments?post=71777"}],"wp:featuredmedia":[{"embeddable":true,"href":"https:\/\/scramblestuff.com\/eu\/es\/wp-json\/wp\/v2\/media\/70276"}],"wp:attachment":[{"href":"https:\/\/scramblestuff.com\/eu\/es\/wp-json\/wp\/v2\/media?parent=71777"}],"wp:term":[{"taxonomy":"product_brand","embeddable":true,"href":"https:\/\/scramblestuff.com\/eu\/es\/wp-json\/wp\/v2\/product_brand?post=71777"},{"taxonomy":"product_cat","embeddable":true,"href":"https:\/\/scramblestuff.com\/eu\/es\/wp-json\/wp\/v2\/product_cat?post=71777"},{"taxonomy":"product_tag","embeddable":true,"href":"https:\/\/scramblestuff.com\/eu\/es\/wp-json\/wp\/v2\/product_tag?post=71777"},{"taxonomy":"giftcard-category","embeddable":true,"href":"https:\/\/scramblestuff.com\/eu\/es\/wp-json\/wp\/v2\/giftcard-category?post=71777"}],"curies":[{"name":"wp","href":"https:\/\/api.w.org\/{rel}","templated":true}]}}