{"id":71816,"date":"2021-07-15T12:42:24","date_gmt":"2022-10-31T14:30:25","guid":{"rendered":"https:\/\/scramblestuff.com\/eu\/p\/scramble-snake-and-dove-hoody\/"},"modified":"2023-04-18T12:00:03","modified_gmt":"2023-04-18T11:00:03","slug":"scramble-snake-and-dove-hoody-2","status":"publish","type":"product","link":"https:\/\/scramblestuff.com\/eu\/es\/p\/scramble-snake-and-dove-hoody-2\/","title":{"rendered":"Scramble Snake and Dove Hoody"},"content":{"rendered":"<p>El tema es Paz Interior \u262f\ufe0f, Violencia Exterior \u2694\ufe0f<\/p>\n<p>Debes civilizar la mente pero hacer salvaje al cuerpo.<\/p>\n<p>Al entrenar y competir, debemos sentirnos internamente tranquilos y en paz, mientras que externamente nuestras acciones son violentas. No luchamos con malicia hacia nuestros oponentes, pero los candados y estrangulamientos son inherentemente violentos.<\/p>\n<p>Este tema tambi\u00e9n celebra la curiosa yuxtaposici\u00f3n entre paz y violencia, de forma que nuestro entrenamiento en el arte de la violencia nos trae paz y nos acerca cada vez m\u00e1s como amigos y comunidades.<\/p>\n<p>Esta sudadera con capucha tiene un dise\u00f1o de Serpiente y Paloma, simbolizando los dos lados dicot\u00f3micos de la violencia y la paz.<\/p>\n<p>Sudadera premium con cremallera, con una mezcla suave y c\u00f3moda de poli\u00e9ster y algod\u00f3n. Interior de forro polar cepillado.<\/p>\n","protected":false},"excerpt":{"rendered":"<p>Parte de la colecci\u00f3n en curso Paz Interior\/Violencia Exterior<\/p>\n<p>Obra del tatuador italiano Hellsandro<\/p>\n<p>Sudadera con cremallera de peso medio<\/p>\n","protected":false},"featured_media":13079,"comment_status":"open","ping_status":"closed","template":"","meta":{"_editorskit_title_hidden":false,"_editorskit_reading_time":0,"_editorskit_is_block_options_detached":false,"_editorskit_block_options_position":"{}"},"product_brand":[],"product_cat":[194,190,186,232],"product_tag":[],"giftcard-category":[],"class_list":{"0":"post-71816","1":"product","2":"type-product","3":"status-publish","4":"has-post-thumbnail","6":"product_cat-campanas-sudaderas","7":"product_cat-ropa-casual","8":"product_cat-todos-los-productos","9":"product_cat-venta","11":"first","12":"outofstock","13":"taxable","14":"shipping-taxable","15":"purchasable","16":"product-type-variable"},"_links":{"self":[{"href":"https:\/\/scramblestuff.com\/eu\/es\/wp-json\/wp\/v2\/product\/71816","targetHints":{"allow":["GET"]}}],"collection":[{"href":"https:\/\/scramblestuff.com\/eu\/es\/wp-json\/wp\/v2\/product"}],"about":[{"href":"https:\/\/scramblestuff.com\/eu\/es\/wp-json\/wp\/v2\/types\/product"}],"replies":[{"embeddable":true,"href":"https:\/\/scramblestuff.com\/eu\/es\/wp-json\/wp\/v2\/comments?post=71816"}],"wp:featuredmedia":[{"embeddable":true,"href":"https:\/\/scramblestuff.com\/eu\/es\/wp-json\/wp\/v2\/media\/13079"}],"wp:attachment":[{"href":"https:\/\/scramblestuff.com\/eu\/es\/wp-json\/wp\/v2\/media?parent=71816"}],"wp:term":[{"taxonomy":"product_brand","embeddable":true,"href":"https:\/\/scramblestuff.com\/eu\/es\/wp-json\/wp\/v2\/product_brand?post=71816"},{"taxonomy":"product_cat","embeddable":true,"href":"https:\/\/scramblestuff.com\/eu\/es\/wp-json\/wp\/v2\/product_cat?post=71816"},{"taxonomy":"product_tag","embeddable":true,"href":"https:\/\/scramblestuff.com\/eu\/es\/wp-json\/wp\/v2\/product_tag?post=71816"},{"taxonomy":"giftcard-category","embeddable":true,"href":"https:\/\/scramblestuff.com\/eu\/es\/wp-json\/wp\/v2\/giftcard-category?post=71816"}],"curies":[{"name":"wp","href":"https:\/\/api.w.org\/{rel}","templated":true}]}}