{"id":71953,"date":"2021-07-15T13:48:10","date_gmt":"2022-11-04T14:09:20","guid":{"rendered":"https:\/\/scramblestuff.com\/eu\/p\/scramble-tactic-rashguard-woodland-camo\/"},"modified":"2022-11-04T14:09:24","modified_gmt":"2022-11-04T14:09:24","slug":"scramble-tactic-rashguard-woodland-camo","status":"publish","type":"product","link":"https:\/\/scramblestuff.com\/eu\/es\/p\/scramble-tactic-rashguard-woodland-camo\/","title":{"rendered":"Scramble Tactic Rashguard &#8211; Woodland Camo"},"content":{"rendered":"<p>Siguiendo el corte y ajuste de la rashguard Tactic, esta actualizaci\u00f3n incluye un patr\u00f3n de bosque personalizado Scramble, un nuevo logotipo de Block en el frente y un patr\u00f3n de corte de paneles m\u00faltiples. Los paneles permiten un ajuste m\u00e1s integral y se adaptan a una variedad de tipos de cuerpo sin perder la forma. Paneles de malla en las axilas brindan ventilaci\u00f3n. Trate de no ventilar justo en la cara de tu colega, \u00bfde acuerdo?<\/p>\n","protected":false},"excerpt":{"rendered":"<p>Calidad superior, dise\u00f1o de paneles m\u00faltiples No estoy seguro si puedes verlo porque es camuflaje Pero es un patr\u00f3n de camuflaje de bosque personalizado Genial<\/p>\n","protected":false},"featured_media":13195,"comment_status":"open","ping_status":"closed","template":"","meta":{"_editorskit_title_hidden":false,"_editorskit_reading_time":0,"_editorskit_is_block_options_detached":false,"_editorskit_block_options_position":"{}"},"product_brand":[],"product_cat":[214,336,337,186],"product_tag":[],"giftcard-category":[],"class_list":{"0":"post-71953","1":"product","2":"type-product","3":"status-publish","4":"has-post-thumbnail","6":"product_cat-desgaste-de-lucha","7":"product_cat-mma-es","8":"product_cat-rashguards-es","9":"product_cat-todos-los-productos","11":"first","12":"outofstock","13":"taxable","14":"shipping-taxable","15":"purchasable","16":"product-type-variable"},"_links":{"self":[{"href":"https:\/\/scramblestuff.com\/eu\/es\/wp-json\/wp\/v2\/product\/71953","targetHints":{"allow":["GET"]}}],"collection":[{"href":"https:\/\/scramblestuff.com\/eu\/es\/wp-json\/wp\/v2\/product"}],"about":[{"href":"https:\/\/scramblestuff.com\/eu\/es\/wp-json\/wp\/v2\/types\/product"}],"replies":[{"embeddable":true,"href":"https:\/\/scramblestuff.com\/eu\/es\/wp-json\/wp\/v2\/comments?post=71953"}],"wp:featuredmedia":[{"embeddable":true,"href":"https:\/\/scramblestuff.com\/eu\/es\/wp-json\/wp\/v2\/media\/13195"}],"wp:attachment":[{"href":"https:\/\/scramblestuff.com\/eu\/es\/wp-json\/wp\/v2\/media?parent=71953"}],"wp:term":[{"taxonomy":"product_brand","embeddable":true,"href":"https:\/\/scramblestuff.com\/eu\/es\/wp-json\/wp\/v2\/product_brand?post=71953"},{"taxonomy":"product_cat","embeddable":true,"href":"https:\/\/scramblestuff.com\/eu\/es\/wp-json\/wp\/v2\/product_cat?post=71953"},{"taxonomy":"product_tag","embeddable":true,"href":"https:\/\/scramblestuff.com\/eu\/es\/wp-json\/wp\/v2\/product_tag?post=71953"},{"taxonomy":"giftcard-category","embeddable":true,"href":"https:\/\/scramblestuff.com\/eu\/es\/wp-json\/wp\/v2\/giftcard-category?post=71953"}],"curies":[{"name":"wp","href":"https:\/\/api.w.org\/{rel}","templated":true}]}}