{"id":71960,"date":"2021-08-27T11:32:56","date_gmt":"2022-11-04T14:19:34","guid":{"rendered":"https:\/\/scramblestuff.com\/eu\/p\/scramble-snake-and-dove-vest\/"},"modified":"2023-01-31T11:34:07","modified_gmt":"2023-01-31T11:34:07","slug":"scramble-snake-and-dove-vest-2","status":"publish","type":"product","link":"https:\/\/scramblestuff.com\/eu\/es\/p\/scramble-snake-and-dove-vest-2\/","title":{"rendered":"Scramble Snake and Dove Vest"},"content":{"rendered":"<p>El tema es Paz Interior, Violencia Exterior<\/p>\n<p>Debes civilizar la mente pero hacer salvaje al cuerpo.<\/p>\n<p>Al entrenar y competir, debemos sentirnos internamente tranquilos y en paz, mientras que externamente nuestras acciones son violentas. No luchamos con malicia hacia nuestros oponentes, pero los candados y estrangulamientos son inherentemente violentos.<\/p>\n<p>Este tema tambi\u00e9n celebra la curiosa yuxtaposici\u00f3n entre paz y violencia, de forma que nuestro entrenamiento en el arte de la violencia nos trae paz y nos acerca cada vez m\u00e1s como amigos y comunidades.<\/p>\n<p>Esta camiseta sin mangas tiene un dise\u00f1o de serpiente y paloma, s\u00edmbolos cl\u00e1sicos de paz y peligro, que muestran la relaci\u00f3n entre amor y odio, paz y violencia, vida y muerte.<\/p>\n","protected":false},"excerpt":{"rendered":"<p>Short description:<\/p>\n<p>Camiseta sin mangas de tama\u00f1o regular<\/p>\n<p>Colaboraci\u00f3n con el tatuador italiano Hellsandro<\/p>\n<p>Colecci\u00f3n Paz &amp; Violencia<\/p>\n","protected":false},"featured_media":13453,"comment_status":"open","ping_status":"closed","template":"","meta":{"_editorskit_title_hidden":false,"_editorskit_reading_time":0,"_editorskit_is_block_options_detached":false,"_editorskit_block_options_position":"{}"},"product_brand":[],"product_cat":[210,190,27,186,232],"product_tag":[],"giftcard-category":[],"class_list":{"0":"post-71960","1":"product","2":"type-product","3":"status-publish","4":"has-post-thumbnail","6":"product_cat-camisetas","7":"product_cat-ropa-casual","8":"product_cat-sale","9":"product_cat-todos-los-productos","10":"product_cat-venta","12":"first","13":"outofstock","14":"taxable","15":"shipping-taxable","16":"purchasable","17":"product-type-variable"},"_links":{"self":[{"href":"https:\/\/scramblestuff.com\/eu\/es\/wp-json\/wp\/v2\/product\/71960","targetHints":{"allow":["GET"]}}],"collection":[{"href":"https:\/\/scramblestuff.com\/eu\/es\/wp-json\/wp\/v2\/product"}],"about":[{"href":"https:\/\/scramblestuff.com\/eu\/es\/wp-json\/wp\/v2\/types\/product"}],"replies":[{"embeddable":true,"href":"https:\/\/scramblestuff.com\/eu\/es\/wp-json\/wp\/v2\/comments?post=71960"}],"wp:featuredmedia":[{"embeddable":true,"href":"https:\/\/scramblestuff.com\/eu\/es\/wp-json\/wp\/v2\/media\/13453"}],"wp:attachment":[{"href":"https:\/\/scramblestuff.com\/eu\/es\/wp-json\/wp\/v2\/media?parent=71960"}],"wp:term":[{"taxonomy":"product_brand","embeddable":true,"href":"https:\/\/scramblestuff.com\/eu\/es\/wp-json\/wp\/v2\/product_brand?post=71960"},{"taxonomy":"product_cat","embeddable":true,"href":"https:\/\/scramblestuff.com\/eu\/es\/wp-json\/wp\/v2\/product_cat?post=71960"},{"taxonomy":"product_tag","embeddable":true,"href":"https:\/\/scramblestuff.com\/eu\/es\/wp-json\/wp\/v2\/product_tag?post=71960"},{"taxonomy":"giftcard-category","embeddable":true,"href":"https:\/\/scramblestuff.com\/eu\/es\/wp-json\/wp\/v2\/giftcard-category?post=71960"}],"curies":[{"name":"wp","href":"https:\/\/api.w.org\/{rel}","templated":true}]}}