{"id":72023,"date":"2021-10-27T14:38:03","date_gmt":"2022-11-11T16:21:32","guid":{"rendered":"https:\/\/scramblestuff.com\/eu\/p\/scramble-samue-jacket-grey\/"},"modified":"2022-11-11T16:21:32","modified_gmt":"2022-11-11T16:21:32","slug":"scramble-samue-jacket-grey-2","status":"publish","type":"product","link":"https:\/\/scramblestuff.com\/eu\/es\/p\/scramble-samue-jacket-grey-2\/","title":{"rendered":"Scramble Samue Jacket &#8211; Grey"},"content":{"rendered":"<p>Chaqueta jersey de algod\u00f3n suave inspirada por el estilo de kimono jiujitsu y el atuendo tradicional del templo zen: el Samue de Scramble. El Samue es un tipo de chaqueta que usan los monjes del templo Zen durante sus actividades. Lo tomamos como inspiraci\u00f3n y agregamos caracter\u00edsticas de nuestros gis de jiujitsu (los dobladillos redondeados, las l\u00edneas de puntadas en el pecho y la espalda) para crear una chaqueta \u00fanica, algunos podr\u00edan decir una c\u00e1rdigan, que es ideal para descansar en casa, antes o despu\u00e9s de entrenar. O, ya sabes, para barrer las hojas con una escoba en tu templo local.<\/p>\n","protected":false},"excerpt":{"rendered":"<p>Jersey Gi \/ Su\u00e9ter de algod\u00f3n h\u00edbrido de peso medio de bucle El \u201cSoyunardigan\u201d si lo deseas<\/p>\n","protected":false},"featured_media":60670,"comment_status":"open","ping_status":"closed","template":"","meta":{"_editorskit_title_hidden":false,"_editorskit_reading_time":0,"_editorskit_is_block_options_detached":false,"_editorskit_block_options_position":"{}"},"product_brand":[],"product_cat":[194,202,190,186],"product_tag":[],"giftcard-category":[],"class_list":{"0":"post-72023","1":"product","2":"type-product","3":"status-publish","4":"has-post-thumbnail","6":"product_cat-campanas-sudaderas","7":"product_cat-chaquetas","8":"product_cat-ropa-casual","9":"product_cat-todos-los-productos","11":"first","12":"outofstock","13":"taxable","14":"shipping-taxable","15":"purchasable","16":"product-type-variable"},"_links":{"self":[{"href":"https:\/\/scramblestuff.com\/eu\/es\/wp-json\/wp\/v2\/product\/72023","targetHints":{"allow":["GET"]}}],"collection":[{"href":"https:\/\/scramblestuff.com\/eu\/es\/wp-json\/wp\/v2\/product"}],"about":[{"href":"https:\/\/scramblestuff.com\/eu\/es\/wp-json\/wp\/v2\/types\/product"}],"replies":[{"embeddable":true,"href":"https:\/\/scramblestuff.com\/eu\/es\/wp-json\/wp\/v2\/comments?post=72023"}],"wp:featuredmedia":[{"embeddable":true,"href":"https:\/\/scramblestuff.com\/eu\/es\/wp-json\/wp\/v2\/media\/60670"}],"wp:attachment":[{"href":"https:\/\/scramblestuff.com\/eu\/es\/wp-json\/wp\/v2\/media?parent=72023"}],"wp:term":[{"taxonomy":"product_brand","embeddable":true,"href":"https:\/\/scramblestuff.com\/eu\/es\/wp-json\/wp\/v2\/product_brand?post=72023"},{"taxonomy":"product_cat","embeddable":true,"href":"https:\/\/scramblestuff.com\/eu\/es\/wp-json\/wp\/v2\/product_cat?post=72023"},{"taxonomy":"product_tag","embeddable":true,"href":"https:\/\/scramblestuff.com\/eu\/es\/wp-json\/wp\/v2\/product_tag?post=72023"},{"taxonomy":"giftcard-category","embeddable":true,"href":"https:\/\/scramblestuff.com\/eu\/es\/wp-json\/wp\/v2\/giftcard-category?post=72023"}],"curies":[{"name":"wp","href":"https:\/\/api.w.org\/{rel}","templated":true}]}}