{"id":72530,"date":"2021-11-10T11:59:36","date_gmt":"2022-11-16T14:29:43","guid":{"rendered":"https:\/\/scramblestuff.com\/eu\/p\/scramble-base-spats-woodland-camo\/"},"modified":"2022-11-16T14:37:08","modified_gmt":"2022-11-16T14:37:08","slug":"scramble-base-spats-woodland-camo","status":"publish","type":"product","link":"https:\/\/scramblestuff.com\/eu\/es\/p\/scramble-base-spats-woodland-camo\/","title":{"rendered":"Scramble Base Spats &#8211; Woodland Camo"},"content":{"rendered":"<p>Parte de la serie BASE de Scramble, una serie dise\u00f1ada para equilibrar la forma y la funci\u00f3n, con una marca simple, consistente y una amplia gama de colores. La serie Base prioriza el ajuste, la sensaci\u00f3n y los materiales para hacer ropa de entrenamiento c\u00f3moda pero audaz.<\/p>\n<p>Estos spats para grappling \/ MMA sin gi presentan nuestro patr\u00f3n de camuflaje al estilo Scramble Woodland.<\/p>\n","protected":false},"excerpt":{"rendered":"<p>Parte de la serie Base de equipo de entrenamiento<\/p>\n<p>Patr\u00f3n de camuflaje Scramble Woodland personalizado<\/p>\n<p>El ajuste es ce\u00f1ido \/ atl\u00e9tico<\/p>\n","protected":false},"featured_media":69200,"comment_status":"open","ping_status":"closed","template":"","meta":{"_editorskit_title_hidden":false,"_editorskit_reading_time":0,"_editorskit_is_block_options_detached":false,"_editorskit_block_options_position":"{}"},"product_brand":[],"product_cat":[214,336,363,186],"product_tag":[],"giftcard-category":[],"class_list":{"0":"post-72530","1":"product","2":"type-product","3":"status-publish","4":"has-post-thumbnail","6":"product_cat-desgaste-de-lucha","7":"product_cat-mma-es","8":"product_cat-spats-tights-es","9":"product_cat-todos-los-productos","11":"first","12":"outofstock","13":"taxable","14":"shipping-taxable","15":"purchasable","16":"product-type-variable"},"_links":{"self":[{"href":"https:\/\/scramblestuff.com\/eu\/es\/wp-json\/wp\/v2\/product\/72530","targetHints":{"allow":["GET"]}}],"collection":[{"href":"https:\/\/scramblestuff.com\/eu\/es\/wp-json\/wp\/v2\/product"}],"about":[{"href":"https:\/\/scramblestuff.com\/eu\/es\/wp-json\/wp\/v2\/types\/product"}],"replies":[{"embeddable":true,"href":"https:\/\/scramblestuff.com\/eu\/es\/wp-json\/wp\/v2\/comments?post=72530"}],"wp:featuredmedia":[{"embeddable":true,"href":"https:\/\/scramblestuff.com\/eu\/es\/wp-json\/wp\/v2\/media\/69200"}],"wp:attachment":[{"href":"https:\/\/scramblestuff.com\/eu\/es\/wp-json\/wp\/v2\/media?parent=72530"}],"wp:term":[{"taxonomy":"product_brand","embeddable":true,"href":"https:\/\/scramblestuff.com\/eu\/es\/wp-json\/wp\/v2\/product_brand?post=72530"},{"taxonomy":"product_cat","embeddable":true,"href":"https:\/\/scramblestuff.com\/eu\/es\/wp-json\/wp\/v2\/product_cat?post=72530"},{"taxonomy":"product_tag","embeddable":true,"href":"https:\/\/scramblestuff.com\/eu\/es\/wp-json\/wp\/v2\/product_tag?post=72530"},{"taxonomy":"giftcard-category","embeddable":true,"href":"https:\/\/scramblestuff.com\/eu\/es\/wp-json\/wp\/v2\/giftcard-category?post=72530"}],"curies":[{"name":"wp","href":"https:\/\/api.w.org\/{rel}","templated":true}]}}