{"id":72630,"date":"2021-12-01T13:47:35","date_gmt":"2022-11-16T16:09:00","guid":{"rendered":"https:\/\/scramblestuff.com\/eu\/p\/scramble-sportif-tee-green\/"},"modified":"2022-11-16T16:09:00","modified_gmt":"2022-11-16T16:09:00","slug":"scramble-sportif-tee-green-2","status":"publish","type":"product","link":"https:\/\/scramblestuff.com\/eu\/es\/p\/scramble-sportif-tee-green-2\/","title":{"rendered":"Scramble Sportif Tee &#8211; Green"},"content":{"rendered":"<p>Esta es una camiseta de algod\u00f3n org\u00e1nico suave, grueso y de muy alta calidad que presenta el logotipo de Scramble que conoces y amas, solo que no, es m\u00e1s bien un nuevo logotipo de Scramble que llegar\u00e1s a conocer y amar eventualmente, una vez que llegues a conocerlo y amarlo.<\/p>\n<p>Es 3D, lo cual est\u00e1 bien, excepto que obviamente es 2D, lo cual es extra\u00f1o si lo piensas. As\u00ed como los juegos en 3D en las pantallas de las computadoras, que son completamente 3D, excepto que no lo son, son una representaci\u00f3n en 2D de un mundo en 3D, lo que b\u00e1sicamente significa que estamos viviendo en una simulaci\u00f3n.<\/p>\n<p>Aunque las camisetas est\u00e1n geniales.<\/p>\n","protected":false},"excerpt":{"rendered":"<p>Algod\u00f3n org\u00e1nico premium<br \/>\nCalidad de impresi\u00f3n s\u00faper suave<br \/>\nLogotipo 3D para que todos sepan que eres elegante Y hueles estupendo<\/p>\n","protected":false},"featured_media":69920,"comment_status":"open","ping_status":"closed","template":"","meta":{"_editorskit_title_hidden":false,"_editorskit_reading_time":0,"_editorskit_is_block_options_detached":false,"_editorskit_block_options_position":"{}"},"product_brand":[],"product_cat":[210,190,27,186,232],"product_tag":[],"giftcard-category":[],"class_list":{"0":"post-72630","1":"product","2":"type-product","3":"status-publish","4":"has-post-thumbnail","6":"product_cat-camisetas","7":"product_cat-ropa-casual","8":"product_cat-sale","9":"product_cat-todos-los-productos","10":"product_cat-venta","12":"first","13":"outofstock","14":"taxable","15":"shipping-taxable","16":"purchasable","17":"product-type-variable"},"_links":{"self":[{"href":"https:\/\/scramblestuff.com\/eu\/es\/wp-json\/wp\/v2\/product\/72630","targetHints":{"allow":["GET"]}}],"collection":[{"href":"https:\/\/scramblestuff.com\/eu\/es\/wp-json\/wp\/v2\/product"}],"about":[{"href":"https:\/\/scramblestuff.com\/eu\/es\/wp-json\/wp\/v2\/types\/product"}],"replies":[{"embeddable":true,"href":"https:\/\/scramblestuff.com\/eu\/es\/wp-json\/wp\/v2\/comments?post=72630"}],"wp:featuredmedia":[{"embeddable":true,"href":"https:\/\/scramblestuff.com\/eu\/es\/wp-json\/wp\/v2\/media\/69920"}],"wp:attachment":[{"href":"https:\/\/scramblestuff.com\/eu\/es\/wp-json\/wp\/v2\/media?parent=72630"}],"wp:term":[{"taxonomy":"product_brand","embeddable":true,"href":"https:\/\/scramblestuff.com\/eu\/es\/wp-json\/wp\/v2\/product_brand?post=72630"},{"taxonomy":"product_cat","embeddable":true,"href":"https:\/\/scramblestuff.com\/eu\/es\/wp-json\/wp\/v2\/product_cat?post=72630"},{"taxonomy":"product_tag","embeddable":true,"href":"https:\/\/scramblestuff.com\/eu\/es\/wp-json\/wp\/v2\/product_tag?post=72630"},{"taxonomy":"giftcard-category","embeddable":true,"href":"https:\/\/scramblestuff.com\/eu\/es\/wp-json\/wp\/v2\/giftcard-category?post=72630"}],"curies":[{"name":"wp","href":"https:\/\/api.w.org\/{rel}","templated":true}]}}