{"id":72637,"date":"2021-12-01T14:04:43","date_gmt":"2022-11-16T16:25:52","guid":{"rendered":"https:\/\/scramblestuff.com\/eu\/p\/scramble-meiyo-tee-black\/"},"modified":"2022-11-16T16:25:52","modified_gmt":"2022-11-16T16:25:52","slug":"scramble-meiyo-tee-black-2","status":"publish","type":"product","link":"https:\/\/scramblestuff.com\/eu\/es\/p\/scramble-meiyo-tee-black-2\/","title":{"rendered":"Scramble Meiyo Tee &#8211; Black"},"content":{"rendered":"<p>Nuestra gama premium de camisetas de algod\u00f3n org\u00e1nico de peso pesado. Gruesa, suave y c\u00f3moda, con un estampado liso a base de agua suave al tacto.<\/p>\n<p>El estampado presenta un dise\u00f1o de la tatuadora Sophie Gibbons, en este caso, inspirada en la aparici\u00f3n del Scrambler Brad Hill en el mejor espect\u00e1culo de lucha del mundo, Polaris.<\/p>\n<p>Brad vs Espen<\/p>\n","protected":false},"excerpt":{"rendered":"<p>Algod\u00f3n org\u00e1nico premium<br \/>\nCalidad de impresi\u00f3n s\u00faper suave<br \/>\nArte original de Sophie Gibbons, tatuadora<\/p>\n","protected":false},"featured_media":69450,"comment_status":"open","ping_status":"closed","template":"","meta":{"_editorskit_title_hidden":false,"_editorskit_reading_time":0,"_editorskit_is_block_options_detached":false,"_editorskit_block_options_position":"{}"},"product_brand":[],"product_cat":[210,190,27,186,232],"product_tag":[],"giftcard-category":[],"class_list":{"0":"post-72637","1":"product","2":"type-product","3":"status-publish","4":"has-post-thumbnail","6":"product_cat-camisetas","7":"product_cat-ropa-casual","8":"product_cat-sale","9":"product_cat-todos-los-productos","10":"product_cat-venta","12":"first","13":"outofstock","14":"taxable","15":"shipping-taxable","16":"purchasable","17":"product-type-variable"},"_links":{"self":[{"href":"https:\/\/scramblestuff.com\/eu\/es\/wp-json\/wp\/v2\/product\/72637","targetHints":{"allow":["GET"]}}],"collection":[{"href":"https:\/\/scramblestuff.com\/eu\/es\/wp-json\/wp\/v2\/product"}],"about":[{"href":"https:\/\/scramblestuff.com\/eu\/es\/wp-json\/wp\/v2\/types\/product"}],"replies":[{"embeddable":true,"href":"https:\/\/scramblestuff.com\/eu\/es\/wp-json\/wp\/v2\/comments?post=72637"}],"wp:featuredmedia":[{"embeddable":true,"href":"https:\/\/scramblestuff.com\/eu\/es\/wp-json\/wp\/v2\/media\/69450"}],"wp:attachment":[{"href":"https:\/\/scramblestuff.com\/eu\/es\/wp-json\/wp\/v2\/media?parent=72637"}],"wp:term":[{"taxonomy":"product_brand","embeddable":true,"href":"https:\/\/scramblestuff.com\/eu\/es\/wp-json\/wp\/v2\/product_brand?post=72637"},{"taxonomy":"product_cat","embeddable":true,"href":"https:\/\/scramblestuff.com\/eu\/es\/wp-json\/wp\/v2\/product_cat?post=72637"},{"taxonomy":"product_tag","embeddable":true,"href":"https:\/\/scramblestuff.com\/eu\/es\/wp-json\/wp\/v2\/product_tag?post=72637"},{"taxonomy":"giftcard-category","embeddable":true,"href":"https:\/\/scramblestuff.com\/eu\/es\/wp-json\/wp\/v2\/giftcard-category?post=72637"}],"curies":[{"name":"wp","href":"https:\/\/api.w.org\/{rel}","templated":true}]}}