{"id":72940,"date":"2022-11-15T11:45:55","date_gmt":"2022-11-23T17:00:41","guid":{"rendered":"https:\/\/scramblestuff.com\/eu\/p\/yin-yang-hoody-green\/"},"modified":"2022-11-23T17:00:43","modified_gmt":"2022-11-23T17:00:43","slug":"yin-yang-hoody-green","status":"publish","type":"product","link":"https:\/\/scramblestuff.com\/eu\/es\/p\/yin-yang-hoody-green\/","title":{"rendered":"Yin Yang Hoody &#8211; Green"},"content":{"rendered":"<p>El conjunto Scramble Yin Yang de jogger y sudadera con capucha es un conjunto de jogger relajado y c\u00f3modo hecho de algod\u00f3n de calidad, con estampados asim\u00e9tricos \u00fanicos y detalles sutiles. Basado en el tema de la Paz por Mandato Superior, tenemos un tratamiento de logotipo Scramble Yin Yang, as\u00ed como nuestra combinaci\u00f3n caracter\u00edstica de tipograf\u00eda japonesa y occidental.<\/p>\n","protected":false},"excerpt":{"rendered":"<p>Sudadera con ajuste relajado<br \/>\nCorte y costura personalizados con ubicaciones de impresi\u00f3n \u00fanicas<br \/>\nEl tema de Paz por Mandato Superior<\/p>\n","protected":false},"featured_media":72219,"comment_status":"open","ping_status":"closed","template":"","meta":{"_editorskit_title_hidden":false,"_editorskit_reading_time":0,"_editorskit_is_block_options_detached":false,"_editorskit_block_options_position":"{}"},"product_brand":[],"product_cat":[194,190,186,232],"product_tag":[],"giftcard-category":[],"class_list":{"0":"post-72940","1":"product","2":"type-product","3":"status-publish","4":"has-post-thumbnail","6":"product_cat-campanas-sudaderas","7":"product_cat-ropa-casual","8":"product_cat-todos-los-productos","9":"product_cat-venta","11":"first","12":"outofstock","13":"taxable","14":"shipping-taxable","15":"purchasable","16":"product-type-variable"},"_links":{"self":[{"href":"https:\/\/scramblestuff.com\/eu\/es\/wp-json\/wp\/v2\/product\/72940","targetHints":{"allow":["GET"]}}],"collection":[{"href":"https:\/\/scramblestuff.com\/eu\/es\/wp-json\/wp\/v2\/product"}],"about":[{"href":"https:\/\/scramblestuff.com\/eu\/es\/wp-json\/wp\/v2\/types\/product"}],"replies":[{"embeddable":true,"href":"https:\/\/scramblestuff.com\/eu\/es\/wp-json\/wp\/v2\/comments?post=72940"}],"wp:featuredmedia":[{"embeddable":true,"href":"https:\/\/scramblestuff.com\/eu\/es\/wp-json\/wp\/v2\/media\/72219"}],"wp:attachment":[{"href":"https:\/\/scramblestuff.com\/eu\/es\/wp-json\/wp\/v2\/media?parent=72940"}],"wp:term":[{"taxonomy":"product_brand","embeddable":true,"href":"https:\/\/scramblestuff.com\/eu\/es\/wp-json\/wp\/v2\/product_brand?post=72940"},{"taxonomy":"product_cat","embeddable":true,"href":"https:\/\/scramblestuff.com\/eu\/es\/wp-json\/wp\/v2\/product_cat?post=72940"},{"taxonomy":"product_tag","embeddable":true,"href":"https:\/\/scramblestuff.com\/eu\/es\/wp-json\/wp\/v2\/product_tag?post=72940"},{"taxonomy":"giftcard-category","embeddable":true,"href":"https:\/\/scramblestuff.com\/eu\/es\/wp-json\/wp\/v2\/giftcard-category?post=72940"}],"curies":[{"name":"wp","href":"https:\/\/api.w.org\/{rel}","templated":true}]}}