{"id":73000,"date":"2022-11-15T15:09:45","date_gmt":"2022-11-24T15:53:24","guid":{"rendered":"https:\/\/scramblestuff.com\/eu\/p\/mochi-hoody-black\/"},"modified":"2022-11-24T15:53:24","modified_gmt":"2022-11-24T15:53:24","slug":"mochi-hoody-black-2","status":"publish","type":"product","link":"https:\/\/scramblestuff.com\/eu\/es\/p\/mochi-hoody-black-2\/","title":{"rendered":"Mochi Hoody &#8211; Black"},"content":{"rendered":"<p>Es \u2018solo\u2019 un logotipo bordado de chenilla en una sudadera. \u00bfPero adivina qu\u00e9? El logotipo de Scramble posee en realidad, despu\u00e9s de todos estos a\u00f1os, un gran significado, as\u00ed que JA podemos simplemente poner un logotipo en una sudadera y tenerlo listo. \u00a1SIN EMBARGO! Esto no es SOLO un logotipo. Es un asombroso logotipo bordado de chenilla. \u00a1\u00bfSabes lo que eso significa?! \u00bfLO SABES? Bueno, nosotros tampoco. Pero se siente muy bien. Ciertamente bien. Todo suave y esponjoso y\u2026 bien. No muy macho pero igual. Bien. Ya ver\u00e1s cuando lo tengas. Est\u00e1 fino.<\/p>\n","protected":false},"excerpt":{"rendered":"<p>S\u00faper suave y c\u00f3modo<br \/>\nTela Lujosa de Chenilla<br \/>\n\u00a1Suave y delicioso como un Mochi! Pero no te lo comas, \u00bfok?<\/p>\n","protected":false},"featured_media":72460,"comment_status":"open","ping_status":"closed","template":"","meta":{"_editorskit_title_hidden":false,"_editorskit_reading_time":0,"_editorskit_is_block_options_detached":false,"_editorskit_block_options_position":"{}"},"product_brand":[],"product_cat":[194,190,27,186,232],"product_tag":[],"giftcard-category":[],"class_list":{"0":"post-73000","1":"product","2":"type-product","3":"status-publish","4":"has-post-thumbnail","6":"product_cat-campanas-sudaderas","7":"product_cat-ropa-casual","8":"product_cat-sale","9":"product_cat-todos-los-productos","10":"product_cat-venta","12":"first","13":"outofstock","14":"taxable","15":"shipping-taxable","16":"purchasable","17":"product-type-variable"},"_links":{"self":[{"href":"https:\/\/scramblestuff.com\/eu\/es\/wp-json\/wp\/v2\/product\/73000","targetHints":{"allow":["GET"]}}],"collection":[{"href":"https:\/\/scramblestuff.com\/eu\/es\/wp-json\/wp\/v2\/product"}],"about":[{"href":"https:\/\/scramblestuff.com\/eu\/es\/wp-json\/wp\/v2\/types\/product"}],"replies":[{"embeddable":true,"href":"https:\/\/scramblestuff.com\/eu\/es\/wp-json\/wp\/v2\/comments?post=73000"}],"wp:featuredmedia":[{"embeddable":true,"href":"https:\/\/scramblestuff.com\/eu\/es\/wp-json\/wp\/v2\/media\/72460"}],"wp:attachment":[{"href":"https:\/\/scramblestuff.com\/eu\/es\/wp-json\/wp\/v2\/media?parent=73000"}],"wp:term":[{"taxonomy":"product_brand","embeddable":true,"href":"https:\/\/scramblestuff.com\/eu\/es\/wp-json\/wp\/v2\/product_brand?post=73000"},{"taxonomy":"product_cat","embeddable":true,"href":"https:\/\/scramblestuff.com\/eu\/es\/wp-json\/wp\/v2\/product_cat?post=73000"},{"taxonomy":"product_tag","embeddable":true,"href":"https:\/\/scramblestuff.com\/eu\/es\/wp-json\/wp\/v2\/product_tag?post=73000"},{"taxonomy":"giftcard-category","embeddable":true,"href":"https:\/\/scramblestuff.com\/eu\/es\/wp-json\/wp\/v2\/giftcard-category?post=73000"}],"curies":[{"name":"wp","href":"https:\/\/api.w.org\/{rel}","templated":true}]}}