{"id":73519,"date":"2021-09-10T11:28:30","date_gmt":"2022-12-01T16:04:19","guid":{"rendered":"https:\/\/scramblestuff.com\/eu\/p\/batie-death-squad-tee\/"},"modified":"2023-01-31T12:16:08","modified_gmt":"2023-01-31T12:16:08","slug":"batie-death-squad-tee","status":"publish","type":"product","link":"https:\/\/scramblestuff.com\/eu\/es\/p\/batie-death-squad-tee\/","title":{"rendered":"Batie Death Squad Tee"},"content":{"rendered":"<p>Esta camiseta de edici\u00f3n especial fue dise\u00f1ada en su totalidad por el cintur\u00f3n negro en BJJ Sam Crook. La camiseta se produjo en colaboraci\u00f3n con nuestros amigos de Manto, y todas las ganancias se destinar\u00e1n a la Fundaci\u00f3n Francis Ngannou. De Sam:<\/p>\n<div>\n<div class=\"_1t_p clearfix\">\n<div class=\"_41ud\">\n<div class=\"clearfix _o46 _3erg _29_7 _8lma direction_ltr text_align_ltr\">\n<div id=\"js_b8g\" class=\"_3058 _ui9 _hh7 _6ybn _s1- _52mr _3oh-\" data-tooltip-content=\"Thursday 08:19\" data-hover=\"tooltip\" data-tooltip-position=\"left\" aria-describedby=\"js_32\">\n<blockquote>\n<div class=\"_aok _7i2m\" tabindex=\"0\"><span class=\"_3oh- _58nk\">\u00abEn el pueblo de Bati\u00e9, al oeste de Camer\u00fan, la Fundaci\u00f3n Francis Ngannou est\u00e1 trabajando para dar a los ni\u00f1os desfavorecidos la oportunidad de cambiar sus vidas a trav\u00e9s de las artes marciales. El equipo de jiu-jitsu de la Fundaci\u00f3n ha adoptado el apodo de &#8216;El escuadr\u00f3n de la muerte de Bati\u00e9&#8217; (@ batiedeathsquad), y el entrenador @sammichaelcrook ha dise\u00f1ado esta camiseta para recaudar dinero para ayudar a los ni\u00f1os a lograr su sue\u00f1o de poder viajar al extranjero y competir en un torneo internacional de BJJ, \u00a1donde pueden probarse a s\u00ed mismos contra los mejores del mundo!\u00bb<\/span><\/div>\n<\/blockquote>\n<\/div>\n<\/div>\n<\/div>\n<\/div>\n<\/div>\n","protected":false},"excerpt":{"rendered":"<p>Toda ganancia va a la Fundaci\u00f3n Francis Ngannou Arte dibujado a mano por el cintur\u00f3n negro de BJJ y el instructor de la Fundaci\u00f3n Sam Crook Colaboraci\u00f3n con los colegas de Manto<\/p>\n","protected":false},"featured_media":11691,"comment_status":"open","ping_status":"closed","template":"","meta":{"_editorskit_title_hidden":false,"_editorskit_reading_time":0,"_editorskit_is_block_options_detached":false,"_editorskit_block_options_position":"{}"},"product_brand":[],"product_cat":[210,190,186,232],"product_tag":[],"giftcard-category":[],"class_list":{"0":"post-73519","1":"product","2":"type-product","3":"status-publish","4":"has-post-thumbnail","6":"product_cat-camisetas","7":"product_cat-ropa-casual","8":"product_cat-todos-los-productos","9":"product_cat-venta","11":"first","12":"outofstock","13":"taxable","14":"shipping-taxable","15":"purchasable","16":"product-type-variable"},"_links":{"self":[{"href":"https:\/\/scramblestuff.com\/eu\/es\/wp-json\/wp\/v2\/product\/73519","targetHints":{"allow":["GET"]}}],"collection":[{"href":"https:\/\/scramblestuff.com\/eu\/es\/wp-json\/wp\/v2\/product"}],"about":[{"href":"https:\/\/scramblestuff.com\/eu\/es\/wp-json\/wp\/v2\/types\/product"}],"replies":[{"embeddable":true,"href":"https:\/\/scramblestuff.com\/eu\/es\/wp-json\/wp\/v2\/comments?post=73519"}],"wp:featuredmedia":[{"embeddable":true,"href":"https:\/\/scramblestuff.com\/eu\/es\/wp-json\/wp\/v2\/media\/11691"}],"wp:attachment":[{"href":"https:\/\/scramblestuff.com\/eu\/es\/wp-json\/wp\/v2\/media?parent=73519"}],"wp:term":[{"taxonomy":"product_brand","embeddable":true,"href":"https:\/\/scramblestuff.com\/eu\/es\/wp-json\/wp\/v2\/product_brand?post=73519"},{"taxonomy":"product_cat","embeddable":true,"href":"https:\/\/scramblestuff.com\/eu\/es\/wp-json\/wp\/v2\/product_cat?post=73519"},{"taxonomy":"product_tag","embeddable":true,"href":"https:\/\/scramblestuff.com\/eu\/es\/wp-json\/wp\/v2\/product_tag?post=73519"},{"taxonomy":"giftcard-category","embeddable":true,"href":"https:\/\/scramblestuff.com\/eu\/es\/wp-json\/wp\/v2\/giftcard-category?post=73519"}],"curies":[{"name":"wp","href":"https:\/\/api.w.org\/{rel}","templated":true}]}}