{"id":73776,"date":"2021-02-10T11:36:43","date_gmt":"2022-12-09T10:47:22","guid":{"rendered":"https:\/\/scramblestuff.com\/eu\/p\/scramble-athlite-gi-female-cut-blue\/"},"modified":"2022-12-09T10:47:22","modified_gmt":"2022-12-09T10:47:22","slug":"scramble-athlite-gi-female-cut-blue-2","status":"publish","type":"product","link":"https:\/\/scramblestuff.com\/eu\/es\/p\/scramble-athlite-gi-female-cut-blue-2\/","title":{"rendered":"Scramble Athlite Gi Female Cut &#8211; Blue"},"content":{"rendered":"<p>El Athlete es el gi de jiujitsu insignia de Scramble, puesto en lo m\u00e1s alto de nuestra gama. A lo largo de los a\u00f1os hemos perfeccionado ajuste, corte y est\u00e9tica, y el resultado es un gi pulcro y bien ajustado. La mayor\u00eda de los tama\u00f1os se adaptan a un corte m\u00e1s atl\u00e9tico, de ah\u00ed el nombre. Hay tres niveles del Athlete de Scramble: La versi\u00f3n liviana, enfocada en la competici\u00f3n, la versi\u00f3n completa de peso medio, y la edici\u00f3n de coleccionista profesional.<\/p>\n<p>Este es el Athlite, creado para el competidor serio, con detalles m\u00ednimos del logotipo y una construcci\u00f3n liviana pero resistente. La combinaci\u00f3n 350 \/ 8 de parte superior e inferior deber\u00eda permitir un ajuste m\u00e1s f\u00e1cil de peso. Al ser considerablemente m\u00e1s liviano y delgado que los otros modelos, este gi no se recomienda para el entrenamiento diario ya que se desgastar\u00e1 y encoger\u00e1 a un ritmo ligeramente mayor que las versiones m\u00e1s robustas del Athlete.<\/p>\n<p>&nbsp;<\/p>\n","protected":false},"excerpt":{"rendered":"<p>Peso ligero para Competidores<\/p>\n<p>Parte superior de 350 g\/m\u00b2 \u2013 Pantalones antidesgarro de 8oz<\/p>\n<p>Materiales de primera calidad<\/p>\n","protected":false},"featured_media":12363,"comment_status":"open","ping_status":"closed","template":"","meta":{"_editorskit_title_hidden":false,"_editorskit_reading_time":0,"_editorskit_is_block_options_detached":false,"_editorskit_block_options_position":"{}"},"product_brand":[],"product_cat":[322,243,214,239,27,186],"product_tag":[],"giftcard-category":[],"class_list":{"0":"post-73776","1":"product","2":"type-product","3":"status-publish","4":"has-post-thumbnail","6":"product_cat-bjj-gi-es","7":"product_cat-de-las-mujeres-bjj-gi","8":"product_cat-desgaste-de-lucha","9":"product_cat-mujeres","10":"product_cat-sale","11":"product_cat-todos-los-productos","13":"first","14":"outofstock","15":"taxable","16":"shipping-taxable","17":"purchasable","18":"product-type-variable"},"_links":{"self":[{"href":"https:\/\/scramblestuff.com\/eu\/es\/wp-json\/wp\/v2\/product\/73776","targetHints":{"allow":["GET"]}}],"collection":[{"href":"https:\/\/scramblestuff.com\/eu\/es\/wp-json\/wp\/v2\/product"}],"about":[{"href":"https:\/\/scramblestuff.com\/eu\/es\/wp-json\/wp\/v2\/types\/product"}],"replies":[{"embeddable":true,"href":"https:\/\/scramblestuff.com\/eu\/es\/wp-json\/wp\/v2\/comments?post=73776"}],"wp:featuredmedia":[{"embeddable":true,"href":"https:\/\/scramblestuff.com\/eu\/es\/wp-json\/wp\/v2\/media\/12363"}],"wp:attachment":[{"href":"https:\/\/scramblestuff.com\/eu\/es\/wp-json\/wp\/v2\/media?parent=73776"}],"wp:term":[{"taxonomy":"product_brand","embeddable":true,"href":"https:\/\/scramblestuff.com\/eu\/es\/wp-json\/wp\/v2\/product_brand?post=73776"},{"taxonomy":"product_cat","embeddable":true,"href":"https:\/\/scramblestuff.com\/eu\/es\/wp-json\/wp\/v2\/product_cat?post=73776"},{"taxonomy":"product_tag","embeddable":true,"href":"https:\/\/scramblestuff.com\/eu\/es\/wp-json\/wp\/v2\/product_tag?post=73776"},{"taxonomy":"giftcard-category","embeddable":true,"href":"https:\/\/scramblestuff.com\/eu\/es\/wp-json\/wp\/v2\/giftcard-category?post=73776"}],"curies":[{"name":"wp","href":"https:\/\/api.w.org\/{rel}","templated":true}]}}