{"id":73849,"date":"2021-02-10T11:39:36","date_gmt":"2021-02-10T11:39:36","guid":{"rendered":"https:\/\/scramblestuff.com\/eu\/p\/scramble-athlete-gi-white\/"},"modified":"2023-06-20T13:04:06","modified_gmt":"2023-06-20T12:04:06","slug":"scramble-athlete-gi-white","status":"publish","type":"product","link":"https:\/\/scramblestuff.com\/eu\/es\/p\/scramble-athlete-gi-white\/","title":{"rendered":"Scramble Athlete Gi &#8211; White"},"content":{"rendered":"<p>El Athlete es el gi de jiujitsu insignia de Scramble, puesto en lo m\u00e1s alto de nuestra gama. A lo largo de los a\u00f1os hemos perfeccionado ajuste, corte y est\u00e9tica, y el resultado es un gi pulcro y bien ajustado. La mayor\u00eda de los tama\u00f1os se adaptan a un corte m\u00e1s atl\u00e9tico, de ah\u00ed el nombre. Hay tres niveles del Athlete de Scramble: La versi\u00f3n liviana, enfocada en la competici\u00f3n, la versi\u00f3n completa de peso medio, y la edici\u00f3n de coleccionista profesional.<\/p>\n<p>Este es el Athlete, la edici\u00f3n de gama media, aunque no tiene nada de mediocre. Este gi presenta el equilibrio perfecto entre calidad, costo y est\u00e9tica. El peso y la robustez son perfectos para el uso a diario y para competici\u00f3n con 450 g\/m\u00b2 en la parte superior. Los pantalones son ripstop, los cuales deber\u00edan resistir muchos a\u00f1os de entrenamiento y competicion rigurosos sin encogerse notablemente.<\/p>\n<p>&nbsp;<\/p>\n","protected":false},"excerpt":{"rendered":"<p>Todoterreno de peso medio<\/p>\n<p>Parte superior de tejido perlado de 450 g\/m\u00b2 \u2013 pantalones antidesgarro de 10oz<\/p>\n<p>Ideal para entrenamiento diario y uso competitivo<\/p>\n<p>Equilibrio perfecto entre costo, comodidad y est\u00e9tica<\/p>\n","protected":false},"featured_media":12631,"comment_status":"open","ping_status":"closed","template":"","meta":{"_editorskit_title_hidden":false,"_editorskit_reading_time":0,"_editorskit_is_block_options_detached":false,"_editorskit_block_options_position":"{}"},"product_brand":[],"product_cat":[322,214,186],"product_tag":[],"giftcard-category":[],"class_list":{"0":"post-73849","1":"product","2":"type-product","3":"status-publish","4":"has-post-thumbnail","6":"product_cat-bjj-gi-es","7":"product_cat-desgaste-de-lucha","8":"product_cat-todos-los-productos","10":"first","11":"outofstock","12":"taxable","13":"shipping-taxable","14":"purchasable","15":"product-type-variable"},"_links":{"self":[{"href":"https:\/\/scramblestuff.com\/eu\/es\/wp-json\/wp\/v2\/product\/73849","targetHints":{"allow":["GET"]}}],"collection":[{"href":"https:\/\/scramblestuff.com\/eu\/es\/wp-json\/wp\/v2\/product"}],"about":[{"href":"https:\/\/scramblestuff.com\/eu\/es\/wp-json\/wp\/v2\/types\/product"}],"replies":[{"embeddable":true,"href":"https:\/\/scramblestuff.com\/eu\/es\/wp-json\/wp\/v2\/comments?post=73849"}],"wp:featuredmedia":[{"embeddable":true,"href":"https:\/\/scramblestuff.com\/eu\/es\/wp-json\/wp\/v2\/media\/12631"}],"wp:attachment":[{"href":"https:\/\/scramblestuff.com\/eu\/es\/wp-json\/wp\/v2\/media?parent=73849"}],"wp:term":[{"taxonomy":"product_brand","embeddable":true,"href":"https:\/\/scramblestuff.com\/eu\/es\/wp-json\/wp\/v2\/product_brand?post=73849"},{"taxonomy":"product_cat","embeddable":true,"href":"https:\/\/scramblestuff.com\/eu\/es\/wp-json\/wp\/v2\/product_cat?post=73849"},{"taxonomy":"product_tag","embeddable":true,"href":"https:\/\/scramblestuff.com\/eu\/es\/wp-json\/wp\/v2\/product_tag?post=73849"},{"taxonomy":"giftcard-category","embeddable":true,"href":"https:\/\/scramblestuff.com\/eu\/es\/wp-json\/wp\/v2\/giftcard-category?post=73849"}],"curies":[{"name":"wp","href":"https:\/\/api.w.org\/{rel}","templated":true}]}}