{"id":73913,"date":"2021-07-15T13:49:04","date_gmt":"2022-12-14T18:52:56","guid":{"rendered":"https:\/\/scramblestuff.com\/eu\/p\/scramble-nostromo-spats\/"},"modified":"2022-12-14T18:52:56","modified_gmt":"2022-12-14T18:52:56","slug":"scramble-nostromo-spats-2","status":"publish","type":"product","link":"https:\/\/scramblestuff.com\/eu\/es\/p\/scramble-nostromo-spats-2\/","title":{"rendered":"Scramble Nostromo Spats"},"content":{"rendered":"<p>El conjunto Nostromo se inspir\u00f3 inicialmente en la est\u00e9tica de los monitores CRT de los a\u00f1os 70 y 80, pero cuanto m\u00e1s lo mir\u00e1bamos, m\u00e1s nos recordaba a los monitores de la pel\u00edcula seminal de ciencia ficci\u00f3n Alien, la cual todos amamos debido a las permanentes cicatrices mentales que nos dej\u00f3 cuando la vimos de ni\u00f1os.<\/p>\n<p>El conjunto consiste en rashguards, shorts y spats, todos ideales para grappling o cualquier deporte de combate. Las spats y el rashguard tienen un ajuste apretado y de compresi\u00f3n, mientras que los shorts son generalmente m\u00e1s holgados y livianos.<\/p>\n","protected":false},"excerpt":{"rendered":"<p>Ajuste comprimido<br \/>\nInspirado en ciencia ficci\u00f3n vintage retro<br \/>\nLos gr\u00e1ficos sublimados nunca se desvanecen, ya ves<\/p>\n","protected":false},"featured_media":13295,"comment_status":"open","ping_status":"closed","template":"","meta":{"_editorskit_title_hidden":false,"_editorskit_reading_time":0,"_editorskit_is_block_options_detached":false,"_editorskit_block_options_position":"{}"},"product_brand":[],"product_cat":[214,336,363,186],"product_tag":[],"giftcard-category":[],"class_list":{"0":"post-73913","1":"product","2":"type-product","3":"status-publish","4":"has-post-thumbnail","6":"product_cat-desgaste-de-lucha","7":"product_cat-mma-es","8":"product_cat-spats-tights-es","9":"product_cat-todos-los-productos","11":"first","12":"outofstock","13":"taxable","14":"shipping-taxable","15":"purchasable","16":"product-type-variable"},"_links":{"self":[{"href":"https:\/\/scramblestuff.com\/eu\/es\/wp-json\/wp\/v2\/product\/73913","targetHints":{"allow":["GET"]}}],"collection":[{"href":"https:\/\/scramblestuff.com\/eu\/es\/wp-json\/wp\/v2\/product"}],"about":[{"href":"https:\/\/scramblestuff.com\/eu\/es\/wp-json\/wp\/v2\/types\/product"}],"replies":[{"embeddable":true,"href":"https:\/\/scramblestuff.com\/eu\/es\/wp-json\/wp\/v2\/comments?post=73913"}],"wp:featuredmedia":[{"embeddable":true,"href":"https:\/\/scramblestuff.com\/eu\/es\/wp-json\/wp\/v2\/media\/13295"}],"wp:attachment":[{"href":"https:\/\/scramblestuff.com\/eu\/es\/wp-json\/wp\/v2\/media?parent=73913"}],"wp:term":[{"taxonomy":"product_brand","embeddable":true,"href":"https:\/\/scramblestuff.com\/eu\/es\/wp-json\/wp\/v2\/product_brand?post=73913"},{"taxonomy":"product_cat","embeddable":true,"href":"https:\/\/scramblestuff.com\/eu\/es\/wp-json\/wp\/v2\/product_cat?post=73913"},{"taxonomy":"product_tag","embeddable":true,"href":"https:\/\/scramblestuff.com\/eu\/es\/wp-json\/wp\/v2\/product_tag?post=73913"},{"taxonomy":"giftcard-category","embeddable":true,"href":"https:\/\/scramblestuff.com\/eu\/es\/wp-json\/wp\/v2\/giftcard-category?post=73913"}],"curies":[{"name":"wp","href":"https:\/\/api.w.org\/{rel}","templated":true}]}}