{"id":73958,"date":"2021-09-28T13:10:49","date_gmt":"2022-12-15T16:04:53","guid":{"rendered":"https:\/\/scramblestuff.com\/eu\/p\/scramble-3d-logo-rashguard\/"},"modified":"2022-12-15T16:04:53","modified_gmt":"2022-12-15T16:04:53","slug":"scramble-3d-logo-rashguard-2","status":"publish","type":"product","link":"https:\/\/scramblestuff.com\/eu\/es\/p\/scramble-3d-logo-rashguard-2\/","title":{"rendered":"Scramble 3d Logo Rashguard"},"content":{"rendered":"<p>Simple es mejor. Vuelta a lo b\u00e1sico con este rashguard de alta calidad con estilos minimalistas. Con un nuevo logotipo Scramble 3D en el frente y texto descriptivo en negrita en ubicaciones clave. Perfecto para jiujitsu.<\/p>\n","protected":false},"excerpt":{"rendered":"<p>Rashguard de manga larga Ajuste relajado, ordena una talla menor para un ajuste m\u00e1s ce\u00f1ido Gr\u00e1ficos sublimados<\/p>\n","protected":false},"featured_media":59998,"comment_status":"open","ping_status":"closed","template":"","meta":{"_editorskit_title_hidden":false,"_editorskit_reading_time":0,"_editorskit_is_block_options_detached":false,"_editorskit_block_options_position":"{}"},"product_brand":[],"product_cat":[214,336,337,186],"product_tag":[],"giftcard-category":[],"class_list":{"0":"post-73958","1":"product","2":"type-product","3":"status-publish","4":"has-post-thumbnail","6":"product_cat-desgaste-de-lucha","7":"product_cat-mma-es","8":"product_cat-rashguards-es","9":"product_cat-todos-los-productos","11":"first","12":"outofstock","13":"taxable","14":"shipping-taxable","15":"purchasable","16":"product-type-variable"},"_links":{"self":[{"href":"https:\/\/scramblestuff.com\/eu\/es\/wp-json\/wp\/v2\/product\/73958","targetHints":{"allow":["GET"]}}],"collection":[{"href":"https:\/\/scramblestuff.com\/eu\/es\/wp-json\/wp\/v2\/product"}],"about":[{"href":"https:\/\/scramblestuff.com\/eu\/es\/wp-json\/wp\/v2\/types\/product"}],"replies":[{"embeddable":true,"href":"https:\/\/scramblestuff.com\/eu\/es\/wp-json\/wp\/v2\/comments?post=73958"}],"wp:featuredmedia":[{"embeddable":true,"href":"https:\/\/scramblestuff.com\/eu\/es\/wp-json\/wp\/v2\/media\/59998"}],"wp:attachment":[{"href":"https:\/\/scramblestuff.com\/eu\/es\/wp-json\/wp\/v2\/media?parent=73958"}],"wp:term":[{"taxonomy":"product_brand","embeddable":true,"href":"https:\/\/scramblestuff.com\/eu\/es\/wp-json\/wp\/v2\/product_brand?post=73958"},{"taxonomy":"product_cat","embeddable":true,"href":"https:\/\/scramblestuff.com\/eu\/es\/wp-json\/wp\/v2\/product_cat?post=73958"},{"taxonomy":"product_tag","embeddable":true,"href":"https:\/\/scramblestuff.com\/eu\/es\/wp-json\/wp\/v2\/product_tag?post=73958"},{"taxonomy":"giftcard-category","embeddable":true,"href":"https:\/\/scramblestuff.com\/eu\/es\/wp-json\/wp\/v2\/giftcard-category?post=73958"}],"curies":[{"name":"wp","href":"https:\/\/api.w.org\/{rel}","templated":true}]}}