{"id":73971,"date":"2021-09-28T15:58:13","date_gmt":"2022-12-15T18:00:21","guid":{"rendered":"https:\/\/scramblestuff.com\/eu\/p\/scramble-legends-tee-kazushi-sakuraba\/"},"modified":"2022-12-15T18:00:21","modified_gmt":"2022-12-15T18:00:21","slug":"scramble-legends-tee-kazushi-sakuraba-2-2","status":"publish","type":"product","link":"https:\/\/scramblestuff.com\/eu\/es\/p\/scramble-legends-tee-kazushi-sakuraba-2-2\/","title":{"rendered":"Scramble Legends Tee &#8211; Kazushi Sakuraba"},"content":{"rendered":"<p>Susumu Nagao ha estado presente en algunos de los eventos m\u00e1s ic\u00f3nicos en la historia de las MMA, desde los eventos formativos de proto-Pride en Jap\u00f3n y los primeros UFC, hasta Rizin y los espect\u00e1culos de MMA de la actualidad. A lo largo de los a\u00f1os, ha fotografiado leyendas que son figuras ic\u00f3nicas en las artes marciales mixtas y el grappling. Kazushi Sakuraba no necesita presentaci\u00f3n: uno de los grapplers\/luchadores de MMA m\u00e1s ic\u00f3nicos de todos los tiempos, con victorias legendarias sobre la Familia Gracie, una victoria en el primer torneo de UFC Jap\u00f3n y una carrera hist\u00f3rica como la mayor atracci\u00f3n en Pride, el espect\u00e1culo de MMA m\u00e1s grande que ha existido jam\u00e1s. El atractivo de Sakuraba siempre ha sido su capacidad para trascender el simple deporte de la lucha y elevarlo a una forma de arte humano en sus actuaciones legendarias, a menudo con una sonrisa ir\u00f3nica en su rostro. Esto est\u00e1 perfectamente plasmado en esta imagen que elegimos, tomada de su ic\u00f3nico choque de una hora con la leyenda que es Royce Gracie en el Pride GP 2000.<\/p>\n","protected":false},"excerpt":{"rendered":"<p>Colaboraci\u00f3n con Susumu Nagao Calidad premium, fabricado en Europa Edici\u00f3n limitada \/ Licencia oficial<\/p>\n","protected":false},"featured_media":60124,"comment_status":"open","ping_status":"closed","template":"","meta":{"_editorskit_title_hidden":false,"_editorskit_reading_time":0,"_editorskit_is_block_options_detached":false,"_editorskit_block_options_position":"{}"},"product_brand":[],"product_cat":[210,336,190,186],"product_tag":[],"giftcard-category":[],"class_list":{"0":"post-73971","1":"product","2":"type-product","3":"status-publish","4":"has-post-thumbnail","6":"product_cat-camisetas","7":"product_cat-mma-es","8":"product_cat-ropa-casual","9":"product_cat-todos-los-productos","11":"first","12":"outofstock","13":"taxable","14":"shipping-taxable","15":"purchasable","16":"product-type-variable"},"_links":{"self":[{"href":"https:\/\/scramblestuff.com\/eu\/es\/wp-json\/wp\/v2\/product\/73971","targetHints":{"allow":["GET"]}}],"collection":[{"href":"https:\/\/scramblestuff.com\/eu\/es\/wp-json\/wp\/v2\/product"}],"about":[{"href":"https:\/\/scramblestuff.com\/eu\/es\/wp-json\/wp\/v2\/types\/product"}],"replies":[{"embeddable":true,"href":"https:\/\/scramblestuff.com\/eu\/es\/wp-json\/wp\/v2\/comments?post=73971"}],"wp:featuredmedia":[{"embeddable":true,"href":"https:\/\/scramblestuff.com\/eu\/es\/wp-json\/wp\/v2\/media\/60124"}],"wp:attachment":[{"href":"https:\/\/scramblestuff.com\/eu\/es\/wp-json\/wp\/v2\/media?parent=73971"}],"wp:term":[{"taxonomy":"product_brand","embeddable":true,"href":"https:\/\/scramblestuff.com\/eu\/es\/wp-json\/wp\/v2\/product_brand?post=73971"},{"taxonomy":"product_cat","embeddable":true,"href":"https:\/\/scramblestuff.com\/eu\/es\/wp-json\/wp\/v2\/product_cat?post=73971"},{"taxonomy":"product_tag","embeddable":true,"href":"https:\/\/scramblestuff.com\/eu\/es\/wp-json\/wp\/v2\/product_tag?post=73971"},{"taxonomy":"giftcard-category","embeddable":true,"href":"https:\/\/scramblestuff.com\/eu\/es\/wp-json\/wp\/v2\/giftcard-category?post=73971"}],"curies":[{"name":"wp","href":"https:\/\/api.w.org\/{rel}","templated":true}]}}