{"id":74089,"date":"2022-11-16T15:18:29","date_gmt":"2022-12-27T17:49:42","guid":{"rendered":"https:\/\/scramblestuff.com\/eu\/p\/scramball\/"},"modified":"2022-12-27T17:49:42","modified_gmt":"2022-12-27T17:49:42","slug":"scramball-2","status":"publish","type":"product","link":"https:\/\/scramblestuff.com\/eu\/es\/p\/scramball-2\/","title":{"rendered":"Scramball"},"content":{"rendered":"<p>Todos sabemos que BJJ es el mejor deporte del mundo, seguido de cerca por MMA, pero aqu\u00ed en Scramble, el f\u00fatbol ocupa un muy cercano cuarto lugar seguido del ultimate frisbee. No mucha gente disfruta correr, pero perseguir una pelota es mucho m\u00e1s divertido. Los perros lo hacen, \u00a1ahora t\u00fa tambi\u00e9n puedes! Se acerca la copa del mundo (o ya sucedi\u00f3, dependiendo de cu\u00e1ndo leas esto), y estamos s\u00faper emocionados de ver a Inglaterra ser eliminada en los cuartos de final (o ya lo hemos estado, lo que sea). Para celebrar, hemos creado un art\u00edculo de colecci\u00f3n de edici\u00f3n limitada que nunca se volver\u00e1 a ver SCRAMBALL. Ll\u00e9nalo de aire, pat\u00e9alo, hazlo rebotar contra las paredes, hazle cosquillas en el orificio de la bomba. las opciones son infinitas.<\/p>\n<p>Cada pelota viene con una bolsa para botas que tambi\u00e9n se puede usar como una bolsa gi, para que puedas regatear a este chico malo hasta el gimnasio. Fuera de bromas, hemos fabricado este bal\u00f3n de f\u00fatbol con los est\u00e1ndares m\u00e1s altos posibles, por lo que si realmente desea usarlo en el parque, para su equipo de la liga dominical o para hacer ejercicios de mantenimiento por su cuenta, puede estar seguro de que estar\u00e1 haci\u00e9ndolo con una pelota de partido de alta calidad.<\/p>\n","protected":false},"excerpt":{"rendered":"<p>La Scramball<br \/>\n&#8211; Talla 5, 420 g para igualar el peso reglamentario de la Premiership<br \/>\n&#8211; Cuero PU termoadherido<br \/>\n&#8211; Ranuras moldeadas para mayor estabilidad en vuelo<br \/>\n&#8211; Para todo clima<br \/>\n&#8211; Puedes dibujarle una carita sonriente y ponerle un nombre si est\u00e1s varado en una isla desierta<\/p>\n","protected":false},"featured_media":72678,"comment_status":"open","ping_status":"closed","template":"","meta":{"_editorskit_title_hidden":false,"_editorskit_reading_time":0,"_editorskit_is_block_options_detached":false,"_editorskit_block_options_position":"{}"},"product_brand":[],"product_cat":[182,27,186,232],"product_tag":[],"giftcard-category":[],"class_list":{"0":"post-74089","1":"product","2":"type-product","3":"status-publish","4":"has-post-thumbnail","6":"product_cat-accesorios","7":"product_cat-sale","8":"product_cat-todos-los-productos","9":"product_cat-venta","11":"first","12":"instock","13":"sale","14":"taxable","15":"shipping-taxable","16":"purchasable","17":"product-type-simple"},"_links":{"self":[{"href":"https:\/\/scramblestuff.com\/eu\/es\/wp-json\/wp\/v2\/product\/74089","targetHints":{"allow":["GET"]}}],"collection":[{"href":"https:\/\/scramblestuff.com\/eu\/es\/wp-json\/wp\/v2\/product"}],"about":[{"href":"https:\/\/scramblestuff.com\/eu\/es\/wp-json\/wp\/v2\/types\/product"}],"replies":[{"embeddable":true,"href":"https:\/\/scramblestuff.com\/eu\/es\/wp-json\/wp\/v2\/comments?post=74089"}],"wp:featuredmedia":[{"embeddable":true,"href":"https:\/\/scramblestuff.com\/eu\/es\/wp-json\/wp\/v2\/media\/72678"}],"wp:attachment":[{"href":"https:\/\/scramblestuff.com\/eu\/es\/wp-json\/wp\/v2\/media?parent=74089"}],"wp:term":[{"taxonomy":"product_brand","embeddable":true,"href":"https:\/\/scramblestuff.com\/eu\/es\/wp-json\/wp\/v2\/product_brand?post=74089"},{"taxonomy":"product_cat","embeddable":true,"href":"https:\/\/scramblestuff.com\/eu\/es\/wp-json\/wp\/v2\/product_cat?post=74089"},{"taxonomy":"product_tag","embeddable":true,"href":"https:\/\/scramblestuff.com\/eu\/es\/wp-json\/wp\/v2\/product_tag?post=74089"},{"taxonomy":"giftcard-category","embeddable":true,"href":"https:\/\/scramblestuff.com\/eu\/es\/wp-json\/wp\/v2\/giftcard-category?post=74089"}],"curies":[{"name":"wp","href":"https:\/\/api.w.org\/{rel}","templated":true}]}}