{"id":76920,"date":"2023-01-18T10:17:23","date_gmt":"2023-06-09T09:06:08","guid":{"rendered":"https:\/\/scramblestuff.com\/eu\/p\/scramble-grip-trainers\/"},"modified":"2023-07-21T09:09:02","modified_gmt":"2023-07-21T08:09:02","slug":"scramble-grip-trainers-new","status":"publish","type":"product","link":"https:\/\/scramblestuff.com\/eu\/es\/p\/scramble-grip-trainers-new\/","title":{"rendered":"Scramble Grip Trainers"},"content":{"rendered":"<p><em>A menudo imitado, nunca superado. Ahora con una solapa a\u00f1adida &#8211; a la espera de la copia de marcas inferiores.<\/em><\/p>\n<p>\u00bfNo odias cuando un tipo realmente grande con un bigote incre\u00edble te estrecha la mano y te la convierte en polvo? \u00bfNo te gustar\u00eda tener un agarre como Tom Selleck?<\/p>\n<p>Bueno, puedes tener el agarre definitivo para acabar con todos los dem\u00e1s agarres gracias al Scramble Grip Trainer.<\/p>\n<p>Trabajamos juntos durante bastante tiempo para encontrar la forma m\u00e1s sencilla de construir el grip trainer m\u00e1s efectivo. Y este es el resultado. Est\u00e1 confeccionado con un resistente tejido perlado de kimono BJJ de 550 g\/m\u00b2 y se adhiere f\u00e1cilmente a barras de dominadas, pesas rusas y art\u00edculos similares.<\/p>\n<p>Practica tu empu\u00f1adura de solapa, empu\u00f1adura de protecci\u00f3n de ara\u00f1a, empu\u00f1adura de pistola o joystick&#8230; las posibilidades son infinitas. Cualquier agarre que puedas hacer sobre tu oponente, puedes hacerlo sobre esto.<\/p>\n<p>Mejora la fuerza de agarre para jiu jitsu, judo, no gi e incluso MMA con el Scramble Grip Trainer.<\/p>\n<p>Cada pedido recibe un par de grip trainers, es decir, dos (2) grip trainers.<\/p>\n","protected":false},"excerpt":{"rendered":"<p>Entrenamiento de agarre especializado para BJJ Su construcci\u00f3n simple brinda fuerza y \u200b\u200bdurabilidad Obtenga ese apret\u00f3n de manos ultra poderoso y triturador de huesos tan importante<\/p>\n","protected":false},"featured_media":87615,"comment_status":"open","ping_status":"closed","template":"","meta":{"_editorskit_title_hidden":false,"_editorskit_reading_time":0,"_editorskit_is_block_options_detached":false,"_editorskit_block_options_position":"{}"},"product_brand":[],"product_cat":[182,186],"product_tag":[],"giftcard-category":[],"class_list":{"0":"post-76920","1":"product","2":"type-product","3":"status-publish","4":"has-post-thumbnail","6":"product_cat-accesorios","7":"product_cat-todos-los-productos","9":"first","10":"instock","11":"taxable","12":"shipping-taxable","13":"purchasable","14":"product-type-simple"},"_links":{"self":[{"href":"https:\/\/scramblestuff.com\/eu\/es\/wp-json\/wp\/v2\/product\/76920","targetHints":{"allow":["GET"]}}],"collection":[{"href":"https:\/\/scramblestuff.com\/eu\/es\/wp-json\/wp\/v2\/product"}],"about":[{"href":"https:\/\/scramblestuff.com\/eu\/es\/wp-json\/wp\/v2\/types\/product"}],"replies":[{"embeddable":true,"href":"https:\/\/scramblestuff.com\/eu\/es\/wp-json\/wp\/v2\/comments?post=76920"}],"wp:featuredmedia":[{"embeddable":true,"href":"https:\/\/scramblestuff.com\/eu\/es\/wp-json\/wp\/v2\/media\/87615"}],"wp:attachment":[{"href":"https:\/\/scramblestuff.com\/eu\/es\/wp-json\/wp\/v2\/media?parent=76920"}],"wp:term":[{"taxonomy":"product_brand","embeddable":true,"href":"https:\/\/scramblestuff.com\/eu\/es\/wp-json\/wp\/v2\/product_brand?post=76920"},{"taxonomy":"product_cat","embeddable":true,"href":"https:\/\/scramblestuff.com\/eu\/es\/wp-json\/wp\/v2\/product_cat?post=76920"},{"taxonomy":"product_tag","embeddable":true,"href":"https:\/\/scramblestuff.com\/eu\/es\/wp-json\/wp\/v2\/product_tag?post=76920"},{"taxonomy":"giftcard-category","embeddable":true,"href":"https:\/\/scramblestuff.com\/eu\/es\/wp-json\/wp\/v2\/giftcard-category?post=76920"}],"curies":[{"name":"wp","href":"https:\/\/api.w.org\/{rel}","templated":true}]}}