{"id":76922,"date":"2022-11-29T11:16:19","date_gmt":"2022-11-29T11:16:19","guid":{"rendered":"https:\/\/scramblestuff.com\/eu\/p\/scramble-core-shorts-black\/"},"modified":"2023-08-02T19:58:48","modified_gmt":"2023-08-02T18:58:48","slug":"scramble-core-shorts-black","status":"publish","type":"product","link":"https:\/\/scramblestuff.com\/eu\/es\/p\/scramble-core-shorts-black\/","title":{"rendered":"Scramble Core Shorts &#8211; Black"},"content":{"rendered":"<div>\n<p>Nuestros shorts Base fueron dise\u00f1ados con sutileza y simplicidad en mente, con enfoque en un corte atl\u00e9tico, materiales de buena calidad y una construcci\u00f3n impecable. Los Base Shorts est\u00e1n dise\u00f1ados para el entrenamiento de grappling, no-gi y MMA, as\u00ed como para cualquier actividad atl\u00e9tica. Son ce\u00f1idos al cuerpo con cintura el\u00e1stica y combinan bien con ropa interior ajustada al igual que nuestros shorts vale tudo.<\/p>\n<\/div>\n<div>Estos son pantalones cortos negros de agarre que cumplen con las pautas de IBJJF para el estilo no-gi. El proceso de impresi\u00f3n est\u00e1 sublimado, as\u00ed que puedes contar con que los gr\u00e1ficos nunca se desvanecer\u00e1n, despegar\u00e1n, agrietar\u00e1n ni explotar\u00e1n.<\/div>\n","protected":false},"excerpt":{"rendered":"<div>Nuevo estilo &#8211; sin velcro, m\u00e1s ajustado<br \/>\nMateriales de primera<br \/>\nEstirable con un rango libre de movimiento.<\/div>\n<div>La impresi\u00f3n por sublimaci\u00f3n nunca se agrieta, pela ni se desvanece<\/div>\n","protected":false},"featured_media":74961,"comment_status":"open","ping_status":"closed","template":"","meta":{"_editorskit_title_hidden":false,"_editorskit_reading_time":0,"_editorskit_is_block_options_detached":false,"_editorskit_block_options_position":"{}"},"product_brand":[],"product_cat":[214,345,336,235,186],"product_tag":[],"giftcard-category":[],"class_list":{"0":"post-76922","1":"product","2":"type-product","3":"status-publish","4":"has-post-thumbnail","6":"product_cat-desgaste-de-lucha","7":"product_cat-grappling-shorts-es","8":"product_cat-mma-es","9":"product_cat-mma-bermudas","10":"product_cat-todos-los-productos","12":"first","13":"outofstock","14":"taxable","15":"shipping-taxable","16":"purchasable","17":"product-type-variable"},"_links":{"self":[{"href":"https:\/\/scramblestuff.com\/eu\/es\/wp-json\/wp\/v2\/product\/76922","targetHints":{"allow":["GET"]}}],"collection":[{"href":"https:\/\/scramblestuff.com\/eu\/es\/wp-json\/wp\/v2\/product"}],"about":[{"href":"https:\/\/scramblestuff.com\/eu\/es\/wp-json\/wp\/v2\/types\/product"}],"replies":[{"embeddable":true,"href":"https:\/\/scramblestuff.com\/eu\/es\/wp-json\/wp\/v2\/comments?post=76922"}],"wp:featuredmedia":[{"embeddable":true,"href":"https:\/\/scramblestuff.com\/eu\/es\/wp-json\/wp\/v2\/media\/74961"}],"wp:attachment":[{"href":"https:\/\/scramblestuff.com\/eu\/es\/wp-json\/wp\/v2\/media?parent=76922"}],"wp:term":[{"taxonomy":"product_brand","embeddable":true,"href":"https:\/\/scramblestuff.com\/eu\/es\/wp-json\/wp\/v2\/product_brand?post=76922"},{"taxonomy":"product_cat","embeddable":true,"href":"https:\/\/scramblestuff.com\/eu\/es\/wp-json\/wp\/v2\/product_cat?post=76922"},{"taxonomy":"product_tag","embeddable":true,"href":"https:\/\/scramblestuff.com\/eu\/es\/wp-json\/wp\/v2\/product_tag?post=76922"},{"taxonomy":"giftcard-category","embeddable":true,"href":"https:\/\/scramblestuff.com\/eu\/es\/wp-json\/wp\/v2\/giftcard-category?post=76922"}],"curies":[{"name":"wp","href":"https:\/\/api.w.org\/{rel}","templated":true}]}}