{"id":76930,"date":"2022-11-27T13:37:09","date_gmt":"2023-06-09T10:09:52","guid":{"rendered":"https:\/\/scramblestuff.com\/eu\/p\/female-senshu-rashguard\/"},"modified":"2023-06-27T13:14:15","modified_gmt":"2023-06-27T12:14:15","slug":"female-senshu-rashguard","status":"publish","type":"product","link":"https:\/\/scramblestuff.com\/eu\/es\/p\/female-senshu-rashguard\/","title":{"rendered":"Female Senshu Rashguard"},"content":{"rendered":"<p>La l\u00ednea Senshu es un nuevo concepto de Scramble. Equipo de entrenamiento y competici\u00f3n de nivel profesional probado y testeado por nuestro equipo de atletas profesionales de jiu-jitsu y MMA. La l\u00ednea Senshu es utilizada por atletas en los niveles m\u00e1s altos de grappling competitivo, jiu-jitsu y MMA, incluyendo ADCC y Polaris.<\/p>\n<p>Aprovechando m\u00e1s de una d\u00e9cada en la industria, hemos desarrollado la l\u00ednea Senshu para satisfacer las necesidades del atleta profesional al mismo tiempo que atendemos al aficionado de todos los d\u00edas en el gimnasio.<\/p>\n<p>La l\u00ednea de la temporada 22\/23 presenta una paleta de colores neutros, patrones sutiles dentro de los bloques de color y nuestra firma de fusi\u00f3n de estilos tradicionales japoneses con una tipograf\u00eda audaz occidental.<\/p>\n","protected":false},"excerpt":{"rendered":"<p>Parte del lanzamiento \u00abSenshu\u00bb 22\/23<br \/>\nProbado y confiable por atletas profesionales<br \/>\nCalidad superior del todo<\/p>\n","protected":false},"featured_media":88877,"comment_status":"open","ping_status":"closed","template":"","meta":{"_editorskit_title_hidden":false,"_editorskit_reading_time":0,"_editorskit_is_block_options_detached":false,"_editorskit_block_options_position":"{}"},"product_brand":[],"product_cat":[214,239,337,27,186,232],"product_tag":[459],"giftcard-category":[],"class_list":{"0":"post-76930","1":"product","2":"type-product","3":"status-publish","4":"has-post-thumbnail","6":"product_cat-desgaste-de-lucha","7":"product_cat-mujeres","8":"product_cat-rashguards-es","9":"product_cat-sale","10":"product_cat-todos-los-productos","11":"product_cat-venta","12":"product_tag-senshu-es","14":"first","15":"outofstock","16":"taxable","17":"shipping-taxable","18":"purchasable","19":"product-type-variable"},"_links":{"self":[{"href":"https:\/\/scramblestuff.com\/eu\/es\/wp-json\/wp\/v2\/product\/76930","targetHints":{"allow":["GET"]}}],"collection":[{"href":"https:\/\/scramblestuff.com\/eu\/es\/wp-json\/wp\/v2\/product"}],"about":[{"href":"https:\/\/scramblestuff.com\/eu\/es\/wp-json\/wp\/v2\/types\/product"}],"replies":[{"embeddable":true,"href":"https:\/\/scramblestuff.com\/eu\/es\/wp-json\/wp\/v2\/comments?post=76930"}],"wp:featuredmedia":[{"embeddable":true,"href":"https:\/\/scramblestuff.com\/eu\/es\/wp-json\/wp\/v2\/media\/88877"}],"wp:attachment":[{"href":"https:\/\/scramblestuff.com\/eu\/es\/wp-json\/wp\/v2\/media?parent=76930"}],"wp:term":[{"taxonomy":"product_brand","embeddable":true,"href":"https:\/\/scramblestuff.com\/eu\/es\/wp-json\/wp\/v2\/product_brand?post=76930"},{"taxonomy":"product_cat","embeddable":true,"href":"https:\/\/scramblestuff.com\/eu\/es\/wp-json\/wp\/v2\/product_cat?post=76930"},{"taxonomy":"product_tag","embeddable":true,"href":"https:\/\/scramblestuff.com\/eu\/es\/wp-json\/wp\/v2\/product_tag?post=76930"},{"taxonomy":"giftcard-category","embeddable":true,"href":"https:\/\/scramblestuff.com\/eu\/es\/wp-json\/wp\/v2\/giftcard-category?post=76930"}],"curies":[{"name":"wp","href":"https:\/\/api.w.org\/{rel}","templated":true}]}}