{"id":76952,"date":"2022-11-29T15:02:18","date_gmt":"2023-06-11T20:03:11","guid":{"rendered":"https:\/\/scramblestuff.com\/eu\/p\/strong-beard-tee-v3\/"},"modified":"2024-06-04T22:27:23","modified_gmt":"2024-06-04T21:27:23","slug":"strong-beard-tee-v3","status":"publish","type":"product","link":"https:\/\/scramblestuff.com\/eu\/es\/p\/strong-beard-tee-v3\/","title":{"rendered":"Strong Beard Tee V3"},"content":{"rendered":"<p>La camiseta Scramble Strong Beard es uno de nuestros productos m\u00e1s legendarios, ya que se concibi\u00f3 casi como una novedad al principio por algo que dijo un amigo (\u00a1barba fuerte, lucha fuerte!) Vol\u00f3 de los estantes y se agot\u00f3 casi instant\u00e1neamente hace mucho tiempo. Ha aparecido en muchas variaciones a lo largo de los a\u00f1os, pero lo que realmente la distingui\u00f3 fue cuando Tom Hardy la us\u00f3 para algunas entrevistas. Tom Hardy con una camiseta Scramble Strong Beard = grandes noticias. Todos los d\u00edas nos abruma la gente que busca \u00abTom Hardy Scramble Beard Tee\u00bb, as\u00ed que aqu\u00ed est\u00e1 de nuevo, en 100 % algod\u00f3n org\u00e1nico supersuave y pesado. Tambi\u00e9n a\u00f1adimos algunos cent\u00edmetros de largo para ayudar a cubrir tu barriga cervecera (seg\u00fan las estad\u00edsticas, las barbas y las barrigas cerveceras tienen una fuerte superposici\u00f3n) O para evitar que se suba cuando te acaricias tu magn\u00edfica melena. \u00a1Nunca mentir, nunca hacer trampa, nunca rendirse, nunca afeitarse!<\/p>\n","protected":false},"excerpt":{"rendered":"<p>La Legendaria Scramble Strong Beard Tee<\/p>\n<p>Ajuste y estructura mejorados<br \/>\nMultiplicador de da\u00f1o si se usa con barba<\/p>\n","protected":false},"featured_media":73263,"comment_status":"open","ping_status":"closed","template":"","meta":{"_editorskit_title_hidden":false,"_editorskit_reading_time":0,"_editorskit_is_block_options_detached":false,"_editorskit_block_options_position":"{}"},"product_brand":[],"product_cat":[210,190,27,186,232],"product_tag":[],"giftcard-category":[],"class_list":{"0":"post-76952","1":"product","2":"type-product","3":"status-publish","4":"has-post-thumbnail","6":"product_cat-camisetas","7":"product_cat-ropa-casual","8":"product_cat-sale","9":"product_cat-todos-los-productos","10":"product_cat-venta","12":"first","13":"outofstock","14":"taxable","15":"shipping-taxable","16":"purchasable","17":"product-type-variable"},"_links":{"self":[{"href":"https:\/\/scramblestuff.com\/eu\/es\/wp-json\/wp\/v2\/product\/76952","targetHints":{"allow":["GET"]}}],"collection":[{"href":"https:\/\/scramblestuff.com\/eu\/es\/wp-json\/wp\/v2\/product"}],"about":[{"href":"https:\/\/scramblestuff.com\/eu\/es\/wp-json\/wp\/v2\/types\/product"}],"replies":[{"embeddable":true,"href":"https:\/\/scramblestuff.com\/eu\/es\/wp-json\/wp\/v2\/comments?post=76952"}],"wp:featuredmedia":[{"embeddable":true,"href":"https:\/\/scramblestuff.com\/eu\/es\/wp-json\/wp\/v2\/media\/73263"}],"wp:attachment":[{"href":"https:\/\/scramblestuff.com\/eu\/es\/wp-json\/wp\/v2\/media?parent=76952"}],"wp:term":[{"taxonomy":"product_brand","embeddable":true,"href":"https:\/\/scramblestuff.com\/eu\/es\/wp-json\/wp\/v2\/product_brand?post=76952"},{"taxonomy":"product_cat","embeddable":true,"href":"https:\/\/scramblestuff.com\/eu\/es\/wp-json\/wp\/v2\/product_cat?post=76952"},{"taxonomy":"product_tag","embeddable":true,"href":"https:\/\/scramblestuff.com\/eu\/es\/wp-json\/wp\/v2\/product_tag?post=76952"},{"taxonomy":"giftcard-category","embeddable":true,"href":"https:\/\/scramblestuff.com\/eu\/es\/wp-json\/wp\/v2\/giftcard-category?post=76952"}],"curies":[{"name":"wp","href":"https:\/\/api.w.org\/{rel}","templated":true}]}}