{"id":76964,"date":"2023-03-04T13:40:58","date_gmt":"2023-06-11T20:30:59","guid":{"rendered":"https:\/\/scramblestuff.com\/eu\/p\/hearts-cropped-tank-top-burgundy\/"},"modified":"2023-06-19T10:29:40","modified_gmt":"2023-06-19T09:29:40","slug":"hearts-cropped-tank-top-burgundy","status":"publish","type":"product","link":"https:\/\/scramblestuff.com\/eu\/es\/p\/hearts-cropped-tank-top-burgundy\/","title":{"rendered":"Hearts Cropped Tank Top &#8211; Burgundy"},"content":{"rendered":"<p>Nuestra colecci\u00f3n HEARTS es una l\u00ednea de ropa deportiva especialmente dise\u00f1ada para mujeres, creada por nuestra dise\u00f1adora interna Maya con la consulta de nuestro amplio equipo de atletas femeninas. Dise\u00f1ada para complementarse en colores, esta colecci\u00f3n ofrece telas te\u00f1idas de inmersi\u00f3n (lo que significa que NO se vuelven transparentes, son 100% resistentes a sentadillas y ejercicios) con una marca sutil.<\/p>\n<p>Perfecta para el gimnasio y actividades diarias, trata esta colecci\u00f3n de ropa deportiva de la misma manera que tratar\u00edas tus leggings\/mallas y sujetadores deportivos favoritos. Tambi\u00e9n resistir\u00e1n al entrenamiento sin gi y son perfectos como capa adicional debajo del kimono.<\/p>\n<p>Este es un sujetador deportivo de alto soporte de color burdeos en tela de doble capa\/transpirable, que incluye relleno removible.<\/p>\n","protected":false},"excerpt":{"rendered":"<p>Dise\u00f1ado e influenciado por nuestras atletas femeninas<br \/>\nParte frontal cerrada, espalda transpirable<br \/>\nAcabado suave\/fresco en el material<br \/>\nSujetador deportivo de soporte medio<\/p>\n","protected":false},"featured_media":87810,"comment_status":"open","ping_status":"closed","template":"","meta":{"_editorskit_title_hidden":false,"_editorskit_reading_time":0,"_editorskit_is_block_options_detached":false,"_editorskit_block_options_position":"{}"},"product_brand":[],"product_cat":[239,27,186,232],"product_tag":[445],"giftcard-category":[],"class_list":{"0":"post-76964","1":"product","2":"type-product","3":"status-publish","4":"has-post-thumbnail","6":"product_cat-mujeres","7":"product_cat-sale","8":"product_cat-todos-los-productos","9":"product_cat-venta","10":"product_tag-hearts-es","12":"first","13":"instock","14":"taxable","15":"shipping-taxable","16":"purchasable","17":"product-type-variable"},"_links":{"self":[{"href":"https:\/\/scramblestuff.com\/eu\/es\/wp-json\/wp\/v2\/product\/76964","targetHints":{"allow":["GET"]}}],"collection":[{"href":"https:\/\/scramblestuff.com\/eu\/es\/wp-json\/wp\/v2\/product"}],"about":[{"href":"https:\/\/scramblestuff.com\/eu\/es\/wp-json\/wp\/v2\/types\/product"}],"replies":[{"embeddable":true,"href":"https:\/\/scramblestuff.com\/eu\/es\/wp-json\/wp\/v2\/comments?post=76964"}],"wp:featuredmedia":[{"embeddable":true,"href":"https:\/\/scramblestuff.com\/eu\/es\/wp-json\/wp\/v2\/media\/87810"}],"wp:attachment":[{"href":"https:\/\/scramblestuff.com\/eu\/es\/wp-json\/wp\/v2\/media?parent=76964"}],"wp:term":[{"taxonomy":"product_brand","embeddable":true,"href":"https:\/\/scramblestuff.com\/eu\/es\/wp-json\/wp\/v2\/product_brand?post=76964"},{"taxonomy":"product_cat","embeddable":true,"href":"https:\/\/scramblestuff.com\/eu\/es\/wp-json\/wp\/v2\/product_cat?post=76964"},{"taxonomy":"product_tag","embeddable":true,"href":"https:\/\/scramblestuff.com\/eu\/es\/wp-json\/wp\/v2\/product_tag?post=76964"},{"taxonomy":"giftcard-category","embeddable":true,"href":"https:\/\/scramblestuff.com\/eu\/es\/wp-json\/wp\/v2\/giftcard-category?post=76964"}],"curies":[{"name":"wp","href":"https:\/\/api.w.org\/{rel}","templated":true}]}}