{"id":76970,"date":"2023-03-04T13:52:38","date_gmt":"2023-06-11T20:42:24","guid":{"rendered":"https:\/\/scramblestuff.com\/eu\/p\/hearts-sports-bra-black\/"},"modified":"2023-06-19T09:07:48","modified_gmt":"2023-06-19T08:07:48","slug":"hearts-sports-bra-black","status":"publish","type":"product","link":"https:\/\/scramblestuff.com\/eu\/es\/p\/hearts-sports-bra-black\/","title":{"rendered":"Hearts Sports Bra &#8211; Black"},"content":{"rendered":"<p>HEARTS es nuestra gama de ropa deportiva para mujer especialmente dise\u00f1ada por nuestra dise\u00f1adora interna Maya y con el asesoramiento de nuestro gran equipo de atletas femeninas. Dise\u00f1ada para ser complementaria en color, esta gama ofrece todos los tejidos te\u00f1idos por inmersi\u00f3n (es decir, NO se traslucen, son 100% resistentes al ejercicio y estiramiento) con branding sutil.<\/p>\n<p>Perfecta para el gimnasio y las actividades diarias, trate esta colecci\u00f3n de ropa deportiva de la misma manera que tratar\u00eda sus mallas\/medias y sujetadores deportivos favoritos. Tambi\u00e9n resistir\u00e1n el entrenamiento sin gi y son perfectos para esa capa adicional debajo del kimono.<\/p>\n<p>Se trata de un sujetador deportivo de color negro con dise\u00f1o cruzado en la parte delantera, tejido bicapa\/transpirable, que incluye relleno extra\u00edble.<\/p>\n","protected":false},"excerpt":{"rendered":"<p>Dise\u00f1ado e influenciado por nuestras atletas femeninas<br \/>\nFrente cerrado, espalda transpirable<br \/>\nAcabado suave\/fr\u00edo en el material<br \/>\nSujetador deportivo de soporte medio<\/p>\n","protected":false},"featured_media":87730,"comment_status":"open","ping_status":"closed","template":"","meta":{"_editorskit_title_hidden":false,"_editorskit_reading_time":0,"_editorskit_is_block_options_detached":false,"_editorskit_block_options_position":"{}"},"product_brand":[],"product_cat":[239,27,186,232],"product_tag":[445],"giftcard-category":[],"class_list":{"0":"post-76970","1":"product","2":"type-product","3":"status-publish","4":"has-post-thumbnail","6":"product_cat-mujeres","7":"product_cat-sale","8":"product_cat-todos-los-productos","9":"product_cat-venta","10":"product_tag-hearts-es","12":"first","13":"instock","14":"taxable","15":"shipping-taxable","16":"purchasable","17":"product-type-variable"},"_links":{"self":[{"href":"https:\/\/scramblestuff.com\/eu\/es\/wp-json\/wp\/v2\/product\/76970","targetHints":{"allow":["GET"]}}],"collection":[{"href":"https:\/\/scramblestuff.com\/eu\/es\/wp-json\/wp\/v2\/product"}],"about":[{"href":"https:\/\/scramblestuff.com\/eu\/es\/wp-json\/wp\/v2\/types\/product"}],"replies":[{"embeddable":true,"href":"https:\/\/scramblestuff.com\/eu\/es\/wp-json\/wp\/v2\/comments?post=76970"}],"wp:featuredmedia":[{"embeddable":true,"href":"https:\/\/scramblestuff.com\/eu\/es\/wp-json\/wp\/v2\/media\/87730"}],"wp:attachment":[{"href":"https:\/\/scramblestuff.com\/eu\/es\/wp-json\/wp\/v2\/media?parent=76970"}],"wp:term":[{"taxonomy":"product_brand","embeddable":true,"href":"https:\/\/scramblestuff.com\/eu\/es\/wp-json\/wp\/v2\/product_brand?post=76970"},{"taxonomy":"product_cat","embeddable":true,"href":"https:\/\/scramblestuff.com\/eu\/es\/wp-json\/wp\/v2\/product_cat?post=76970"},{"taxonomy":"product_tag","embeddable":true,"href":"https:\/\/scramblestuff.com\/eu\/es\/wp-json\/wp\/v2\/product_tag?post=76970"},{"taxonomy":"giftcard-category","embeddable":true,"href":"https:\/\/scramblestuff.com\/eu\/es\/wp-json\/wp\/v2\/giftcard-category?post=76970"}],"curies":[{"name":"wp","href":"https:\/\/api.w.org\/{rel}","templated":true}]}}