{"id":77129,"date":"2023-03-04T14:09:50","date_gmt":"2023-06-19T08:54:19","guid":{"rendered":"https:\/\/scramblestuff.com\/eu\/p\/hearts-seamless-training-leggings-black\/"},"modified":"2026-02-03T14:39:35","modified_gmt":"2026-02-03T14:39:35","slug":"hearts-seamless-training-leggings-black","status":"publish","type":"product","link":"https:\/\/scramblestuff.com\/eu\/es\/p\/hearts-seamless-training-leggings-black\/","title":{"rendered":"Hearts Seamless Training Leggings &#8211; Black"},"content":{"rendered":"<p>Nuestra l\u00ednea HEARTS es una gama de ropa deportiva especialmente dise\u00f1ada para mujeres, creada por nuestra dise\u00f1adora interna Maya con la consulta de nuestro amplio equipo de atletas femeninas. Dise\u00f1ada para combinar colores, esta l\u00ednea ofrece telas te\u00f1idas de inmersi\u00f3n (lo que significa que NO se vuelven transparentes, son 100% resistentes a las sentadillas y al ejercicio) con una marca sutil.<\/p>\n<p>Perfecta para el gimnasio y actividades diarias, trata esta colecci\u00f3n de ropa deportiva de la misma manera que tratar\u00edas tus leggings\/mallas y sujetadores deportivos favoritos. Tambi\u00e9n resistir\u00e1n al entrenamiento sin gi y son perfectos como capa adicional debajo del kimono.<\/p>\n<p>Estos son unos leggings\/pantalones largos 100% resistentes a las sentadillas, hechos de un material te\u00f1ido de inmersi\u00f3n completamente negro que NO se volver\u00e1 transparente al realizar movimientos completos, desde sentadillas hasta movimientos intensos en el suelo.<\/p>\n","protected":false},"excerpt":{"rendered":"<p>Dise\u00f1ado e influenciado por nuestras atletas femeninas<br \/>\n100% resistente a las sentadillas, no transparente<br \/>\nTela con acabado Peach<br \/>\nParte frontal sin costuras<\/p>\n","protected":false},"featured_media":87765,"comment_status":"open","ping_status":"closed","template":"","meta":{"_editorskit_title_hidden":false,"_editorskit_reading_time":0,"_editorskit_is_block_options_detached":false,"_editorskit_block_options_position":"{}"},"product_brand":[],"product_cat":[239,363,186,232],"product_tag":[445],"giftcard-category":[],"class_list":{"0":"post-77129","1":"product","2":"type-product","3":"status-publish","4":"has-post-thumbnail","6":"product_cat-mujeres","7":"product_cat-spats-tights-es","8":"product_cat-todos-los-productos","9":"product_cat-venta","10":"product_tag-hearts-es","12":"first","13":"instock","14":"taxable","15":"shipping-taxable","16":"purchasable","17":"product-type-variable"},"_links":{"self":[{"href":"https:\/\/scramblestuff.com\/eu\/es\/wp-json\/wp\/v2\/product\/77129","targetHints":{"allow":["GET"]}}],"collection":[{"href":"https:\/\/scramblestuff.com\/eu\/es\/wp-json\/wp\/v2\/product"}],"about":[{"href":"https:\/\/scramblestuff.com\/eu\/es\/wp-json\/wp\/v2\/types\/product"}],"replies":[{"embeddable":true,"href":"https:\/\/scramblestuff.com\/eu\/es\/wp-json\/wp\/v2\/comments?post=77129"}],"wp:featuredmedia":[{"embeddable":true,"href":"https:\/\/scramblestuff.com\/eu\/es\/wp-json\/wp\/v2\/media\/87765"}],"wp:attachment":[{"href":"https:\/\/scramblestuff.com\/eu\/es\/wp-json\/wp\/v2\/media?parent=77129"}],"wp:term":[{"taxonomy":"product_brand","embeddable":true,"href":"https:\/\/scramblestuff.com\/eu\/es\/wp-json\/wp\/v2\/product_brand?post=77129"},{"taxonomy":"product_cat","embeddable":true,"href":"https:\/\/scramblestuff.com\/eu\/es\/wp-json\/wp\/v2\/product_cat?post=77129"},{"taxonomy":"product_tag","embeddable":true,"href":"https:\/\/scramblestuff.com\/eu\/es\/wp-json\/wp\/v2\/product_tag?post=77129"},{"taxonomy":"giftcard-category","embeddable":true,"href":"https:\/\/scramblestuff.com\/eu\/es\/wp-json\/wp\/v2\/giftcard-category?post=77129"}],"curies":[{"name":"wp","href":"https:\/\/api.w.org\/{rel}","templated":true}]}}