{"id":77135,"date":"2023-03-04T14:16:06","date_gmt":"2023-06-19T09:18:34","guid":{"rendered":"https:\/\/scramblestuff.com\/eu\/p\/hearts-combination-shorts-grey-burgundy\/"},"modified":"2023-06-19T10:43:02","modified_gmt":"2023-06-19T09:43:02","slug":"hearts-combination-shorts-grey-burgundy","status":"publish","type":"product","link":"https:\/\/scramblestuff.com\/eu\/es\/p\/hearts-combination-shorts-grey-burgundy\/","title":{"rendered":"Hearts Combination Shorts &#8211; Grey\/Burgundy"},"content":{"rendered":"<p>Nuestra colecci\u00f3n HEARTS es una l\u00ednea de ropa deportiva especialmente dise\u00f1ada para mujeres, creada por nuestra dise\u00f1adora interna Maya con la consulta de nuestro amplio equipo de atletas femeninas. Dise\u00f1ada para combinar colores, esta colecci\u00f3n ofrece telas te\u00f1idas de inmersi\u00f3n (lo que significa que no se vuelven transparentes, son 100% resistentes a sentadillas y ejercicios) con una marca sutil.<\/p>\n<p>Perfecta para el gimnasio y actividades diarias, trata esta colecci\u00f3n de ropa deportiva de la misma manera que tratar\u00edas tus mallas\/leggings y sujetadores deportivos favoritos. Tambi\u00e9n son adecuados para entrenamiento sin gi y son perfectos como capa adicional debajo del kimono.<\/p>\n<p>Estos son unos shorts de estilo femenino de doble capa y mallas interiores, perfectos para actividades atl\u00e9ticas, el gimnasio y el jiu-jitsu sin gi.<\/p>\n","protected":false},"excerpt":{"rendered":"<p>Dise\u00f1ado e influenciado por nuestras atletas femeninas<br \/>\nShorts atl\u00e9ticos de doble capa<br \/>\nMarca sutil<\/p>\n","protected":false},"featured_media":87750,"comment_status":"open","ping_status":"closed","template":"","meta":{"_editorskit_title_hidden":false,"_editorskit_reading_time":0,"_editorskit_is_block_options_detached":false,"_editorskit_block_options_position":"{}"},"product_brand":[],"product_cat":[206,239,27,186,232],"product_tag":[445],"giftcard-category":[],"class_list":{"0":"post-77135","1":"product","2":"type-product","3":"status-publish","4":"has-post-thumbnail","6":"product_cat-bermudas","7":"product_cat-mujeres","8":"product_cat-sale","9":"product_cat-todos-los-productos","10":"product_cat-venta","11":"product_tag-hearts-es","13":"first","14":"instock","15":"taxable","16":"shipping-taxable","17":"purchasable","18":"product-type-variable"},"_links":{"self":[{"href":"https:\/\/scramblestuff.com\/eu\/es\/wp-json\/wp\/v2\/product\/77135","targetHints":{"allow":["GET"]}}],"collection":[{"href":"https:\/\/scramblestuff.com\/eu\/es\/wp-json\/wp\/v2\/product"}],"about":[{"href":"https:\/\/scramblestuff.com\/eu\/es\/wp-json\/wp\/v2\/types\/product"}],"replies":[{"embeddable":true,"href":"https:\/\/scramblestuff.com\/eu\/es\/wp-json\/wp\/v2\/comments?post=77135"}],"wp:featuredmedia":[{"embeddable":true,"href":"https:\/\/scramblestuff.com\/eu\/es\/wp-json\/wp\/v2\/media\/87750"}],"wp:attachment":[{"href":"https:\/\/scramblestuff.com\/eu\/es\/wp-json\/wp\/v2\/media?parent=77135"}],"wp:term":[{"taxonomy":"product_brand","embeddable":true,"href":"https:\/\/scramblestuff.com\/eu\/es\/wp-json\/wp\/v2\/product_brand?post=77135"},{"taxonomy":"product_cat","embeddable":true,"href":"https:\/\/scramblestuff.com\/eu\/es\/wp-json\/wp\/v2\/product_cat?post=77135"},{"taxonomy":"product_tag","embeddable":true,"href":"https:\/\/scramblestuff.com\/eu\/es\/wp-json\/wp\/v2\/product_tag?post=77135"},{"taxonomy":"giftcard-category","embeddable":true,"href":"https:\/\/scramblestuff.com\/eu\/es\/wp-json\/wp\/v2\/giftcard-category?post=77135"}],"curies":[{"name":"wp","href":"https:\/\/api.w.org\/{rel}","templated":true}]}}