{"id":77141,"date":"2023-03-04T14:24:41","date_gmt":"2023-03-04T14:24:41","guid":{"rendered":"https:\/\/scramblestuff.com\/eu\/p\/hearts-seamless-training-shorts-black\/"},"modified":"2023-06-19T10:42:40","modified_gmt":"2023-06-19T09:42:40","slug":"hearts-seamless-training-shorts-black","status":"publish","type":"product","link":"https:\/\/scramblestuff.com\/eu\/es\/p\/hearts-seamless-training-shorts-black\/","title":{"rendered":"Hearts Seamless Training Shorts &#8211; Black"},"content":{"rendered":"<p>Nuestra colecci\u00f3n HEARTS es una l\u00ednea de ropa deportiva especialmente dise\u00f1ada para mujeres, creada por nuestra dise\u00f1adora interna Maya con consulta de nuestro amplio equipo de atletas femeninas. Dise\u00f1ada para combinar colores, esta l\u00ednea ofrece telas te\u00f1idas de inmersi\u00f3n (lo que significa que NO se vuelven transparentes, son 100% resistentes a las sentadillas y al ejercicio) con una marca sutil.<\/p>\n<p>Perfecta para el gimnasio y actividades diarias, trata esta colecci\u00f3n de ropa deportiva de la misma manera que tratar\u00edas tus leggings\/mallas y sujetadores deportivos favoritos. Tambi\u00e9n son ideales para el entrenamiento sin gi y son perfectos como capa adicional debajo del kimono.<\/p>\n<p>Estos son unos shorts\/pantalones cortos 100% resistentes a las sentadillas, hechos de un material te\u00f1ido de inmersi\u00f3n completamente negro que NO se volver\u00e1 transparente al realizar movimientos completos, desde sentadillas hasta agarres intensos.<\/p>\n","protected":false},"excerpt":{"rendered":"<p>Dise\u00f1ados e influenciados por nuestras atletas femeninas<br \/>\n100% resistentes a las sentadillas: no transparentes<br \/>\nTela con acabado Peach<br \/>\nMarca sutil<\/p>\n","protected":false},"featured_media":87790,"comment_status":"open","ping_status":"closed","template":"","meta":{"_editorskit_title_hidden":false,"_editorskit_reading_time":0,"_editorskit_is_block_options_detached":false,"_editorskit_block_options_position":"{}"},"product_brand":[],"product_cat":[206,214,239,27,186,232],"product_tag":[445],"giftcard-category":[],"class_list":{"0":"post-77141","1":"product","2":"type-product","3":"status-publish","4":"has-post-thumbnail","6":"product_cat-bermudas","7":"product_cat-desgaste-de-lucha","8":"product_cat-mujeres","9":"product_cat-sale","10":"product_cat-todos-los-productos","11":"product_cat-venta","12":"product_tag-hearts-es","14":"first","15":"instock","16":"taxable","17":"shipping-taxable","18":"purchasable","19":"product-type-variable"},"_links":{"self":[{"href":"https:\/\/scramblestuff.com\/eu\/es\/wp-json\/wp\/v2\/product\/77141","targetHints":{"allow":["GET"]}}],"collection":[{"href":"https:\/\/scramblestuff.com\/eu\/es\/wp-json\/wp\/v2\/product"}],"about":[{"href":"https:\/\/scramblestuff.com\/eu\/es\/wp-json\/wp\/v2\/types\/product"}],"replies":[{"embeddable":true,"href":"https:\/\/scramblestuff.com\/eu\/es\/wp-json\/wp\/v2\/comments?post=77141"}],"wp:featuredmedia":[{"embeddable":true,"href":"https:\/\/scramblestuff.com\/eu\/es\/wp-json\/wp\/v2\/media\/87790"}],"wp:attachment":[{"href":"https:\/\/scramblestuff.com\/eu\/es\/wp-json\/wp\/v2\/media?parent=77141"}],"wp:term":[{"taxonomy":"product_brand","embeddable":true,"href":"https:\/\/scramblestuff.com\/eu\/es\/wp-json\/wp\/v2\/product_brand?post=77141"},{"taxonomy":"product_cat","embeddable":true,"href":"https:\/\/scramblestuff.com\/eu\/es\/wp-json\/wp\/v2\/product_cat?post=77141"},{"taxonomy":"product_tag","embeddable":true,"href":"https:\/\/scramblestuff.com\/eu\/es\/wp-json\/wp\/v2\/product_tag?post=77141"},{"taxonomy":"giftcard-category","embeddable":true,"href":"https:\/\/scramblestuff.com\/eu\/es\/wp-json\/wp\/v2\/giftcard-category?post=77141"}],"curies":[{"name":"wp","href":"https:\/\/api.w.org\/{rel}","templated":true}]}}