{"id":77153,"date":"2023-03-03T12:18:16","date_gmt":"2023-03-03T12:18:16","guid":{"rendered":"https:\/\/scramblestuff.com\/eu\/p\/kihon-belt-blue\/"},"modified":"2025-06-16T18:01:26","modified_gmt":"2025-06-16T17:01:26","slug":"kihon-belt-blue","status":"publish","type":"product","link":"https:\/\/scramblestuff.com\/eu\/es\/p\/kihon-belt-blue\/","title":{"rendered":"Kihon Belt &#8211; Blue"},"content":{"rendered":"<p>Estos cinturones de jiu-jitsu son perfectos para atar tu gi. No son tan buenos para el no-gi, pero eso est\u00e1 bien, porque el no-gi es el jiu-jitsu del diablo y Helio est\u00e1 frunciendo el ce\u00f1o decepcionado desde el cielo cada vez que lo haces. Presentan materiales de algod\u00f3n de alta calidad y una pesta\u00f1a especial de rango con tejido de perlas que le da una textura agradable, ideal para atar tu cintur\u00f3n bien apretado para que ning\u00fan cintur\u00f3n blanco pueda estrangularte con \u00e9l.<\/p>\n<p>A0 \u2013 225cm<\/p>\n<p>A1 \u2013 255cm<\/p>\n<p>A2 \u2013 290cm<\/p>\n<p>A3 \u2013 305cm<\/p>\n<p>A4 \u2013 320cm<\/p>\n","protected":false},"excerpt":{"rendered":"<p>Materiales y acabado premium<br \/>\nParche de caligraf\u00eda \u201cTanren\u201d personalizado<br \/>\nBarra de tejido de perlas \u00fanica en su tipo<\/p>\n","protected":false},"featured_media":87170,"comment_status":"open","ping_status":"closed","template":"","meta":{"_editorskit_title_hidden":false,"_editorskit_reading_time":0,"_editorskit_is_block_options_detached":false,"_editorskit_block_options_position":"{}"},"product_brand":[],"product_cat":[218,186],"product_tag":[],"giftcard-category":[],"class_list":{"0":"post-77153","1":"product","2":"type-product","3":"status-publish","4":"has-post-thumbnail","6":"product_cat-bjj-cinturones","7":"product_cat-todos-los-productos","9":"first","10":"instock","11":"taxable","12":"shipping-taxable","13":"purchasable","14":"product-type-variable"},"_links":{"self":[{"href":"https:\/\/scramblestuff.com\/eu\/es\/wp-json\/wp\/v2\/product\/77153","targetHints":{"allow":["GET"]}}],"collection":[{"href":"https:\/\/scramblestuff.com\/eu\/es\/wp-json\/wp\/v2\/product"}],"about":[{"href":"https:\/\/scramblestuff.com\/eu\/es\/wp-json\/wp\/v2\/types\/product"}],"replies":[{"embeddable":true,"href":"https:\/\/scramblestuff.com\/eu\/es\/wp-json\/wp\/v2\/comments?post=77153"}],"wp:featuredmedia":[{"embeddable":true,"href":"https:\/\/scramblestuff.com\/eu\/es\/wp-json\/wp\/v2\/media\/87170"}],"wp:attachment":[{"href":"https:\/\/scramblestuff.com\/eu\/es\/wp-json\/wp\/v2\/media?parent=77153"}],"wp:term":[{"taxonomy":"product_brand","embeddable":true,"href":"https:\/\/scramblestuff.com\/eu\/es\/wp-json\/wp\/v2\/product_brand?post=77153"},{"taxonomy":"product_cat","embeddable":true,"href":"https:\/\/scramblestuff.com\/eu\/es\/wp-json\/wp\/v2\/product_cat?post=77153"},{"taxonomy":"product_tag","embeddable":true,"href":"https:\/\/scramblestuff.com\/eu\/es\/wp-json\/wp\/v2\/product_tag?post=77153"},{"taxonomy":"giftcard-category","embeddable":true,"href":"https:\/\/scramblestuff.com\/eu\/es\/wp-json\/wp\/v2\/giftcard-category?post=77153"}],"curies":[{"name":"wp","href":"https:\/\/api.w.org\/{rel}","templated":true}]}}