{"id":77339,"date":"2023-05-03T12:25:06","date_gmt":"2023-06-28T09:46:03","guid":{"rendered":"https:\/\/scramblestuff.com\/eu\/p\/reorg-x-scramble-peace-tee\/"},"modified":"2023-06-28T10:46:03","modified_gmt":"2023-06-28T09:46:03","slug":"reorg-x-scramble-peace-tee","status":"publish","type":"product","link":"https:\/\/scramblestuff.com\/eu\/es\/p\/reorg-x-scramble-peace-tee\/","title":{"rendered":"Reorg X Scramble Peace Tee"},"content":{"rendered":"<p>Parte de la edici\u00f3n limitada Scramble x Reorg.<\/p>\n<p>100% algod\u00f3n, fabricado en la UE.<\/p>\n<p>Una parte de cada art\u00edculo vendido en esta colecci\u00f3n se destinar\u00e1 a apoyar el bienestar f\u00edsico y mental de los veteranos, militares y personal de servicios de emergencia a trav\u00e9s del trabajo de REORG.<\/p>\n<p>Nos enorgullece presentar nuestra primera colaboraci\u00f3n con la organizaci\u00f3n ben\u00e9fica Reorg. Dise\u00f1ada en estrecha colaboraci\u00f3n con miembros clave de Reorg, incluido el fideicomisario y defensor del jiu-jitsu Tom Hardy, y con la obra de arte de nuestro amigo Nemanja Bogdanov, junto con el equipo de dise\u00f1o interno de Scramble, esta colecci\u00f3n es discreta pero lo suficientemente audaz como para resaltar.<\/p>\n<p><a class=\"autolinked\" href=\"https:\/\/reorgcharity.com\/\" target=\"_blank\" rel=\"noopener noreferrer\" data-behavior=\"truncate\">https:\/\/reorgcharity.com\/<\/a><\/p>\n<p>Reorg ayuda a los veteranos y al personal de servicio en su bienestar f\u00edsico y mental, entre otras cosas, ayud\u00e1ndoles a encontrar lugares para entrenar el arte del jiu-jitsu, del cual muchos informan que es extremadamente beneficioso.<\/p>\n","protected":false},"excerpt":{"rendered":"<p>Colaboraci\u00f3n Reorg x Scramble edici\u00f3n limitada<br \/>\nAjustado, fabricado en la UE<br \/>\nObra de arte de Nemanja Bogdanov<\/p>\n","protected":false},"featured_media":76021,"comment_status":"open","ping_status":"closed","template":"","meta":{"_editorskit_title_hidden":false,"_editorskit_reading_time":0,"_editorskit_is_block_options_detached":false,"_editorskit_block_options_position":"{}"},"product_brand":[],"product_cat":[210,460,186,232],"product_tag":[461],"giftcard-category":[],"class_list":{"0":"post-77339","1":"product","2":"type-product","3":"status-publish","4":"has-post-thumbnail","6":"product_cat-camisetas","7":"product_cat-caridad","8":"product_cat-todos-los-productos","9":"product_cat-venta","10":"product_tag-reorg-es","12":"first","13":"outofstock","14":"taxable","15":"shipping-taxable","16":"purchasable","17":"product-type-variable"},"_links":{"self":[{"href":"https:\/\/scramblestuff.com\/eu\/es\/wp-json\/wp\/v2\/product\/77339","targetHints":{"allow":["GET"]}}],"collection":[{"href":"https:\/\/scramblestuff.com\/eu\/es\/wp-json\/wp\/v2\/product"}],"about":[{"href":"https:\/\/scramblestuff.com\/eu\/es\/wp-json\/wp\/v2\/types\/product"}],"replies":[{"embeddable":true,"href":"https:\/\/scramblestuff.com\/eu\/es\/wp-json\/wp\/v2\/comments?post=77339"}],"wp:featuredmedia":[{"embeddable":true,"href":"https:\/\/scramblestuff.com\/eu\/es\/wp-json\/wp\/v2\/media\/76021"}],"wp:attachment":[{"href":"https:\/\/scramblestuff.com\/eu\/es\/wp-json\/wp\/v2\/media?parent=77339"}],"wp:term":[{"taxonomy":"product_brand","embeddable":true,"href":"https:\/\/scramblestuff.com\/eu\/es\/wp-json\/wp\/v2\/product_brand?post=77339"},{"taxonomy":"product_cat","embeddable":true,"href":"https:\/\/scramblestuff.com\/eu\/es\/wp-json\/wp\/v2\/product_cat?post=77339"},{"taxonomy":"product_tag","embeddable":true,"href":"https:\/\/scramblestuff.com\/eu\/es\/wp-json\/wp\/v2\/product_tag?post=77339"},{"taxonomy":"giftcard-category","embeddable":true,"href":"https:\/\/scramblestuff.com\/eu\/es\/wp-json\/wp\/v2\/giftcard-category?post=77339"}],"curies":[{"name":"wp","href":"https:\/\/api.w.org\/{rel}","templated":true}]}}