{"id":77392,"date":"2023-05-25T14:30:17","date_gmt":"2023-06-28T10:08:55","guid":{"rendered":"https:\/\/scramblestuff.com\/eu\/p\/athlite-6-black\/"},"modified":"2025-08-28T12:50:19","modified_gmt":"2025-08-28T11:50:19","slug":"athlite-6-black","status":"publish","type":"product","link":"https:\/\/scramblestuff.com\/eu\/es\/p\/athlite-6-black\/","title":{"rendered":"Athlite Gi 6 &#8211; Black"},"content":{"rendered":"<p>El Athlite es el gi de competencia insignia de Scramble, una versi\u00f3n sutil pero elegante del kimono de competencia, con un aspecto limpio y fresco. Hecho con altos est\u00e1ndares, el gi es ligero pero resistente, capaz de soportar entrenamientos de competici\u00f3n y las esteras de la competencia. Disponible en tres colores para adaptarse a cada ocasi\u00f3n y competencia. Esta es la sexta generaci\u00f3n de Athlite, que trae consigo nuestros a\u00f1os de innovaci\u00f3n y dise\u00f1o de vanguardia.<\/p>\n","protected":false},"excerpt":{"rendered":"<ul>\n<li>Chaqueta de tejido de perlas de algod\u00f3n de 350 GSM<\/li>\n<li>Pantalones ripstop de 10 oz<\/li>\n<\/ul>\n","protected":false},"featured_media":86550,"comment_status":"open","ping_status":"closed","template":"","meta":{"_editorskit_title_hidden":false,"_editorskit_reading_time":0,"_editorskit_is_block_options_detached":false,"_editorskit_block_options_position":"{}"},"product_brand":[],"product_cat":[322,214,186,232],"product_tag":[465],"giftcard-category":[],"class_list":{"0":"post-77392","1":"product","2":"type-product","3":"status-publish","4":"has-post-thumbnail","6":"product_cat-bjj-gi-es","7":"product_cat-desgaste-de-lucha","8":"product_cat-todos-los-productos","9":"product_cat-venta","10":"product_tag-athlite6-es","12":"first","13":"outofstock","14":"taxable","15":"shipping-taxable","16":"purchasable","17":"product-type-variable"},"_links":{"self":[{"href":"https:\/\/scramblestuff.com\/eu\/es\/wp-json\/wp\/v2\/product\/77392","targetHints":{"allow":["GET"]}}],"collection":[{"href":"https:\/\/scramblestuff.com\/eu\/es\/wp-json\/wp\/v2\/product"}],"about":[{"href":"https:\/\/scramblestuff.com\/eu\/es\/wp-json\/wp\/v2\/types\/product"}],"replies":[{"embeddable":true,"href":"https:\/\/scramblestuff.com\/eu\/es\/wp-json\/wp\/v2\/comments?post=77392"}],"wp:featuredmedia":[{"embeddable":true,"href":"https:\/\/scramblestuff.com\/eu\/es\/wp-json\/wp\/v2\/media\/86550"}],"wp:attachment":[{"href":"https:\/\/scramblestuff.com\/eu\/es\/wp-json\/wp\/v2\/media?parent=77392"}],"wp:term":[{"taxonomy":"product_brand","embeddable":true,"href":"https:\/\/scramblestuff.com\/eu\/es\/wp-json\/wp\/v2\/product_brand?post=77392"},{"taxonomy":"product_cat","embeddable":true,"href":"https:\/\/scramblestuff.com\/eu\/es\/wp-json\/wp\/v2\/product_cat?post=77392"},{"taxonomy":"product_tag","embeddable":true,"href":"https:\/\/scramblestuff.com\/eu\/es\/wp-json\/wp\/v2\/product_tag?post=77392"},{"taxonomy":"giftcard-category","embeddable":true,"href":"https:\/\/scramblestuff.com\/eu\/es\/wp-json\/wp\/v2\/giftcard-category?post=77392"}],"curies":[{"name":"wp","href":"https:\/\/api.w.org\/{rel}","templated":true}]}}